{"id":9760,"date":"2021-04-10T21:58:47","date_gmt":"2021-04-10T19:58:47","guid":{"rendered":"https:\/\/bgc-muenchen.de\/?page_id=9760"},"modified":"2022-09-24T00:43:43","modified_gmt":"2022-09-23T22:43:43","slug":"mv-2021","status":"publish","type":"page","link":"https:\/\/bgc-muenchen.de\/?page_id=9760","title":{"rendered":"MV 2021"},"content":{"rendered":"<h2>Mitgliederversammlung am 12.5.2021 um 19:00 Uhr<\/h2>\n<p>Das unterzeichnete Protokoll der Mitgliederversammlung steht rechts zum Download bereit. Unser herzlicher Dank geb\u00fchrt Dagobert L\u00fctzenburger f\u00fcr die Unterst\u00fctzung bei der Entlastung und der Neuwahl des 1. Vorsitzenden und Heinz Dittrich f\u00fcr die Protokollf\u00fchrung.<\/p>\n<p>Die Aufzeichnung der Mitgliederversammlung ist nachfolgend verf\u00fcgbar. Angesichts der Gr\u00f6\u00dfe der Videodatei kann es\u00a0 etwas dauern, bis das Video abgespielt werden kann.<\/p>\n<div style=\"width: 640px;\" class=\"wp-video\"><video class=\"wp-video-shortcode\" id=\"video-9760-1\" width=\"640\" height=\"360\" preload=\"metadata\" controls=\"controls\"><source type=\"video\/mp4\" src=\"https:\/\/bgc-muenchen.de\/videos\/BGC_20210512_MV.mp4?_=1\" \/><a href=\"https:\/\/bgc-muenchen.de\/videos\/BGC_20210512_MV.mp4\">https:\/\/bgc-muenchen.de\/videos\/BGC_20210512_MV.mp4<\/a><\/video><\/div>\n<h2>Unterlagen zum Download<\/h2>\n<p><a href=\"https:\/\/bgc-muenchen.de\/wp-content\/uploads\/2021\/05\/BGC-2021-MV-Protokoll_unterzeichnet.pdf\" target=\"_blank\" rel=\"noopener\"><strong>Protokoll der Mitgliederversammlung<\/strong><\/a><\/p>\n<p><strong><a href=\"https:\/\/bgc-muenchen.de\/wp-content\/uploads\/2021\/04\/BGC-MV-20210409-Einladung-zur-Mitgliederversammlung.pdf\" target=\"_blank\" rel=\"noopener\">Einladung zur Mitgliederversammlung<\/a><\/strong><\/p>\n<p><a href=\"https:\/\/bgc-muenchen.de\/wp-content\/uploads\/2021\/05\/BGC-2021-MV-Anleitung-Zoom.pdf\" target=\"_blank\" rel=\"noopener\"><strong>Anleitung f\u00fcr Zoom-Meetings<\/strong><\/a><\/p>\n<h4>Top 5 &#8211; Bericht der Vorst\u00e4nde und Kassenpr\u00fcfer<\/h4>\n<p><a href=\"https:\/\/bgc-muenchen.de\/wp-content\/uploads\/2021\/05\/BGC-2021-MV-Bericht-des-1.-Vorsitzenden_unterzeichnet.pdf\" target=\"_blank\" rel=\"noopener\"><strong>Bericht des 1. Vorsitzenden<\/strong><\/a><\/p>\n<p><a href=\"https:\/\/bgc-muenchen.de\/wp-content\/uploads\/2021\/05\/BGC-2021-MV-Bericht-der-2.-Vorsitzenden_unterzeichnet.pdf\" target=\"_blank\" rel=\"nofollow noopener\"><strong>Bericht der 2. Vorsitzenden<\/strong><\/a><\/p>\n<p><a href=\"https:\/\/bgc-muenchen.de\/wp-content\/uploads\/2021\/05\/BGC-2021-MV-Bericht-der-3.-Vorsitzenden_unterschrieben.pdf\" target=\"_blank\" rel=\"noopener\"><strong>Bericht der 3. Vorsitzenden<\/strong><\/a><\/p>\n<p>Bericht \u00fcber den Jahresabschlu\u00df 2020 ist im Bericht des 1. Vorsitzenden enthalten<\/p>\n<ul>\n<li><a href=\"https:\/\/bgc-muenchen.de\/wp-content\/uploads\/2021\/05\/BGC-2021-MV-EA-2020.pdf\" target=\"_blank\" rel=\"noopener\"><strong>Einnahme-\/Ausgaben\u00fcberschu\u00dfrechnung<\/strong><\/a><\/li>\n<li><a href=\"https:\/\/bgc-muenchen.de\/wp-content\/uploads\/2021\/05\/BGC-2021-MV-Kontenuebersicht-2020.pdf\" target=\"_blank\" rel=\"noopener\"><strong>Konten\u00fcbersicht<\/strong><\/a><\/li>\n<li><a href=\"https:\/\/bgc-muenchen.de\/wp-content\/uploads\/2021\/05\/BGC-2021-MV-Liquiditaetsbericht-2020.pdf\" target=\"_blank\" rel=\"noopener\"><strong>Liquidit\u00e4tsbericht<\/strong><\/a><\/li>\n<\/ul>\n<p><a title=\"https:\/\/bgc-muenchen.de\/wp-content\/uploads\/2021\/05\/BGC-2021-MV-Kontenuebersicht-2020.pdf\" href=\"https:\/\/bgc-muenchen.de\/wp-content\/uploads\/2021\/05\/BGC-2021-MV-Kassenprueferbericht.pdf\" target=\"_blank\" rel=\"noopener\"><strong>Bericht der Kassenpr\u00fcfer<\/strong><\/a><\/p>\n<h4>Top 7 &#8211; Genehmigung des Haushaltsplanes f\u00fcr 2021<\/h4>\n<p><a href=\"https:\/\/bgc-muenchen.de\/wp-content\/uploads\/2021\/05\/BGC-2021-MV-Vorschlag-Haushalt.pdf\" target=\"_blank\" rel=\"noopener\"><strong>Vorschlag f\u00fcr den Haushaltsplan 2021<\/strong><\/a><\/p>\n<p><a href=\"https:\/\/bgc-muenchen.de\/wp-content\/uploads\/2021\/05\/BGC-2021-MV-Vorstellung-des-Haushaltsplanes-fuer-2021.pdf\" target=\"_blank\" rel=\"noopener\"><strong>Erl\u00e4uterung des Haushaltsplanes 2021<\/strong><\/a><\/p>\n<h4>Top 10 &#8211; Mitgliedsbeitrag unter Corona-Bedingungen<\/h4>\n<p><a href=\"https:\/\/bgc-muenchen.de\/wp-content\/uploads\/2021\/05\/BGC-2021-MV-Mitgliedsbeitraege-unter-Coronabedinguen.pdf\" target=\"_blank\" rel=\"noopener\"><strong>Zusammenfassung der rechtlichen Situation<\/strong><\/a><\/p>\n<h4>Download Gesamt-Paket<\/h4>\n<p><a href=\"https:\/\/bgc-muenchen.de\/wp-content\/uploads\/2021\/05\/BGC-MV-2021-1.zip\" target=\"_blank\" rel=\"noopener\"><strong>Download aller Berichte und Finanzunterlagen<\/strong><\/a><\/p>\n","protected":false},"excerpt":{"rendered":"<p>Mitgliederversammlung am 12.5.2021 um 19:00 Uhr Das unterzeichnete Protokoll der Mitgliederversammlung steht rechts zum Download bereit. Unser herzlicher Dank geb\u00fchrt Dagobert L\u00fctzenburger f\u00fcr die Unterst\u00fctzung bei der Entlastung und der [&hellip;]<\/p>\n","protected":false},"author":3,"featured_media":0,"parent":0,"menu_order":0,"comment_status":"closed","ping_status":"closed","template":"elementor_header_footer","meta":{"site-sidebar-layout":"default","site-content-layout":"","ast-site-content-layout":"default","site-content-style":"default","site-sidebar-style":"default","ast-global-header-display":"","ast-banner-title-visibility":"","ast-main-header-display":"","ast-hfb-above-header-display":"","ast-hfb-below-header-display":"","ast-hfb-mobile-header-display":"","site-post-title":"","ast-breadcrumbs-content":"","ast-featured-img":"","footer-sml-layout":"","ast-disable-related-posts":"","theme-transparent-header-meta":"","adv-header-id-meta":"","stick-header-meta":"","header-above-stick-meta":"","header-main-stick-meta":"","header-below-stick-meta":"","astra-migrate-meta-layouts":"default","ast-page-background-enabled":"default","ast-page-background-meta":{"desktop":{"background-color":"var(--ast-global-color-5)","background-image":"","background-repeat":"repeat","background-position":"center center","background-size":"auto","background-attachment":"scroll","background-type":"","background-media":"","overlay-type":"","overlay-color":"","overlay-opacity":"","overlay-gradient":""},"tablet":{"background-color":"","background-image":"","background-repeat":"repeat","background-position":"center center","background-size":"auto","background-attachment":"scroll","background-type":"","background-media":"","overlay-type":"","overlay-color":"","overlay-opacity":"","overlay-gradient":""},"mobile":{"background-color":"","background-image":"","background-repeat":"repeat","background-position":"center center","background-size":"auto","background-attachment":"scroll","background-type":"","background-media":"","overlay-type":"","overlay-color":"","overlay-opacity":"","overlay-gradient":""}},"ast-content-background-meta":{"desktop":{"background-color":"var(--ast-global-color-4)","background-image":"","background-repeat":"repeat","background-position":"center center","background-size":"auto","background-attachment":"scroll","background-type":"","background-media":"","overlay-type":"","overlay-color":"","overlay-opacity":"","overlay-gradient":""},"tablet":{"background-color":"var(--ast-global-color-4)","background-image":"","background-repeat":"repeat","background-position":"center center","background-size":"auto","background-attachment":"scroll","background-type":"","background-media":"","overlay-type":"","overlay-color":"","overlay-opacity":"","overlay-gradient":""},"mobile":{"background-color":"var(--ast-global-color-4)","background-image":"","background-repeat":"repeat","background-position":"center center","background-size":"auto","background-attachment":"scroll","background-type":"","background-media":"","overlay-type":"","overlay-color":"","overlay-opacity":"","overlay-gradient":""}},"footnotes":""},"class_list":["post-9760","page","type-page","status-publish","hentry"],"_links":{"self":[{"href":"https:\/\/bgc-muenchen.de\/index.php?rest_route=\/wp\/v2\/pages\/9760","targetHints":{"allow":["GET"]}}],"collection":[{"href":"https:\/\/bgc-muenchen.de\/index.php?rest_route=\/wp\/v2\/pages"}],"about":[{"href":"https:\/\/bgc-muenchen.de\/index.php?rest_route=\/wp\/v2\/types\/page"}],"author":[{"embeddable":true,"href":"https:\/\/bgc-muenchen.de\/index.php?rest_route=\/wp\/v2\/users\/3"}],"replies":[{"embeddable":true,"href":"https:\/\/bgc-muenchen.de\/index.php?rest_route=%2Fwp%2Fv2%2Fcomments&post=9760"}],"version-history":[{"count":5,"href":"https:\/\/bgc-muenchen.de\/index.php?rest_route=\/wp\/v2\/pages\/9760\/revisions"}],"predecessor-version":[{"id":14091,"href":"https:\/\/bgc-muenchen.de\/index.php?rest_route=\/wp\/v2\/pages\/9760\/revisions\/14091"}],"wp:attachment":[{"href":"https:\/\/bgc-muenchen.de\/index.php?rest_route=%2Fwp%2Fv2%2Fmedia&parent=9760"}],"curies":[{"name":"wp","href":"https:\/\/api.w.org\/{rel}","templated":true}]}}