{"id":6603,"date":"2020-06-16T21:48:14","date_gmt":"2020-06-16T19:48:14","guid":{"rendered":"https:\/\/bgc-muenchen.de\/?page_id=6603"},"modified":"2022-12-16T12:56:56","modified_gmt":"2022-12-16T11:56:56","slug":"kursangebot-intern","status":"publish","type":"page","link":"https:\/\/bgc-muenchen.de\/?page_id=6603","title":{"rendered":"Trainingsangebot"},"content":{"rendered":"<p>Die Teilnahme an den Trainingseinheiten kann \u00fcber die jeweilige Detailseite der Trainingseinheit (Trainingsangebot \/ Tag) gebucht werden. Die Trainingseinheit ist fr\u00fchestens 21 Tage im voraus buchbar. Die Buchungsfrist endet am Kurstag um 9:00 Uhr des jeweiligen Kurstages. Das System versendet als erstes eine Best\u00e4tigung der Buchungsanfrage. Nach Genehmigung durch den Vorstand erhaltet Ihr eine Buchgungsbest\u00e4tgiung. Wenn Ihr verhindert seid, und Eure Buchung stornieren m\u00fcsst, dann k\u00f6nnt Ihr das \u00fcber die Seite <a href=\"https:\/\/bgc-muenchen.de\/veranstaltungen__trashed\/meine-buchungen\/\" target=\"_blank\" rel=\"noopener noreferrer\"><strong>Meine Buchungen<\/strong><\/a> durchf\u00fchren.\u00a0 Auf der jeweiligen Seite der Trainingseinheit wird Euch angezeigt, wieviele Pl\u00e4tze bereits fest gebucht sind.<\/p>\n<h3>Trainingseinheiten nach Kategorien<\/h3>\n<p>Eine Auswahl der Trainingseinheiten auf Basis von Kategorien ist <a href=\"https:\/\/bgc-muenchen.de\/kursangebot-nach-kategorien\/\"><strong>hier<\/strong><\/a> m\u00f6glich.<\/p>\n<h3>Trainingseinheiten in den n\u00e4chsten Wochen<\/h3>\n<p><code>[events_list_grouped mode=\"weekly\" ]<\/code><code><\/code><\/p>\n<h3>Kalenderansicht<\/h3>\n<p><code>[events_calendar long_events=1 full=0 ]<\/code><code><\/code><\/p>\n<p>&nbsp;<\/p>\n","protected":false},"excerpt":{"rendered":"<p>Die Teilnahme an den Trainingseinheiten kann \u00fcber die jeweilige Detailseite der Trainingseinheit (Trainingsangebot \/ Tag) gebucht werden. Die Trainingseinheit ist fr\u00fchestens 21 Tage im voraus buchbar. Die Buchungsfrist endet am [&hellip;]<\/p>\n","protected":false},"author":3,"featured_media":0,"parent":0,"menu_order":0,"comment_status":"closed","ping_status":"closed","template":"template-full.php","meta":{"site-sidebar-layout":"default","site-content-layout":"","ast-site-content-layout":"default","site-content-style":"default","site-sidebar-style":"default","ast-global-header-display":"","ast-banner-title-visibility":"","ast-main-header-display":"","ast-hfb-above-header-display":"","ast-hfb-below-header-display":"","ast-hfb-mobile-header-display":"","site-post-title":"","ast-breadcrumbs-content":"","ast-featured-img":"","footer-sml-layout":"","ast-disable-related-posts":"","theme-transparent-header-meta":"","adv-header-id-meta":"","stick-header-meta":"","header-above-stick-meta":"","header-main-stick-meta":"","header-below-stick-meta":"","astra-migrate-meta-layouts":"default","ast-page-background-enabled":"default","ast-page-background-meta":{"desktop":{"background-color":"var(--ast-global-color-5)","background-image":"","background-repeat":"repeat","background-position":"center center","background-size":"auto","background-attachment":"scroll","background-type":"","background-media":"","overlay-type":"","overlay-color":"","overlay-opacity":"","overlay-gradient":""},"tablet":{"background-color":"","background-image":"","background-repeat":"repeat","background-position":"center center","background-size":"auto","background-attachment":"scroll","background-type":"","background-media":"","overlay-type":"","overlay-color":"","overlay-opacity":"","overlay-gradient":""},"mobile":{"background-color":"","background-image":"","background-repeat":"repeat","background-position":"center center","background-size":"auto","background-attachment":"scroll","background-type":"","background-media":"","overlay-type":"","overlay-color":"","overlay-opacity":"","overlay-gradient":""}},"ast-content-background-meta":{"desktop":{"background-color":"var(--ast-global-color-4)","background-image":"","background-repeat":"repeat","background-position":"center center","background-size":"auto","background-attachment":"scroll","background-type":"","background-media":"","overlay-type":"","overlay-color":"","overlay-opacity":"","overlay-gradient":""},"tablet":{"background-color":"var(--ast-global-color-4)","background-image":"","background-repeat":"repeat","background-position":"center center","background-size":"auto","background-attachment":"scroll","background-type":"","background-media":"","overlay-type":"","overlay-color":"","overlay-opacity":"","overlay-gradient":""},"mobile":{"background-color":"var(--ast-global-color-4)","background-image":"","background-repeat":"repeat","background-position":"center center","background-size":"auto","background-attachment":"scroll","background-type":"","background-media":"","overlay-type":"","overlay-color":"","overlay-opacity":"","overlay-gradient":""}},"footnotes":""},"class_list":["post-6603","page","type-page","status-publish","hentry"],"_links":{"self":[{"href":"https:\/\/bgc-muenchen.de\/index.php?rest_route=\/wp\/v2\/pages\/6603","targetHints":{"allow":["GET"]}}],"collection":[{"href":"https:\/\/bgc-muenchen.de\/index.php?rest_route=\/wp\/v2\/pages"}],"about":[{"href":"https:\/\/bgc-muenchen.de\/index.php?rest_route=\/wp\/v2\/types\/page"}],"author":[{"embeddable":true,"href":"https:\/\/bgc-muenchen.de\/index.php?rest_route=\/wp\/v2\/users\/3"}],"replies":[{"embeddable":true,"href":"https:\/\/bgc-muenchen.de\/index.php?rest_route=%2Fwp%2Fv2%2Fcomments&post=6603"}],"version-history":[{"count":5,"href":"https:\/\/bgc-muenchen.de\/index.php?rest_route=\/wp\/v2\/pages\/6603\/revisions"}],"predecessor-version":[{"id":14782,"href":"https:\/\/bgc-muenchen.de\/index.php?rest_route=\/wp\/v2\/pages\/6603\/revisions\/14782"}],"wp:attachment":[{"href":"https:\/\/bgc-muenchen.de\/index.php?rest_route=%2Fwp%2Fv2%2Fmedia&parent=6603"}],"curies":[{"name":"wp","href":"https:\/\/api.w.org\/{rel}","templated":true}]}}