{"id":6122,"date":"2020-04-04T10:42:54","date_gmt":"2020-04-04T08:42:54","guid":{"rendered":"https:\/\/bgc-muenchen.de\/?page_id=6122"},"modified":"2025-09-04T13:49:59","modified_gmt":"2025-09-04T11:49:59","slug":"anmeldung-erforderlich","status":"publish","type":"page","link":"https:\/\/bgc-muenchen.de\/?page_id=6122","title":{"rendered":"Anmeldung erforderlich"},"content":{"rendered":"<p>Der aufgerufene Inhalt ist ausschlie\u00dflich f\u00fcr angemeldete Benutzer bzw. Mitglieder zug\u00e4nglich. Sollten Sie bereits angemeldet sein, haben Sie sehr wahrscheinlich nicht die ausreichenden Berechtiungen f\u00fcr die Anzeige des Inhaltes.<\/p>\n<hr \/>\n<p>Bitte melden Sie sich mit Ihrer Benutzerkennung oder Ihrer bei uns hinterlegten Email-Adresse an: <strong>[wppb-login]<\/strong><\/p>\n<hr \/>\n<p>oder <a href=\"https:\/\/bgc-muenchen.de\/mitglieder\/registrierung\/\"><strong>registrieren sich f\u00fcr den Zugang<\/strong><\/a> zu unserer Webseite.<\/p>\n<p>Eine Registrierung auf der Webseite kann einige Zeit dauern, weil die Registrierung im System manuell vorgenommen wird, nachdem die Berechtigung f\u00fcr die Registrierung \u00fcberpr\u00fcft wurde.<\/p>\n","protected":false},"excerpt":{"rendered":"<p>Der aufgerufene Inhalt ist ausschlie\u00dflich f\u00fcr angemeldete Benutzer bzw. Mitglieder zug\u00e4nglich. Sollten Sie bereits angemeldet sein, haben Sie sehr wahrscheinlich nicht die ausreichenden Berechtiungen f\u00fcr die Anzeige des Inhaltes. Bitte [&hellip;]<\/p>\n","protected":false},"author":3,"featured_media":0,"parent":0,"menu_order":0,"comment_status":"closed","ping_status":"closed","template":"elementor_theme","meta":{"site-sidebar-layout":"default","site-content-layout":"","ast-site-content-layout":"default","site-content-style":"default","site-sidebar-style":"default","ast-global-header-display":"","ast-banner-title-visibility":"","ast-main-header-display":"","ast-hfb-above-header-display":"","ast-hfb-below-header-display":"","ast-hfb-mobile-header-display":"","site-post-title":"","ast-breadcrumbs-content":"","ast-featured-img":"","footer-sml-layout":"","ast-disable-related-posts":"","theme-transparent-header-meta":"","adv-header-id-meta":"","stick-header-meta":"","header-above-stick-meta":"","header-main-stick-meta":"","header-below-stick-meta":"","astra-migrate-meta-layouts":"default","ast-page-background-enabled":"default","ast-page-background-meta":{"desktop":{"background-color":"var(--ast-global-color-5)","background-image":"","background-repeat":"repeat","background-position":"center center","background-size":"auto","background-attachment":"scroll","background-type":"","background-media":"","overlay-type":"","overlay-color":"","overlay-opacity":"","overlay-gradient":""},"tablet":{"background-color":"","background-image":"","background-repeat":"repeat","background-position":"center center","background-size":"auto","background-attachment":"scroll","background-type":"","background-media":"","overlay-type":"","overlay-color":"","overlay-opacity":"","overlay-gradient":""},"mobile":{"background-color":"","background-image":"","background-repeat":"repeat","background-position":"center center","background-size":"auto","background-attachment":"scroll","background-type":"","background-media":"","overlay-type":"","overlay-color":"","overlay-opacity":"","overlay-gradient":""}},"ast-content-background-meta":{"desktop":{"background-color":"var(--ast-global-color-4)","background-image":"","background-repeat":"repeat","background-position":"center center","background-size":"auto","background-attachment":"scroll","background-type":"","background-media":"","overlay-type":"","overlay-color":"","overlay-opacity":"","overlay-gradient":""},"tablet":{"background-color":"var(--ast-global-color-4)","background-image":"","background-repeat":"repeat","background-position":"center center","background-size":"auto","background-attachment":"scroll","background-type":"","background-media":"","overlay-type":"","overlay-color":"","overlay-opacity":"","overlay-gradient":""},"mobile":{"background-color":"var(--ast-global-color-4)","background-image":"","background-repeat":"repeat","background-position":"center center","background-size":"auto","background-attachment":"scroll","background-type":"","background-media":"","overlay-type":"","overlay-color":"","overlay-opacity":"","overlay-gradient":""}},"footnotes":""},"class_list":["post-6122","page","type-page","status-publish","hentry"],"_links":{"self":[{"href":"https:\/\/bgc-muenchen.de\/index.php?rest_route=\/wp\/v2\/pages\/6122","targetHints":{"allow":["GET"]}}],"collection":[{"href":"https:\/\/bgc-muenchen.de\/index.php?rest_route=\/wp\/v2\/pages"}],"about":[{"href":"https:\/\/bgc-muenchen.de\/index.php?rest_route=\/wp\/v2\/types\/page"}],"author":[{"embeddable":true,"href":"https:\/\/bgc-muenchen.de\/index.php?rest_route=\/wp\/v2\/users\/3"}],"replies":[{"embeddable":true,"href":"https:\/\/bgc-muenchen.de\/index.php?rest_route=%2Fwp%2Fv2%2Fcomments&post=6122"}],"version-history":[{"count":5,"href":"https:\/\/bgc-muenchen.de\/index.php?rest_route=\/wp\/v2\/pages\/6122\/revisions"}],"predecessor-version":[{"id":14097,"href":"https:\/\/bgc-muenchen.de\/index.php?rest_route=\/wp\/v2\/pages\/6122\/revisions\/14097"}],"wp:attachment":[{"href":"https:\/\/bgc-muenchen.de\/index.php?rest_route=%2Fwp%2Fv2%2Fmedia&parent=6122"}],"curies":[{"name":"wp","href":"https:\/\/api.w.org\/{rel}","templated":true}]}}