{"id":6021,"date":"2020-03-30T23:59:13","date_gmt":"2020-03-30T21:59:13","guid":{"rendered":"https:\/\/bgc-muenchen.de\/?page_id=6021"},"modified":"2020-04-04T10:17:55","modified_gmt":"2020-04-04T08:17:55","slug":"registrierung-fuer-den-newsletter-turnierberichte","status":"publish","type":"page","link":"https:\/\/bgc-muenchen.de\/?page_id=6021","title":{"rendered":"Registrierung f\u00fcr Newsletter &#8211; Turnierberichte"},"content":{"rendered":"<p>F\u00fclle die nachfolgenden Felder aus, um Dich f\u00fcr den Newsletter <strong>Turnierberichte<\/strong> zu registrieren.<\/p>\n<p>Damit bekommst Du eine regelm\u00e4\u00dfige Benachrichtigung per Email \u00fcber neu ver\u00f6ffentliche Beitr\u00e4ge auf unsere Webseite zu diesem Thema.<\/p>\n<p>Viel Spa\u00df und vielen Dank f\u00fcr Dein Interesse.<\/p>\n<p><code>[mailpoet_form id=\"3\"]<\/code><\/p>\n","protected":false},"excerpt":{"rendered":"<p>F\u00fclle die nachfolgenden Felder aus, um Dich f\u00fcr den Newsletter Turnierberichte zu registrieren. Damit bekommst Du eine regelm\u00e4\u00dfige Benachrichtigung per Email \u00fcber neu ver\u00f6ffentliche Beitr\u00e4ge auf unsere Webseite zu diesem [&hellip;]<\/p>\n","protected":false},"author":3,"featured_media":0,"parent":6010,"menu_order":0,"comment_status":"closed","ping_status":"closed","template":"","meta":{"site-sidebar-layout":"default","site-content-layout":"","ast-site-content-layout":"default","site-content-style":"default","site-sidebar-style":"default","ast-global-header-display":"","ast-banner-title-visibility":"","ast-main-header-display":"","ast-hfb-above-header-display":"","ast-hfb-below-header-display":"","ast-hfb-mobile-header-display":"","site-post-title":"","ast-breadcrumbs-content":"","ast-featured-img":"","footer-sml-layout":"","ast-disable-related-posts":"","theme-transparent-header-meta":"","adv-header-id-meta":"","stick-header-meta":"","header-above-stick-meta":"","header-main-stick-meta":"","header-below-stick-meta":"","astra-migrate-meta-layouts":"default","ast-page-background-enabled":"default","ast-page-background-meta":{"desktop":{"background-color":"var(--ast-global-color-5)","background-image":"","background-repeat":"repeat","background-position":"center center","background-size":"auto","background-attachment":"scroll","background-type":"","background-media":"","overlay-type":"","overlay-color":"","overlay-opacity":"","overlay-gradient":""},"tablet":{"background-color":"","background-image":"","background-repeat":"repeat","background-position":"center center","background-size":"auto","background-attachment":"scroll","background-type":"","background-media":"","overlay-type":"","overlay-color":"","overlay-opacity":"","overlay-gradient":""},"mobile":{"background-color":"","background-image":"","background-repeat":"repeat","background-position":"center center","background-size":"auto","background-attachment":"scroll","background-type":"","background-media":"","overlay-type":"","overlay-color":"","overlay-opacity":"","overlay-gradient":""}},"ast-content-background-meta":{"desktop":{"background-color":"var(--ast-global-color-4)","background-image":"","background-repeat":"repeat","background-position":"center center","background-size":"auto","background-attachment":"scroll","background-type":"","background-media":"","overlay-type":"","overlay-color":"","overlay-opacity":"","overlay-gradient":""},"tablet":{"background-color":"var(--ast-global-color-4)","background-image":"","background-repeat":"repeat","background-position":"center center","background-size":"auto","background-attachment":"scroll","background-type":"","background-media":"","overlay-type":"","overlay-color":"","overlay-opacity":"","overlay-gradient":""},"mobile":{"background-color":"var(--ast-global-color-4)","background-image":"","background-repeat":"repeat","background-position":"center center","background-size":"auto","background-attachment":"scroll","background-type":"","background-media":"","overlay-type":"","overlay-color":"","overlay-opacity":"","overlay-gradient":""}},"footnotes":""},"class_list":["post-6021","page","type-page","status-publish","hentry"],"_links":{"self":[{"href":"https:\/\/bgc-muenchen.de\/index.php?rest_route=\/wp\/v2\/pages\/6021","targetHints":{"allow":["GET"]}}],"collection":[{"href":"https:\/\/bgc-muenchen.de\/index.php?rest_route=\/wp\/v2\/pages"}],"about":[{"href":"https:\/\/bgc-muenchen.de\/index.php?rest_route=\/wp\/v2\/types\/page"}],"author":[{"embeddable":true,"href":"https:\/\/bgc-muenchen.de\/index.php?rest_route=\/wp\/v2\/users\/3"}],"replies":[{"embeddable":true,"href":"https:\/\/bgc-muenchen.de\/index.php?rest_route=%2Fwp%2Fv2%2Fcomments&post=6021"}],"version-history":[{"count":3,"href":"https:\/\/bgc-muenchen.de\/index.php?rest_route=\/wp\/v2\/pages\/6021\/revisions"}],"predecessor-version":[{"id":6113,"href":"https:\/\/bgc-muenchen.de\/index.php?rest_route=\/wp\/v2\/pages\/6021\/revisions\/6113"}],"up":[{"embeddable":true,"href":"https:\/\/bgc-muenchen.de\/index.php?rest_route=\/wp\/v2\/pages\/6010"}],"wp:attachment":[{"href":"https:\/\/bgc-muenchen.de\/index.php?rest_route=%2Fwp%2Fv2%2Fmedia&parent=6021"}],"curies":[{"name":"wp","href":"https:\/\/api.w.org\/{rel}","templated":true}]}}