{"id":5832,"date":"2020-01-16T08:32:14","date_gmt":"2020-01-16T07:32:14","guid":{"rendered":"https:\/\/bgc-muenchen.de\/?page_id=5832"},"modified":"2022-09-24T09:15:46","modified_gmt":"2022-09-24T07:15:46","slug":"mv-2020","status":"publish","type":"page","link":"https:\/\/bgc-muenchen.de\/?page_id=5832","title":{"rendered":"MV 2020"},"content":{"rendered":"<h4>Mitgliederversammlung am 18.11.2020<\/h4>\n<p>Bedingt durch die Einschr\u00e4nkungen auf Grund der Vorgaben zur Eind\u00e4mmung der Corona Pandemie wurde die Mitgliederversammlung\u00a0 f\u00fcr 2019 am<\/p>\n<p><strong>\u00a0\u00a0\u00a0\u00a0\u00a0\u00a0\u00a0\u00a0\u00a0\u00a0\u00a0\u00a0\u00a0\u00a0\u00a0\u00a0\u00a0\u00a0\u00a0\u00a0\u00a0\u00a0\u00a0\u00a0\u00a0\u00a0\u00a0\u00a0\u00a0\u00a0\u00a0\u00a0\u00a0\u00a0\u00a0\u00a0\u00a0\u00a0 Mittwoch, 18.11.2020, um 20:00 Uhr,<\/strong><\/p>\n<p>erstmalig als Online-Veranstlatung unter Zuhilfenahme des Tools Zoom durchgef\u00fchrt.<\/p>\n<p>Von den 190 eingeladenen Mitgliedern waren 28 Mitglieder anwesend, davon waren 27 stimmberechtigt.<\/p>\n<p>Die Mitgliederversammlung wurde aufgezeichnet und kann hier angesehen werden.<strong><br \/>\n<\/strong>\u00a0https:\/\/bgc-muenchen.de\/videos\/BGC_20201118_Mitgliederversammlung.mp4<\/p>\n<h4>Unterlagen zum Download<\/h4>\n<p><strong>Allgemein<\/strong><\/p>\n<ul>\n<li><a href=\"https:\/\/bgc-muenchen.de\/wp-content\/uploads\/2020\/10\/BGC-MV-20201118-Einladung-zur-Mitgliederversammlung.pdf\" target=\"_blank\" rel=\"noopener\">Einladung zur Mitgliederversammlung<\/a><\/li>\n<li><a href=\"https:\/\/bgc-muenchen.de\/wp-content\/uploads\/2020\/11\/BGC-2020-MV-Protokoll-Mitgliederversammlung_20201118_unterzeichnetl.pdf\" target=\"_blank\" rel=\"noopener\"><strong>Protokoll der Mitgliederversammlung<\/strong><\/a><\/li>\n<li><a href=\"https:\/\/bgc-muenchen.de\/wp-content\/uploads\/2020\/11\/BGC-2020-MV-Email-Karl-Kloepfer-19.11.2020.pdf\" target=\"_blank\" rel=\"noopener\"><strong>Email Karl Kl\u00f6pfer vom 19.11.2020<\/strong><\/a><\/li>\n<\/ul>\n<p><strong>Top 5<\/strong><\/p>\n<ul>\n<li><a href=\"https:\/\/bgc-muenchen.de\/wp-content\/uploads\/2020\/11\/BGC-2020-MV-Berichte-Vorstaende-und-Kassenpruefer.zip\" target=\"_blank\" rel=\"noopener\"><strong>Bericht der Vorst\u00e4nde und Kassenpr\u00fcfer (Neu)<\/strong><\/a><\/li>\n<li><a href=\"https:\/\/bgc-muenchen.de\/wp-content\/uploads\/2020\/10\/BGC-2020-MV-Finanzdateien-2019.zip\" target=\"_blank\" rel=\"noopener noreferrer\">Finanzdateien 2019 (Einnahme-\u00dcberschu\u00dfrechnung, Konten\u00fcbersicht, Liquidit\u00e4tsplan)<\/a><\/li>\n<\/ul>\n<p><strong>Top 7<\/strong><\/p>\n<ul>\n<li><a href=\"https:\/\/bgc-muenchen.de\/wp-content\/uploads\/2020\/10\/BGC-2020-MV-Haushaltsplan-2020.zip\" target=\"_blank\" rel=\"noopener noreferrer\">Vorschlag Haushaltsplan 2020 (Haushaltsplan kumuliert und detailliert, Renovierungskosten) (Neu)<\/a><\/li>\n<\/ul>\n<p><strong>Top 10<\/strong><\/p>\n<ul>\n<li><a href=\"https:\/\/bgc-muenchen.de\/wp-content\/uploads\/2020\/11\/BGC-2020-MV-Elektronische-Schliessanlage_unterzeichnet.pdf\" target=\"_blank\" rel=\"noopener\"><strong>Einbau einer elektronischen Schlie\u00dfanlage (Neu)<\/strong><\/a><\/li>\n<\/ul>\n","protected":false},"excerpt":{"rendered":"<p>Mitgliederversammlung am 18.11.2020 Bedingt durch die Einschr\u00e4nkungen auf Grund der Vorgaben zur Eind\u00e4mmung der Corona Pandemie wurde die Mitgliederversammlung\u00a0 f\u00fcr 2019 am \u00a0\u00a0\u00a0\u00a0\u00a0\u00a0\u00a0\u00a0\u00a0\u00a0\u00a0\u00a0\u00a0\u00a0\u00a0\u00a0\u00a0\u00a0\u00a0\u00a0\u00a0\u00a0\u00a0\u00a0\u00a0\u00a0\u00a0\u00a0\u00a0\u00a0\u00a0\u00a0\u00a0\u00a0\u00a0\u00a0\u00a0\u00a0 Mittwoch, 18.11.2020, um 20:00 Uhr, erstmalig als [&hellip;]<\/p>\n","protected":false},"author":3,"featured_media":0,"parent":708,"menu_order":0,"comment_status":"closed","ping_status":"closed","template":"template-full.php","meta":{"site-sidebar-layout":"default","site-content-layout":"","ast-site-content-layout":"default","site-content-style":"default","site-sidebar-style":"default","ast-global-header-display":"","ast-banner-title-visibility":"","ast-main-header-display":"","ast-hfb-above-header-display":"","ast-hfb-below-header-display":"","ast-hfb-mobile-header-display":"","site-post-title":"","ast-breadcrumbs-content":"","ast-featured-img":"","footer-sml-layout":"","ast-disable-related-posts":"","theme-transparent-header-meta":"","adv-header-id-meta":"","stick-header-meta":"","header-above-stick-meta":"","header-main-stick-meta":"","header-below-stick-meta":"","astra-migrate-meta-layouts":"default","ast-page-background-enabled":"default","ast-page-background-meta":{"desktop":{"background-color":"var(--ast-global-color-5)","background-image":"","background-repeat":"repeat","background-position":"center center","background-size":"auto","background-attachment":"scroll","background-type":"","background-media":"","overlay-type":"","overlay-color":"","overlay-opacity":"","overlay-gradient":""},"tablet":{"background-color":"","background-image":"","background-repeat":"repeat","background-position":"center center","background-size":"auto","background-attachment":"scroll","background-type":"","background-media":"","overlay-type":"","overlay-color":"","overlay-opacity":"","overlay-gradient":""},"mobile":{"background-color":"","background-image":"","background-repeat":"repeat","background-position":"center center","background-size":"auto","background-attachment":"scroll","background-type":"","background-media":"","overlay-type":"","overlay-color":"","overlay-opacity":"","overlay-gradient":""}},"ast-content-background-meta":{"desktop":{"background-color":"var(--ast-global-color-4)","background-image":"","background-repeat":"repeat","background-position":"center center","background-size":"auto","background-attachment":"scroll","background-type":"","background-media":"","overlay-type":"","overlay-color":"","overlay-opacity":"","overlay-gradient":""},"tablet":{"background-color":"var(--ast-global-color-4)","background-image":"","background-repeat":"repeat","background-position":"center center","background-size":"auto","background-attachment":"scroll","background-type":"","background-media":"","overlay-type":"","overlay-color":"","overlay-opacity":"","overlay-gradient":""},"mobile":{"background-color":"var(--ast-global-color-4)","background-image":"","background-repeat":"repeat","background-position":"center center","background-size":"auto","background-attachment":"scroll","background-type":"","background-media":"","overlay-type":"","overlay-color":"","overlay-opacity":"","overlay-gradient":""}},"footnotes":""},"class_list":["post-5832","page","type-page","status-publish","hentry"],"_links":{"self":[{"href":"https:\/\/bgc-muenchen.de\/index.php?rest_route=\/wp\/v2\/pages\/5832","targetHints":{"allow":["GET"]}}],"collection":[{"href":"https:\/\/bgc-muenchen.de\/index.php?rest_route=\/wp\/v2\/pages"}],"about":[{"href":"https:\/\/bgc-muenchen.de\/index.php?rest_route=\/wp\/v2\/types\/page"}],"author":[{"embeddable":true,"href":"https:\/\/bgc-muenchen.de\/index.php?rest_route=\/wp\/v2\/users\/3"}],"replies":[{"embeddable":true,"href":"https:\/\/bgc-muenchen.de\/index.php?rest_route=%2Fwp%2Fv2%2Fcomments&post=5832"}],"version-history":[{"count":5,"href":"https:\/\/bgc-muenchen.de\/index.php?rest_route=\/wp\/v2\/pages\/5832\/revisions"}],"predecessor-version":[{"id":14090,"href":"https:\/\/bgc-muenchen.de\/index.php?rest_route=\/wp\/v2\/pages\/5832\/revisions\/14090"}],"up":[{"embeddable":true,"href":"https:\/\/bgc-muenchen.de\/index.php?rest_route=\/wp\/v2\/pages\/708"}],"wp:attachment":[{"href":"https:\/\/bgc-muenchen.de\/index.php?rest_route=%2Fwp%2Fv2%2Fmedia&parent=5832"}],"curies":[{"name":"wp","href":"https:\/\/api.w.org\/{rel}","templated":true}]}}