{"id":5629,"date":"2019-10-01T18:53:17","date_gmt":"2019-10-01T16:53:17","guid":{"rendered":"https:\/\/bgc-muenchen.de\/?page_id=5629"},"modified":"2019-10-01T19:01:31","modified_gmt":"2019-10-01T17:01:31","slug":"category-ferienprogramm-teilnehmerinfos","status":"publish","type":"page","link":"https:\/\/bgc-muenchen.de\/?page_id=5629","title":{"rendered":"Teilnehmerinfos"},"content":{"rendered":"<p>Wir bitten Sie, am ersten Kurstag rechtzeitig um 9 Uhr zum Tanzsaal zu kommen.<\/p>\n<p>Dort treffen wir uns und gehen mit Ihnen vor Ort den Ablauf des Ferienprogramms durch. Sollten Sie ausf\u00fchrlichere Fragen haben, k\u00f6nnen Sie diese gerne vor Kursbeginn stellen. Am ersten Tag stehe ich Ihnen gerne ab 8:00 Uhr im Tanzsaal daf\u00fcr zur Verf\u00fcgung.<\/p>\n<p>Der Kurs beginnt t\u00e4glich um 9 Uhr und endet um 13 Uhr.<\/p>\n<p>Um die Konzentration der Kinder nicht zu st\u00f6ren, bitten wir Sie den Tanzsaal nach Kursbeginn zu verlassen. Gerne k\u00f6nnen Sie die letzten 10 Minuten des Kurstages zusehen.<br \/>\nSollten Sie Sorgen haben, dass Ihr Kind nicht ohne Sie bei uns bleiben m\u00f6chte, sprechen Sie uns einfach an, wir finden eine L\u00f6sung.<\/p>\n<p><img loading=\"lazy\" decoding=\"async\" class=\"size-full wp-image-5557 alignright\" src=\"https:\/\/bgc-muenchen.de\/wp-content\/uploads\/2019\/07\/schnecke-regenbogenfisch.jpg\" alt=\"\" width=\"329\" height=\"294\" srcset=\"https:\/\/bgc-muenchen.de\/wp-content\/uploads\/2019\/07\/schnecke-regenbogenfisch.jpg 329w, https:\/\/bgc-muenchen.de\/wp-content\/uploads\/2019\/07\/schnecke-regenbogenfisch-150x134.jpg 150w, https:\/\/bgc-muenchen.de\/wp-content\/uploads\/2019\/07\/schnecke-regenbogenfisch-300x268.jpg 300w\" sizes=\"auto, (max-width: 329px) 100vw, 329px\" \/><\/p>\n<p><strong><span style=\"color: #993366;\">F\u00fcr den Kurs braucht Ihr Kind:<\/span><\/strong><\/p>\n<ul>\n<li>Sportbekleidung (Hose und T-Shirt, in denen sich Ihre Kinder wohlf\u00fchlen und gut bewegen k\u00f6nnen)<\/li>\n<li>Gymnastikschuhe<\/li>\n<\/ul>\n<p><span style=\"color: #993366;\"><strong>Ablauf der Tage:<\/strong><\/span><\/p>\n<p>&nbsp;<\/p>\n<ol>\n<li>Tag: 8.00 Uhr \u2013 9.00 Uhr: Fragestunde: Kommen Sie vorbei, wenn sie Fragen haben.9.00 Uhr \u2013 9.15 Uhr: Allgemeine Einf\u00fchrung in den Kurs.9:15 Uhr \u2013 13:00 Uhr: 1. Kurstag.Ab 12.50 Uhr sind Sie herzlich eingeladen Ihren Kindern zuzusehen.<\/li>\n<li>Tag: 9:00 \u2013 13: 00 Uhr: 2. KurstagAb 12.50 Uhr sind Sie herzlich eingeladen Ihren Kindern zuzusehen.<\/li>\n<li>Tag: 9:00 \u2013 13:00 Uhr: 3. KurstagAb 12.50 Uhr sind Sie herzlich eingeladen Ihren Kindern zuzusehen.<\/li>\n<li>Tag: 9:00 \u2013 12:30 Uhr: 4. Kurstag12.30 \u2013 13:00 Uhr: Vorf\u00fchrung<\/li>\n<\/ol>\n<p><img loading=\"lazy\" decoding=\"async\" class=\"alignnone size-full wp-image-5555\" src=\"https:\/\/bgc-muenchen.de\/wp-content\/uploads\/2019\/07\/freisteller.jpg\" alt=\"\" width=\"1888\" height=\"726\" srcset=\"https:\/\/bgc-muenchen.de\/wp-content\/uploads\/2019\/07\/freisteller.jpg 1888w, https:\/\/bgc-muenchen.de\/wp-content\/uploads\/2019\/07\/freisteller-150x58.jpg 150w, https:\/\/bgc-muenchen.de\/wp-content\/uploads\/2019\/07\/freisteller-300x115.jpg 300w, https:\/\/bgc-muenchen.de\/wp-content\/uploads\/2019\/07\/freisteller-768x295.jpg 768w, https:\/\/bgc-muenchen.de\/wp-content\/uploads\/2019\/07\/freisteller-1024x394.jpg 1024w\" sizes=\"auto, (max-width: 1888px) 100vw, 1888px\" \/><\/p>\n","protected":false},"excerpt":{"rendered":"<p>Wir bitten Sie, am ersten Kurstag rechtzeitig um 9 Uhr zum Tanzsaal zu kommen. Dort treffen wir uns und gehen mit Ihnen vor Ort den Ablauf des Ferienprogramms durch. Sollten [&hellip;]<\/p>\n","protected":false},"author":167,"featured_media":5557,"parent":0,"menu_order":0,"comment_status":"closed","ping_status":"closed","template":"","meta":{"site-sidebar-layout":"default","site-content-layout":"","ast-site-content-layout":"default","site-content-style":"default","site-sidebar-style":"default","ast-global-header-display":"","ast-banner-title-visibility":"","ast-main-header-display":"","ast-hfb-above-header-display":"","ast-hfb-below-header-display":"","ast-hfb-mobile-header-display":"","site-post-title":"","ast-breadcrumbs-content":"","ast-featured-img":"","footer-sml-layout":"","ast-disable-related-posts":"","theme-transparent-header-meta":"","adv-header-id-meta":"","stick-header-meta":"","header-above-stick-meta":"","header-main-stick-meta":"","header-below-stick-meta":"","astra-migrate-meta-layouts":"default","ast-page-background-enabled":"default","ast-page-background-meta":{"desktop":{"background-color":"var(--ast-global-color-5)","background-image":"","background-repeat":"repeat","background-position":"center center","background-size":"auto","background-attachment":"scroll","background-type":"","background-media":"","overlay-type":"","overlay-color":"","overlay-opacity":"","overlay-gradient":""},"tablet":{"background-color":"","background-image":"","background-repeat":"repeat","background-position":"center center","background-size":"auto","background-attachment":"scroll","background-type":"","background-media":"","overlay-type":"","overlay-color":"","overlay-opacity":"","overlay-gradient":""},"mobile":{"background-color":"","background-image":"","background-repeat":"repeat","background-position":"center center","background-size":"auto","background-attachment":"scroll","background-type":"","background-media":"","overlay-type":"","overlay-color":"","overlay-opacity":"","overlay-gradient":""}},"ast-content-background-meta":{"desktop":{"background-color":"var(--ast-global-color-4)","background-image":"","background-repeat":"repeat","background-position":"center center","background-size":"auto","background-attachment":"scroll","background-type":"","background-media":"","overlay-type":"","overlay-color":"","overlay-opacity":"","overlay-gradient":""},"tablet":{"background-color":"var(--ast-global-color-4)","background-image":"","background-repeat":"repeat","background-position":"center center","background-size":"auto","background-attachment":"scroll","background-type":"","background-media":"","overlay-type":"","overlay-color":"","overlay-opacity":"","overlay-gradient":""},"mobile":{"background-color":"var(--ast-global-color-4)","background-image":"","background-repeat":"repeat","background-position":"center center","background-size":"auto","background-attachment":"scroll","background-type":"","background-media":"","overlay-type":"","overlay-color":"","overlay-opacity":"","overlay-gradient":""}},"footnotes":""},"class_list":["post-5629","page","type-page","status-publish","has-post-thumbnail","hentry"],"_links":{"self":[{"href":"https:\/\/bgc-muenchen.de\/index.php?rest_route=\/wp\/v2\/pages\/5629","targetHints":{"allow":["GET"]}}],"collection":[{"href":"https:\/\/bgc-muenchen.de\/index.php?rest_route=\/wp\/v2\/pages"}],"about":[{"href":"https:\/\/bgc-muenchen.de\/index.php?rest_route=\/wp\/v2\/types\/page"}],"author":[{"embeddable":true,"href":"https:\/\/bgc-muenchen.de\/index.php?rest_route=\/wp\/v2\/users\/167"}],"replies":[{"embeddable":true,"href":"https:\/\/bgc-muenchen.de\/index.php?rest_route=%2Fwp%2Fv2%2Fcomments&post=5629"}],"version-history":[{"count":5,"href":"https:\/\/bgc-muenchen.de\/index.php?rest_route=\/wp\/v2\/pages\/5629\/revisions"}],"predecessor-version":[{"id":5645,"href":"https:\/\/bgc-muenchen.de\/index.php?rest_route=\/wp\/v2\/pages\/5629\/revisions\/5645"}],"wp:featuredmedia":[{"embeddable":true,"href":"https:\/\/bgc-muenchen.de\/index.php?rest_route=\/wp\/v2\/media\/5557"}],"wp:attachment":[{"href":"https:\/\/bgc-muenchen.de\/index.php?rest_route=%2Fwp%2Fv2%2Fmedia&parent=5629"}],"curies":[{"name":"wp","href":"https:\/\/api.w.org\/{rel}","templated":true}]}}