{"id":5613,"date":"2019-09-25T12:09:29","date_gmt":"2019-09-25T10:09:29","guid":{"rendered":"https:\/\/bgc-muenchen.de\/?page_id=5613"},"modified":"2019-09-25T13:00:34","modified_gmt":"2019-09-25T11:00:34","slug":"ferienprogramm","status":"publish","type":"page","link":"https:\/\/bgc-muenchen.de\/?page_id=5613","title":{"rendered":"Ferienprogramm"},"content":{"rendered":"<p>Hallo und herzlich Willkommen beim Herbstferienprogramm des Blau-Gold-Casino M\u00fcnchen e.V:<\/p>\n<p><img loading=\"lazy\" decoding=\"async\" class=\"alignnone size-full wp-image-5615\" src=\"https:\/\/bgc-muenchen.de\/wp-content\/uploads\/2019\/09\/Scrift-Kinderproramm.jpg\" alt=\"\" width=\"1443\" height=\"451\" srcset=\"https:\/\/bgc-muenchen.de\/wp-content\/uploads\/2019\/09\/Scrift-Kinderproramm.jpg 1443w, https:\/\/bgc-muenchen.de\/wp-content\/uploads\/2019\/09\/Scrift-Kinderproramm-150x47.jpg 150w, https:\/\/bgc-muenchen.de\/wp-content\/uploads\/2019\/09\/Scrift-Kinderproramm-300x94.jpg 300w, https:\/\/bgc-muenchen.de\/wp-content\/uploads\/2019\/09\/Scrift-Kinderproramm-768x240.jpg 768w, https:\/\/bgc-muenchen.de\/wp-content\/uploads\/2019\/09\/Scrift-Kinderproramm-1024x320.jpg 1024w\" sizes=\"auto, (max-width: 1443px) 100vw, 1443px\" \/><\/p>\n<p>Wir&nbsp; wollen eintauchen die wunderbare Welt des Regenbogenfisches und seine Abendteuer gemeinsam mit euch erleben.<br \/>\nAnschlie\u00dfend erarbeiten wir die H\u00f6henpunkte der Geschichte und dr\u00fccken diese spielerisch durch freie Tanzbewegungen aus.<br \/>\nDiese vereinen wir zusammen mit Elementen verschiedener Tanzformen zu einer Choreografie mit der wir die Reise des Regenbogenfisches neu interpretieren<\/p>\n<p><img loading=\"lazy\" decoding=\"async\" class=\"wp-image-5556 aligncenter\" src=\"https:\/\/bgc-muenchen.de\/wp-content\/uploads\/2019\/07\/regenbogenfisch-2.jpg\" alt=\"\" width=\"591\" height=\"343\"><\/p>\n<p style=\"text-align: left;\"><span style=\"color: #800080;\"><strong>Wann: Herbstferien: 28.10.2019 bis 31.10.2019, jeweils von 9 bis 13 Uhr.&nbsp;<\/strong><\/span><\/p>\n<p style=\"text-align: left;\"><span style=\"color: #800080;\"><strong>Wer: Das Programm richtet sich an Kinder im Alter von 5 bis 8 Jahren.&nbsp;<\/strong><\/span><\/p>\n<p style=\"text-align: left;\"><span style=\"color: #800080;\"><strong>Wo: In den Clubr\u00e4umen des Blau-Gold-Casinos M\u00fcnchen e.V. Ohmstra\u00dfe 14, 85757 Karlsfeld<\/strong><\/span><\/p>\n<p><a href=\"https:\/\/bgc-muenchen.de\/kontakt\/\"><strong>Anmeldung&nbsp;<\/strong> <\/a><\/p>\n<p style=\"text-align: left;\">&nbsp;<\/p>\n<p>F\u00fcr die t\u00e4nzerische und p\u00e4dagogische Betreuung Ihrer Kinder am Vormittag sowie eine t\u00e4gliche Brotzeit erheben wir eine Geb\u00fchr von 80\u20ac pro Teilnehmenerkind des Ferienkurses.<br \/>\nGeschwisterkinder erhalten einen Rabatt von 10\u20ac pro Kind.<\/p>\n<p><strong>Wir freuen uns auf euch!<\/strong><\/p>\n<p><img loading=\"lazy\" decoding=\"async\" class=\"alignnone size-full wp-image-5555\" src=\"https:\/\/bgc-muenchen.de\/wp-content\/uploads\/2019\/07\/freisteller.jpg\" alt=\"\" width=\"1888\" height=\"726\" srcset=\"https:\/\/bgc-muenchen.de\/wp-content\/uploads\/2019\/07\/freisteller.jpg 1888w, https:\/\/bgc-muenchen.de\/wp-content\/uploads\/2019\/07\/freisteller-150x58.jpg 150w, https:\/\/bgc-muenchen.de\/wp-content\/uploads\/2019\/07\/freisteller-300x115.jpg 300w, https:\/\/bgc-muenchen.de\/wp-content\/uploads\/2019\/07\/freisteller-768x295.jpg 768w, https:\/\/bgc-muenchen.de\/wp-content\/uploads\/2019\/07\/freisteller-1024x394.jpg 1024w\" sizes=\"auto, (max-width: 1888px) 100vw, 1888px\" \/><\/p>\n","protected":false},"excerpt":{"rendered":"<p>Hallo und herzlich Willkommen beim Herbstferienprogramm des Blau-Gold-Casino M\u00fcnchen e.V: Wir&nbsp; wollen eintauchen die wunderbare Welt des Regenbogenfisches und seine Abendteuer gemeinsam mit euch erleben. Anschlie\u00dfend erarbeiten wir die H\u00f6henpunkte [&hellip;]<\/p>\n","protected":false},"author":167,"featured_media":5619,"parent":0,"menu_order":0,"comment_status":"closed","ping_status":"closed","template":"","meta":{"site-sidebar-layout":"default","site-content-layout":"","ast-site-content-layout":"default","site-content-style":"default","site-sidebar-style":"default","ast-global-header-display":"","ast-banner-title-visibility":"","ast-main-header-display":"","ast-hfb-above-header-display":"","ast-hfb-below-header-display":"","ast-hfb-mobile-header-display":"","site-post-title":"","ast-breadcrumbs-content":"","ast-featured-img":"","footer-sml-layout":"","ast-disable-related-posts":"","theme-transparent-header-meta":"","adv-header-id-meta":"","stick-header-meta":"","header-above-stick-meta":"","header-main-stick-meta":"","header-below-stick-meta":"","astra-migrate-meta-layouts":"default","ast-page-background-enabled":"default","ast-page-background-meta":{"desktop":{"background-color":"var(--ast-global-color-5)","background-image":"","background-repeat":"repeat","background-position":"center center","background-size":"auto","background-attachment":"scroll","background-type":"","background-media":"","overlay-type":"","overlay-color":"","overlay-opacity":"","overlay-gradient":""},"tablet":{"background-color":"","background-image":"","background-repeat":"repeat","background-position":"center center","background-size":"auto","background-attachment":"scroll","background-type":"","background-media":"","overlay-type":"","overlay-color":"","overlay-opacity":"","overlay-gradient":""},"mobile":{"background-color":"","background-image":"","background-repeat":"repeat","background-position":"center center","background-size":"auto","background-attachment":"scroll","background-type":"","background-media":"","overlay-type":"","overlay-color":"","overlay-opacity":"","overlay-gradient":""}},"ast-content-background-meta":{"desktop":{"background-color":"var(--ast-global-color-4)","background-image":"","background-repeat":"repeat","background-position":"center center","background-size":"auto","background-attachment":"scroll","background-type":"","background-media":"","overlay-type":"","overlay-color":"","overlay-opacity":"","overlay-gradient":""},"tablet":{"background-color":"var(--ast-global-color-4)","background-image":"","background-repeat":"repeat","background-position":"center center","background-size":"auto","background-attachment":"scroll","background-type":"","background-media":"","overlay-type":"","overlay-color":"","overlay-opacity":"","overlay-gradient":""},"mobile":{"background-color":"var(--ast-global-color-4)","background-image":"","background-repeat":"repeat","background-position":"center center","background-size":"auto","background-attachment":"scroll","background-type":"","background-media":"","overlay-type":"","overlay-color":"","overlay-opacity":"","overlay-gradient":""}},"footnotes":""},"class_list":["post-5613","page","type-page","status-publish","has-post-thumbnail","hentry"],"_links":{"self":[{"href":"https:\/\/bgc-muenchen.de\/index.php?rest_route=\/wp\/v2\/pages\/5613","targetHints":{"allow":["GET"]}}],"collection":[{"href":"https:\/\/bgc-muenchen.de\/index.php?rest_route=\/wp\/v2\/pages"}],"about":[{"href":"https:\/\/bgc-muenchen.de\/index.php?rest_route=\/wp\/v2\/types\/page"}],"author":[{"embeddable":true,"href":"https:\/\/bgc-muenchen.de\/index.php?rest_route=\/wp\/v2\/users\/167"}],"replies":[{"embeddable":true,"href":"https:\/\/bgc-muenchen.de\/index.php?rest_route=%2Fwp%2Fv2%2Fcomments&post=5613"}],"version-history":[{"count":5,"href":"https:\/\/bgc-muenchen.de\/index.php?rest_route=\/wp\/v2\/pages\/5613\/revisions"}],"predecessor-version":[{"id":5624,"href":"https:\/\/bgc-muenchen.de\/index.php?rest_route=\/wp\/v2\/pages\/5613\/revisions\/5624"}],"wp:featuredmedia":[{"embeddable":true,"href":"https:\/\/bgc-muenchen.de\/index.php?rest_route=\/wp\/v2\/media\/5619"}],"wp:attachment":[{"href":"https:\/\/bgc-muenchen.de\/index.php?rest_route=%2Fwp%2Fv2%2Fmedia&parent=5613"}],"curies":[{"name":"wp","href":"https:\/\/api.w.org\/{rel}","templated":true}]}}