{"id":5494,"date":"2019-06-26T09:12:41","date_gmt":"2019-06-26T07:12:41","guid":{"rendered":"https:\/\/bgc-muenchen.de\/?page_id=5494"},"modified":"2026-03-17T15:29:07","modified_gmt":"2026-03-17T14:29:07","slug":"galkepokal","status":"publish","type":"page","link":"https:\/\/bgc-muenchen.de\/?page_id=5494","title":{"rendered":"Horst und Ilse-Dore Galke-Ged\u00e4chtnis-Wanderpokal 2026"},"content":{"rendered":"<p>Das Blau-Gold-Casino M\u00fcnchen veranstaltet seine j\u00e4hrliche Tanzturnierveranstaltung um den <strong>Horst und Ilse-Dore Galke-Ged\u00e4chtnis-Wanderpokal 2026 am 11.01.2026<\/strong>\u00a0im Karlsfelder B\u00fcrgerhaus, in der Allacher Str. 1 in 85757 Karlsfeld.<\/p>\n<h3>Vorl\u00e4ufiger Zeitplan<\/h3>\n<table style=\"border-collapse: collapse; width: 89.1969%;\">\n<tbody>\n<tr>\n<td style=\"width: 18.8009%;\"><strong>Klasse<\/strong><\/td>\n<td style=\"width: 24.7804%;\"><strong>Turnierart<\/strong><\/td>\n<td style=\"width: 43.8663%;\"><strong>Uhrzeit<\/strong><\/td>\n<\/tr>\n<tr>\n<td style=\"width: 18.8009%;\">SEN II B<\/td>\n<td style=\"width: 24.7804%;\">LAT<\/td>\n<td style=\"width: 43.8663%;\">11:00<\/td>\n<\/tr>\n<tr>\n<td style=\"width: 18.8009%;\">SEN\u00a0II A<\/td>\n<td style=\"width: 24.7804%;\">LAT<\/td>\n<td style=\"width: 43.8663%;\">11:30<\/td>\n<\/tr>\n<tr>\n<td style=\"width: 18.8009%;\">SEN\u00a0II A<\/td>\n<td style=\"width: 24.7804%;\">STD<\/td>\n<td style=\"width: 43.8663%;\">12:00<\/td>\n<\/tr>\n<tr>\n<td style=\"width: 18.8009%;\">SEN\u00a0III A<\/td>\n<td style=\"width: 24.7804%;\">STD<\/td>\n<td style=\"width: 43.8663%;\">13:00<\/td>\n<\/tr>\n<tr>\n<td style=\"width: 18.8009%;\">SEN\u00a0IV A<\/td>\n<td style=\"width: 24.7804%;\">STD<\/td>\n<td style=\"width: 43.8663%;\">14:30<\/td>\n<\/tr>\n<tr>\n<td style=\"width: 18.8009%;\">SEN\u00a0III S<\/td>\n<td style=\"width: 24.7804%;\">STD<\/td>\n<td style=\"width: 43.8663%;\">15:30<\/td>\n<\/tr>\n<tr>\n<td style=\"width: 18.8009%;\">SEN\u00a0II S<\/td>\n<td style=\"width: 24.7804%;\">STD<\/td>\n<td style=\"width: 43.8663%;\">16:30<\/td>\n<\/tr>\n<\/tbody>\n<\/table>\n<p><a href=\"https:\/\/bgc-muenchen.de\/GalkePokal2026\/index.htm\" target=\"_blank\" rel=\"noopener\"><strong>Ergebnisse der Turniere\u00a0<\/strong><\/a><\/p>\n<h3>Eintrittspreise<\/h3>\n<p>Eintrittspreise f\u00fcr Besucher:<br \/>\nKinder bis 5 Jahre: freier Eintritt<br \/>\nKinder von 6 bis 11 Jahren:\u00a0 3,50 EUR<br \/>\nPersonen ab 12 Jahren: 7,00 EUR<\/p>\n<p>Fl\u00e4che: 18m x 10m Parkett<\/p>\n<p>Wir w\u00fcnschen allen Turnierpaaren und allen G\u00e4sten eine sichere Anreise und freuen uns auf Ihr Kommen.<\/p>\n<p><img loading=\"lazy\" decoding=\"async\" src=\"https:\/\/bgc-muenchen.de\/wp-content\/uploads\/2025\/12\/UPDATE-Beginn-um-11-Uhr-768x1024.png\" sizes=\"auto, (max-width: 768px) 100vw, 768px\" srcset=\"https:\/\/bgc-muenchen.de\/wp-content\/uploads\/2025\/12\/UPDATE-Beginn-um-11-Uhr-768x1024.png 768w, https:\/\/bgc-muenchen.de\/wp-content\/uploads\/2025\/12\/UPDATE-Beginn-um-11-Uhr-225x300.png 225w, https:\/\/bgc-muenchen.de\/wp-content\/uploads\/2025\/12\/UPDATE-Beginn-um-11-Uhr-1024x1365.png 1024w, https:\/\/bgc-muenchen.de\/wp-content\/uploads\/2025\/12\/UPDATE-Beginn-um-11-Uhr-113x150.png 113w, https:\/\/bgc-muenchen.de\/wp-content\/uploads\/2025\/12\/UPDATE-Beginn-um-11-Uhr.png 1080w\" alt=\"\" width=\"768\" height=\"1024\" \/><\/p>\n","protected":false},"excerpt":{"rendered":"<p>Das Blau-Gold-Casino M\u00fcnchen veranstaltet seine j\u00e4hrliche Tanzturnierveranstaltung um den Horst und Ilse-Dore Galke-Ged\u00e4chtnis-Wanderpokal 2026 am 11.01.2026\u00a0im Karlsfelder B\u00fcrgerhaus, in der Allacher Str. 1 in 85757 Karlsfeld. Vorl\u00e4ufiger Zeitplan Klasse Turnierart [&hellip;]<\/p>\n","protected":false},"author":3,"featured_media":0,"parent":0,"menu_order":0,"comment_status":"closed","ping_status":"closed","template":"elementor_theme","meta":{"site-sidebar-layout":"default","site-content-layout":"","ast-site-content-layout":"default","site-content-style":"default","site-sidebar-style":"default","ast-global-header-display":"","ast-banner-title-visibility":"","ast-main-header-display":"","ast-hfb-above-header-display":"","ast-hfb-below-header-display":"","ast-hfb-mobile-header-display":"","site-post-title":"","ast-breadcrumbs-content":"","ast-featured-img":"","footer-sml-layout":"","ast-disable-related-posts":"","theme-transparent-header-meta":"","adv-header-id-meta":"","stick-header-meta":"","header-above-stick-meta":"","header-main-stick-meta":"","header-below-stick-meta":"","astra-migrate-meta-layouts":"default","ast-page-background-enabled":"default","ast-page-background-meta":{"desktop":{"background-color":"var(--ast-global-color-5)","background-image":"","background-repeat":"repeat","background-position":"center center","background-size":"auto","background-attachment":"scroll","background-type":"","background-media":"","overlay-type":"","overlay-color":"","overlay-opacity":"","overlay-gradient":""},"tablet":{"background-color":"","background-image":"","background-repeat":"repeat","background-position":"center center","background-size":"auto","background-attachment":"scroll","background-type":"","background-media":"","overlay-type":"","overlay-color":"","overlay-opacity":"","overlay-gradient":""},"mobile":{"background-color":"","background-image":"","background-repeat":"repeat","background-position":"center center","background-size":"auto","background-attachment":"scroll","background-type":"","background-media":"","overlay-type":"","overlay-color":"","overlay-opacity":"","overlay-gradient":""}},"ast-content-background-meta":{"desktop":{"background-color":"var(--ast-global-color-4)","background-image":"","background-repeat":"repeat","background-position":"center center","background-size":"auto","background-attachment":"scroll","background-type":"","background-media":"","overlay-type":"","overlay-color":"","overlay-opacity":"","overlay-gradient":""},"tablet":{"background-color":"var(--ast-global-color-4)","background-image":"","background-repeat":"repeat","background-position":"center center","background-size":"auto","background-attachment":"scroll","background-type":"","background-media":"","overlay-type":"","overlay-color":"","overlay-opacity":"","overlay-gradient":""},"mobile":{"background-color":"var(--ast-global-color-4)","background-image":"","background-repeat":"repeat","background-position":"center center","background-size":"auto","background-attachment":"scroll","background-type":"","background-media":"","overlay-type":"","overlay-color":"","overlay-opacity":"","overlay-gradient":""}},"footnotes":""},"class_list":["post-5494","page","type-page","status-publish","hentry"],"_links":{"self":[{"href":"https:\/\/bgc-muenchen.de\/index.php?rest_route=\/wp\/v2\/pages\/5494","targetHints":{"allow":["GET"]}}],"collection":[{"href":"https:\/\/bgc-muenchen.de\/index.php?rest_route=\/wp\/v2\/pages"}],"about":[{"href":"https:\/\/bgc-muenchen.de\/index.php?rest_route=\/wp\/v2\/types\/page"}],"author":[{"embeddable":true,"href":"https:\/\/bgc-muenchen.de\/index.php?rest_route=\/wp\/v2\/users\/3"}],"replies":[{"embeddable":true,"href":"https:\/\/bgc-muenchen.de\/index.php?rest_route=%2Fwp%2Fv2%2Fcomments&post=5494"}],"version-history":[{"count":34,"href":"https:\/\/bgc-muenchen.de\/index.php?rest_route=\/wp\/v2\/pages\/5494\/revisions"}],"predecessor-version":[{"id":17406,"href":"https:\/\/bgc-muenchen.de\/index.php?rest_route=\/wp\/v2\/pages\/5494\/revisions\/17406"}],"wp:attachment":[{"href":"https:\/\/bgc-muenchen.de\/index.php?rest_route=%2Fwp%2Fv2%2Fmedia&parent=5494"}],"curies":[{"name":"wp","href":"https:\/\/api.w.org\/{rel}","templated":true}]}}