{"id":52,"date":"2015-07-01T22:43:51","date_gmt":"2015-07-01T20:43:51","guid":{"rendered":"http:\/\/wp.boesewehnerz.de\/wph\/?page_id=52"},"modified":"2026-01-08T16:45:28","modified_gmt":"2026-01-08T15:45:28","slug":"vereinsheim","status":"publish","type":"page","link":"https:\/\/bgc-muenchen.de\/?page_id=52","title":{"rendered":"Vereinsheim"},"content":{"rendered":"<p><img loading=\"lazy\" decoding=\"async\" width=\"256\" height=\"192\" src=\"https:\/\/bgc-muenchen.de\/wp-content\/uploads\/2020\/10\/gebaeude.jpg\" alt=\"\" srcset=\"https:\/\/bgc-muenchen.de\/wp-content\/uploads\/2020\/10\/gebaeude.jpg 256w, https:\/\/bgc-muenchen.de\/wp-content\/uploads\/2020\/10\/gebaeude-150x113.jpg 150w, https:\/\/bgc-muenchen.de\/wp-content\/uploads\/2020\/10\/gebaeude-80x60.jpg 80w\" sizes=\"auto, (max-width: 256px) 100vw, 256px\" \/>\t\t\t\t\t\t\t\t\t\t\t\t\t\t\t<\/p>\n<p>Im Zweiten Stock dieses Geb\u00e4udes in der Ohmstra\u00dfe 14 in Karlsfeld befindet sich unser Clubheim mit einem gro\u00dfen Tanzsaal, sowie K\u00fcche, Umkleidebereich, Dusche und Toiletten. <\/p>\n<p>Unser gro\u00dfer Trainingssaal ist 170 qm gro\u00df, wobei die Abmessungen der Tanzfl\u00e4che 8 auf 14 Meter betragen. Der Saal bietet somit die idealen Voraussetzungen f\u00fcr das freie- oder Gruppentraining.&nbsp;<\/p>\n<p>\u00a0<\/p>\n<p>Um unsere Clubabende, Veranstaltungen und sonstige Feiern bew\u00e4ltigen zu k\u00f6nnen, verf\u00fcgen wir auch \u00fcber eine K\u00fcche.<\/p>\n<p>Im Eingangsbereich davor ist ein kleiner Umkleidebereich, in dem Schuhe, Jacken und Taschen untergebracht werden k\u00f6nnen.<\/p>\n<h2>Unsere R\u00e4ume<\/h2>\n<p>\t\t\t\t\t\t\t\t\t\t\t\t\t\t\t<img loading=\"lazy\" decoding=\"async\" width=\"250\" height=\"167\" src=\"https:\/\/bgc-muenchen.de\/wp-content\/uploads\/2015\/07\/saal2.jpg\" alt=\"\" srcset=\"https:\/\/bgc-muenchen.de\/wp-content\/uploads\/2015\/07\/saal2.jpg 250w, https:\/\/bgc-muenchen.de\/wp-content\/uploads\/2015\/07\/saal2-150x100.jpg 150w\" sizes=\"auto, (max-width: 250px) 100vw, 250px\" \/><br \/>\n\t\t\t\t\t\t\t\t\t\t\t\t\t\t\t<img loading=\"lazy\" decoding=\"async\" width=\"255\" height=\"171\" src=\"https:\/\/bgc-muenchen.de\/wp-content\/uploads\/2015\/07\/saal.jpg\" alt=\"\" srcset=\"https:\/\/bgc-muenchen.de\/wp-content\/uploads\/2015\/07\/saal.jpg 255w, https:\/\/bgc-muenchen.de\/wp-content\/uploads\/2015\/07\/saal-150x101.jpg 150w\" sizes=\"auto, (max-width: 255px) 100vw, 255px\" \/>\t\t\t\t\t\t\t\t\t\t\t\t\t\t\t<\/p>\n<h2>Adresse<\/h2>\n<p><b>Adresse:<\/b><\/p>\n<p>Blau-Gold-Casino M\u00fcnchen e.V.<br \/>Tanzsportclub<br \/>Ohmstrasse 14\/II<br \/>85757 Karlsfeld<\/p>\n<p><b>Trainingsraum M\u00fcnchen<br \/><\/b>Pfarrsaal St. Raphael<\/p>\n<p><b><u>Auskunft:<\/u><\/b><\/p>\n<p><b>Blau-Gold-Casino M\u00fcnchen e.V.<\/b><\/p>\n<ul>\n<li><b>Telefon: +49 151 716 860 94 (1.Vorsitzende)<\/b><\/li>\n<\/ul>\n<p>\t\t\t<iframe loading=\"lazy\"\n\t\t\t\t\tsrc=\"https:\/\/maps.google.com\/maps?q=Ohmstr.14%2C%2085757%20Karlsfeld&#038;t=m&#038;z=12&#038;output=embed&#038;iwloc=near\"\n\t\t\t\t\ttitle=\"Ohmstr.14, 85757 Karlsfeld\"\n\t\t\t\t\taria-label=\"Ohmstr.14, 85757 Karlsfeld\"><\/iframe><\/p>\n","protected":false},"excerpt":{"rendered":"<p>Im Zweiten Stock dieses Geb\u00e4udes in der Ohmstra\u00dfe 14 in Karlsfeld befindet sich unser Clubheim mit einem gro\u00dfen Tanzsaal, sowie K\u00fcche, Umkleidebereich, Dusche und Toiletten. Unser gro\u00dfer Trainingssaal ist 170 [&hellip;]<\/p>\n","protected":false},"author":1,"featured_media":0,"parent":5,"menu_order":3,"comment_status":"closed","ping_status":"closed","template":"","meta":{"site-sidebar-layout":"default","site-content-layout":"","ast-site-content-layout":"default","site-content-style":"default","site-sidebar-style":"default","ast-global-header-display":"","ast-banner-title-visibility":"","ast-main-header-display":"","ast-hfb-above-header-display":"","ast-hfb-below-header-display":"","ast-hfb-mobile-header-display":"","site-post-title":"","ast-breadcrumbs-content":"","ast-featured-img":"","footer-sml-layout":"","ast-disable-related-posts":"","theme-transparent-header-meta":"","adv-header-id-meta":"","stick-header-meta":"","header-above-stick-meta":"","header-main-stick-meta":"","header-below-stick-meta":"","astra-migrate-meta-layouts":"default","ast-page-background-enabled":"default","ast-page-background-meta":{"desktop":{"background-color":"var(--ast-global-color-5)","background-image":"","background-repeat":"repeat","background-position":"center center","background-size":"auto","background-attachment":"scroll","background-type":"","background-media":"","overlay-type":"","overlay-color":"","overlay-opacity":"","overlay-gradient":""},"tablet":{"background-color":"","background-image":"","background-repeat":"repeat","background-position":"center center","background-size":"auto","background-attachment":"scroll","background-type":"","background-media":"","overlay-type":"","overlay-color":"","overlay-opacity":"","overlay-gradient":""},"mobile":{"background-color":"","background-image":"","background-repeat":"repeat","background-position":"center center","background-size":"auto","background-attachment":"scroll","background-type":"","background-media":"","overlay-type":"","overlay-color":"","overlay-opacity":"","overlay-gradient":""}},"ast-content-background-meta":{"desktop":{"background-color":"var(--ast-global-color-4)","background-image":"","background-repeat":"repeat","background-position":"center center","background-size":"auto","background-attachment":"scroll","background-type":"","background-media":"","overlay-type":"","overlay-color":"","overlay-opacity":"","overlay-gradient":""},"tablet":{"background-color":"var(--ast-global-color-4)","background-image":"","background-repeat":"repeat","background-position":"center center","background-size":"auto","background-attachment":"scroll","background-type":"","background-media":"","overlay-type":"","overlay-color":"","overlay-opacity":"","overlay-gradient":""},"mobile":{"background-color":"var(--ast-global-color-4)","background-image":"","background-repeat":"repeat","background-position":"center center","background-size":"auto","background-attachment":"scroll","background-type":"","background-media":"","overlay-type":"","overlay-color":"","overlay-opacity":"","overlay-gradient":""}},"footnotes":""},"class_list":["post-52","page","type-page","status-publish","hentry"],"_links":{"self":[{"href":"https:\/\/bgc-muenchen.de\/index.php?rest_route=\/wp\/v2\/pages\/52","targetHints":{"allow":["GET"]}}],"collection":[{"href":"https:\/\/bgc-muenchen.de\/index.php?rest_route=\/wp\/v2\/pages"}],"about":[{"href":"https:\/\/bgc-muenchen.de\/index.php?rest_route=\/wp\/v2\/types\/page"}],"author":[{"embeddable":true,"href":"https:\/\/bgc-muenchen.de\/index.php?rest_route=\/wp\/v2\/users\/1"}],"replies":[{"embeddable":true,"href":"https:\/\/bgc-muenchen.de\/index.php?rest_route=%2Fwp%2Fv2%2Fcomments&post=52"}],"version-history":[{"count":31,"href":"https:\/\/bgc-muenchen.de\/index.php?rest_route=\/wp\/v2\/pages\/52\/revisions"}],"predecessor-version":[{"id":17272,"href":"https:\/\/bgc-muenchen.de\/index.php?rest_route=\/wp\/v2\/pages\/52\/revisions\/17272"}],"up":[{"embeddable":true,"href":"https:\/\/bgc-muenchen.de\/index.php?rest_route=\/wp\/v2\/pages\/5"}],"wp:attachment":[{"href":"https:\/\/bgc-muenchen.de\/index.php?rest_route=%2Fwp%2Fv2%2Fmedia&parent=52"}],"curies":[{"name":"wp","href":"https:\/\/api.w.org\/{rel}","templated":true}]}}