{"id":5193,"date":"2019-02-11T21:58:47","date_gmt":"2019-02-11T20:58:47","guid":{"rendered":"https:\/\/bgc-muenchen.de\/?page_id=5193"},"modified":"2022-11-11T00:06:13","modified_gmt":"2022-11-10T23:06:13","slug":"mv-2019","status":"publish","type":"page","link":"https:\/\/bgc-muenchen.de\/?page_id=5193","title":{"rendered":"MV 2019"},"content":{"rendered":"<h3>Einladung zur Mitgliederversammlung<\/h3>\n<p>Hiermit laden wir Sie form- und fristgerecht zur ordentlichen Mitgliederversammlung (\u00a7 20 unserer Satzung und \u00a7 32 Absatz 1 Satz 1 BGB) am<\/p>\n<p><strong>\u00a0\u00a0\u00a0\u00a0\u00a0\u00a0\u00a0\u00a0\u00a0\u00a0\u00a0\u00a0\u00a0\u00a0\u00a0\u00a0\u00a0\u00a0\u00a0\u00a0\u00a0\u00a0\u00a0\u00a0\u00a0\u00a0\u00a0\u00a0\u00a0\u00a0\u00a0\u00a0\u00a0\u00a0\u00a0\u00a0\u00a0\u00a0 Mittwoch, 20. M\u00e4rz 2019, um 19:30 Uhr,<\/strong><\/p>\n<p><strong>\u00a0\u00a0\u00a0\u00a0\u00a0\u00a0\u00a0\u00a0\u00a0\u00a0\u00a0\u00a0\u00a0\u00a0\u00a0\u00a0\u00a0\u00a0\u00a0\u00a0\u00a0\u00a0\u00a0\u00a0\u00a0\u00a0\u00a0\u00a0\u00a0\u00a0\u00a0\u00a0\u00a0\u00a0\u00a0\u00a0\u00a0\u00a0\u00a0\u00a0 in die Ohmstra\u00dfe 14, 85757 Karlsfeld<\/strong><\/p>\n<p><strong>\u00a0<\/strong>ein.<\/p>\n<p><strong>Tagesordnung:<\/strong><\/p>\n<ol>\n<li>Begr\u00fc\u00dfung und Er\u00f6ffnung der Mitgliederversammlung<\/li>\n<li>Feststellung der ordnungsgem\u00e4\u00dfen Einladung<\/li>\n<li>Feststellung der Beschlussf\u00e4higkeit<\/li>\n<li>Genehmigung der Tagesordnung<\/li>\n<li>Berichte f\u00fcr das Kalenderjahr 2018<\/li>\n<li>Bericht des 1. Vorsitzenden<\/li>\n<li>Bericht des 2. Vorsitzenden<\/li>\n<li>Bericht der 3. Vorsitzenden<\/li>\n<li>Bericht der Kassenpr\u00fcfer<\/li>\n<li>Entlastung des Vorstands<\/li>\n<li>Entlastung der Kassenpr\u00fcfer<\/li>\n<li>Genehmigung des Haushaltsplans f\u00fcr das Kalenderjahr 2019<\/li>\n<li>Neuwahl des 2. Vorsitzenden<\/li>\n<li>Neuwahl eines Mitglieds des erweiterten Vorstands<\/li>\n<li>Antrag des Vorstands auf Satzungs\u00e4nderungen (die \u00c4nderungen und Begr\u00fcndungen im Einzelnen sind aus den Unterlagen im Anschluss ersichtlich)<\/li>\n<li>Anpassung der Mitgliedsbeitr\u00e4ge<\/li>\n<li>Antr\u00e4ge<\/li>\n<li>Verschiedenes<\/li>\n<\/ol>\n<p>Antr\u00e4ge zur Mitgliederversammlung m\u00fcssen bis sp\u00e4testens 28.02.2019 (Datum des Poststempels) schriftlich an<\/p>\n<p><strong>Blau-Gold-Casino M\u00fcnchen e.V.<\/strong><br \/>\n<strong>Franz-W\u00fcllner-Stra\u00dfe 11 <\/strong><br \/>\n<strong>81247 M\u00fcnchen<\/strong><\/p>\n<p>gerichtet sein.<\/p>\n<hr \/>\n<p>Unterlagen:<\/p>\n<p><a href=\"https:\/\/bgc-muenchen.de\/wp-content\/uploads\/2019\/03\/BGC-2019-Vergleich-Satzungs\u00e4nderungen_V2.pdf\" target=\"_blank\" rel=\"noopener noreferrer\"><strong>Satzungsvergleich 2016 \/ Entwurf 2019 mit Erg\u00e4nzungen Finanzamt<\/strong><\/a><\/p>\n<p><a href=\"https:\/\/bgc-muenchen.de\/wp-content\/uploads\/2019\/03\/BGC-2019-Satzungsentwurf_FA.pdf\" target=\"_blank\" rel=\"noopener noreferrer\"><strong>Satzungsentwurf 2019 mit Erg\u00e4nzungen Finanzamt<\/strong><\/a><\/p>\n<p><a href=\"https:\/\/bgc-muenchen.de\/wp-content\/uploads\/2019\/02\/BGC-2019-Vergleich-Satzungs\u00e4nderungen.pdf\" target=\"_blank\" rel=\"noopener noreferrer\"><strong>Satzungsvergleich 2016 \/ Entwurf 2019<\/strong><\/a><\/p>\n<p><a href=\"https:\/\/bgc-muenchen.de\/wp-content\/uploads\/2019\/02\/BGC-2019-Satzungsentwurf.pdf\" target=\"_blank\" rel=\"noopener noreferrer\"><strong>Satzungsentwurf 2019<\/strong><\/a><\/p>\n","protected":false},"excerpt":{"rendered":"<p>Einladung zur Mitgliederversammlung Hiermit laden wir Sie form- und fristgerecht zur ordentlichen Mitgliederversammlung (\u00a7 20 unserer Satzung und \u00a7 32 Absatz 1 Satz 1 BGB) am \u00a0\u00a0\u00a0\u00a0\u00a0\u00a0\u00a0\u00a0\u00a0\u00a0\u00a0\u00a0\u00a0\u00a0\u00a0\u00a0\u00a0\u00a0\u00a0\u00a0\u00a0\u00a0\u00a0\u00a0\u00a0\u00a0\u00a0\u00a0\u00a0\u00a0\u00a0\u00a0\u00a0\u00a0\u00a0\u00a0\u00a0\u00a0 Mittwoch, 20. M\u00e4rz [&hellip;]<\/p>\n","protected":false},"author":3,"featured_media":0,"parent":708,"menu_order":0,"comment_status":"closed","ping_status":"closed","template":"","meta":{"site-sidebar-layout":"default","site-content-layout":"","ast-site-content-layout":"default","site-content-style":"default","site-sidebar-style":"default","ast-global-header-display":"","ast-banner-title-visibility":"","ast-main-header-display":"","ast-hfb-above-header-display":"","ast-hfb-below-header-display":"","ast-hfb-mobile-header-display":"","site-post-title":"","ast-breadcrumbs-content":"","ast-featured-img":"","footer-sml-layout":"","ast-disable-related-posts":"","theme-transparent-header-meta":"","adv-header-id-meta":"","stick-header-meta":"","header-above-stick-meta":"","header-main-stick-meta":"","header-below-stick-meta":"","astra-migrate-meta-layouts":"default","ast-page-background-enabled":"default","ast-page-background-meta":{"desktop":{"background-color":"var(--ast-global-color-5)","background-image":"","background-repeat":"repeat","background-position":"center center","background-size":"auto","background-attachment":"scroll","background-type":"","background-media":"","overlay-type":"","overlay-color":"","overlay-opacity":"","overlay-gradient":""},"tablet":{"background-color":"","background-image":"","background-repeat":"repeat","background-position":"center center","background-size":"auto","background-attachment":"scroll","background-type":"","background-media":"","overlay-type":"","overlay-color":"","overlay-opacity":"","overlay-gradient":""},"mobile":{"background-color":"","background-image":"","background-repeat":"repeat","background-position":"center center","background-size":"auto","background-attachment":"scroll","background-type":"","background-media":"","overlay-type":"","overlay-color":"","overlay-opacity":"","overlay-gradient":""}},"ast-content-background-meta":{"desktop":{"background-color":"var(--ast-global-color-4)","background-image":"","background-repeat":"repeat","background-position":"center center","background-size":"auto","background-attachment":"scroll","background-type":"","background-media":"","overlay-type":"","overlay-color":"","overlay-opacity":"","overlay-gradient":""},"tablet":{"background-color":"var(--ast-global-color-4)","background-image":"","background-repeat":"repeat","background-position":"center center","background-size":"auto","background-attachment":"scroll","background-type":"","background-media":"","overlay-type":"","overlay-color":"","overlay-opacity":"","overlay-gradient":""},"mobile":{"background-color":"var(--ast-global-color-4)","background-image":"","background-repeat":"repeat","background-position":"center center","background-size":"auto","background-attachment":"scroll","background-type":"","background-media":"","overlay-type":"","overlay-color":"","overlay-opacity":"","overlay-gradient":""}},"footnotes":""},"class_list":["post-5193","page","type-page","status-publish","hentry"],"_links":{"self":[{"href":"https:\/\/bgc-muenchen.de\/index.php?rest_route=\/wp\/v2\/pages\/5193","targetHints":{"allow":["GET"]}}],"collection":[{"href":"https:\/\/bgc-muenchen.de\/index.php?rest_route=\/wp\/v2\/pages"}],"about":[{"href":"https:\/\/bgc-muenchen.de\/index.php?rest_route=\/wp\/v2\/types\/page"}],"author":[{"embeddable":true,"href":"https:\/\/bgc-muenchen.de\/index.php?rest_route=\/wp\/v2\/users\/3"}],"replies":[{"embeddable":true,"href":"https:\/\/bgc-muenchen.de\/index.php?rest_route=%2Fwp%2Fv2%2Fcomments&post=5193"}],"version-history":[{"count":5,"href":"https:\/\/bgc-muenchen.de\/index.php?rest_route=\/wp\/v2\/pages\/5193\/revisions"}],"predecessor-version":[{"id":14095,"href":"https:\/\/bgc-muenchen.de\/index.php?rest_route=\/wp\/v2\/pages\/5193\/revisions\/14095"}],"up":[{"embeddable":true,"href":"https:\/\/bgc-muenchen.de\/index.php?rest_route=\/wp\/v2\/pages\/708"}],"wp:attachment":[{"href":"https:\/\/bgc-muenchen.de\/index.php?rest_route=%2Fwp%2Fv2%2Fmedia&parent=5193"}],"curies":[{"name":"wp","href":"https:\/\/api.w.org\/{rel}","templated":true}]}}