{"id":5149,"date":"2019-01-28T00:05:58","date_gmt":"2019-01-27T23:05:58","guid":{"rendered":"https:\/\/bgc-muenchen.de\/?page_id=5149"},"modified":"2022-12-23T17:23:18","modified_gmt":"2022-12-23T16:23:18","slug":"jazzdance","status":"publish","type":"page","link":"https:\/\/bgc-muenchen.de\/?page_id=5149","title":{"rendered":"Jazzdance"},"content":{"rendered":"<blockquote><p>Der Jazz Dance ist eine lebendige Mischung aus afrikanischen, europ\u00e4ischen und amerikanischen Tanzstilelementen und hat den verwurzelten Ursprung in den Kulturen von West \u2013 und Zentralafrika. Ab 1945 entwickelte sich der Jazz Dance weiter. Er k\u00e4mpfte um Anerkennung als Kunstform und \u00f6ffnete sich so den Einfl\u00fcssen von Ballett und Modern Dance.<\/p>\n<p>Ab ca. Mitte der 60er Jahre ist der Jazz Dance auch in Europa bekannt geworden. Er betont die K\u00f6rperlinie, schnelle, genaue Fu\u00dfarbeit und rhythmische K\u00f6rperbewegungen.<\/p>\n<p><strong>Bea Kucza<\/strong>,\u00a0 die auch schon durch tolle Performances bei \u00f6ffentlichen Auftritten gegl\u00e4nzt hat, unterrichtet die Fortgeschrittenen-Gruppe.<\/p>\n<h4>Trainingszeiten im \u00dcberblick<\/h4>\n<table style=\"width: 88.8055%;\" border=\"1\">\n<tbody>\n<tr>\n<td style=\"width: 23.5294%;\">Wochentag<\/td>\n<td style=\"width: 19.3627%;\">Uhrzeit<\/td>\n<td style=\"width: 29.6569%;\">Beschreibung<\/td>\n<td style=\"width: 163.648%;\">Beschreibung<\/td>\n<\/tr>\n<tr>\n<td style=\"width: 23.5294%;\">Mittwoch<\/p>\n<p>alle 2 Wochen<\/td>\n<td style=\"width: 19.3627%;\">17:45 &#8211; 19:45<\/td>\n<td style=\"width: 29.6569%;\">Fortgeschrittene<\/td>\n<td style=\"width: 163.648%;\">Bea Kucza<\/td>\n<\/tr>\n<\/tbody>\n<\/table>\n<p>&nbsp;<\/p><\/blockquote>\n","protected":false},"excerpt":{"rendered":"<p>Der Jazz Dance ist eine lebendige Mischung aus afrikanischen, europ\u00e4ischen und amerikanischen Tanzstilelementen und hat den verwurzelten Ursprung in den Kulturen von West \u2013 und Zentralafrika. Ab 1945 entwickelte sich [&hellip;]<\/p>\n","protected":false},"author":3,"featured_media":2865,"parent":0,"menu_order":0,"comment_status":"closed","ping_status":"closed","template":"","meta":{"site-sidebar-layout":"default","site-content-layout":"","ast-site-content-layout":"default","site-content-style":"default","site-sidebar-style":"default","ast-global-header-display":"","ast-banner-title-visibility":"","ast-main-header-display":"","ast-hfb-above-header-display":"","ast-hfb-below-header-display":"","ast-hfb-mobile-header-display":"","site-post-title":"","ast-breadcrumbs-content":"","ast-featured-img":"","footer-sml-layout":"","ast-disable-related-posts":"","theme-transparent-header-meta":"","adv-header-id-meta":"","stick-header-meta":"","header-above-stick-meta":"","header-main-stick-meta":"","header-below-stick-meta":"","astra-migrate-meta-layouts":"default","ast-page-background-enabled":"default","ast-page-background-meta":{"desktop":{"background-color":"var(--ast-global-color-5)","background-image":"","background-repeat":"repeat","background-position":"center center","background-size":"auto","background-attachment":"scroll","background-type":"","background-media":"","overlay-type":"","overlay-color":"","overlay-opacity":"","overlay-gradient":""},"tablet":{"background-color":"","background-image":"","background-repeat":"repeat","background-position":"center center","background-size":"auto","background-attachment":"scroll","background-type":"","background-media":"","overlay-type":"","overlay-color":"","overlay-opacity":"","overlay-gradient":""},"mobile":{"background-color":"","background-image":"","background-repeat":"repeat","background-position":"center center","background-size":"auto","background-attachment":"scroll","background-type":"","background-media":"","overlay-type":"","overlay-color":"","overlay-opacity":"","overlay-gradient":""}},"ast-content-background-meta":{"desktop":{"background-color":"var(--ast-global-color-4)","background-image":"","background-repeat":"repeat","background-position":"center center","background-size":"auto","background-attachment":"scroll","background-type":"","background-media":"","overlay-type":"","overlay-color":"","overlay-opacity":"","overlay-gradient":""},"tablet":{"background-color":"var(--ast-global-color-4)","background-image":"","background-repeat":"repeat","background-position":"center center","background-size":"auto","background-attachment":"scroll","background-type":"","background-media":"","overlay-type":"","overlay-color":"","overlay-opacity":"","overlay-gradient":""},"mobile":{"background-color":"var(--ast-global-color-4)","background-image":"","background-repeat":"repeat","background-position":"center center","background-size":"auto","background-attachment":"scroll","background-type":"","background-media":"","overlay-type":"","overlay-color":"","overlay-opacity":"","overlay-gradient":""}},"footnotes":""},"class_list":["post-5149","page","type-page","status-publish","has-post-thumbnail","hentry"],"_links":{"self":[{"href":"https:\/\/bgc-muenchen.de\/index.php?rest_route=\/wp\/v2\/pages\/5149","targetHints":{"allow":["GET"]}}],"collection":[{"href":"https:\/\/bgc-muenchen.de\/index.php?rest_route=\/wp\/v2\/pages"}],"about":[{"href":"https:\/\/bgc-muenchen.de\/index.php?rest_route=\/wp\/v2\/types\/page"}],"author":[{"embeddable":true,"href":"https:\/\/bgc-muenchen.de\/index.php?rest_route=\/wp\/v2\/users\/3"}],"replies":[{"embeddable":true,"href":"https:\/\/bgc-muenchen.de\/index.php?rest_route=%2Fwp%2Fv2%2Fcomments&post=5149"}],"version-history":[{"count":5,"href":"https:\/\/bgc-muenchen.de\/index.php?rest_route=\/wp\/v2\/pages\/5149\/revisions"}],"predecessor-version":[{"id":15346,"href":"https:\/\/bgc-muenchen.de\/index.php?rest_route=\/wp\/v2\/pages\/5149\/revisions\/15346"}],"wp:featuredmedia":[{"embeddable":true,"href":"https:\/\/bgc-muenchen.de\/index.php?rest_route=\/wp\/v2\/media\/2865"}],"wp:attachment":[{"href":"https:\/\/bgc-muenchen.de\/index.php?rest_route=%2Fwp%2Fv2%2Fmedia&parent=5149"}],"curies":[{"name":"wp","href":"https:\/\/api.w.org\/{rel}","templated":true}]}}