{"id":513,"date":"2015-07-28T19:03:09","date_gmt":"2015-07-28T19:03:09","guid":{"rendered":"https:\/\/bgc-muenchen.de\/?page_id=513"},"modified":"2026-03-11T13:34:57","modified_gmt":"2026-03-11T12:34:57","slug":"impressum","status":"publish","type":"page","link":"https:\/\/bgc-muenchen.de\/?page_id=513","title":{"rendered":"Impressum"},"content":{"rendered":"<p><b><span class=\"cf1\">Tanzsportclub Blau-Gold-Casino M\u00fcnchen e.V.<\/span><br \/>\n<span class=\"cf1\"> Ohmstr.14<\/span><br \/>\n<span class=\"cf1\"> 85757 Karlsfeld<\/span><\/b><\/p>\n<p>Telefon: +49 151 716 860 94<br \/>\nE-Mail: <a href=\"mailto:info@bgc-muenchen.de\">info@bgc-muenchen.de <\/a><br \/>\nInternet: <a href=\"https:\/\/bgc-muenchen.de\" target=\"_blank\" rel=\"noopener noreferrer\">www.bgc-muenchen.de<\/a><\/p>\n<h4>Vertretungsberechtigter Vorstand<\/h4>\n<div>Adela Jaga\u010dov\u00e1 (einzelberechtigt)<\/div>\n<div>Dorothea Plichta zusammen mit Anita M\u00e4rtl<\/div>\n<div><\/div>\n<div>Registergericht: Amtsgericht M\u00fcnchen<br \/>\nRegisternummer: VR 4530<\/div>\n<div>Umsatzsteuer-Identifikationsnummer gem\u00e4\u00df \u00a727a Umsatzsteuergesetz:\u00a0 DE 143\/211\/50498<\/div>\n<div><\/div>\n<div>E-Mail: <a href=\"mailto:info@bgc-muenchen.de\">info@bgc-muenchen.de <\/a><\/div>\n<p>&nbsp;<\/p>\n<h4>Gesch\u00e4ftsstelle<\/h4>\n<div>Blau-Gold-Casino M\u00fcnchen e.V.<br \/>\nc\/o Adela Jagacova<\/div>\n<div>Agnes-Bernauer-Str. 30d<\/div>\n<div>80687 M\u00fcnchen<\/div>\n<div>E-Mail: <a href=\"mailto:info@bgc-muenchen.de\">info@bgc-muenchen.de <\/a><\/div>\n<p>&nbsp;<\/p>\n<h4>Ansprechpartner<\/h4>\n<div>\n<table>\n<tbody>\n<tr>\n<td>1. Vorsitzender:<\/td>\n<td>2. Vorsitzender:<\/td>\n<td>3. Vorsitzender:<\/td>\n<\/tr>\n<tr>\n<td>Adela Jaga\u010dov\u00e1<\/td>\n<td>Dorothea Plichta<\/td>\n<td>Anita M\u00e4rtl<\/td>\n<\/tr>\n<\/tbody>\n<\/table>\n<\/div>\n","protected":false},"excerpt":{"rendered":"<p>Tanzsportclub Blau-Gold-Casino M\u00fcnchen e.V. Ohmstr.14 85757 Karlsfeld Telefon: +49 151 716 860 94 E-Mail: info@bgc-muenchen.de Internet: www.bgc-muenchen.de Vertretungsberechtigter Vorstand Adela Jaga\u010dov\u00e1 (einzelberechtigt) Dorothea Plichta zusammen mit Anita M\u00e4rtl Registergericht: Amtsgericht [&hellip;]<\/p>\n","protected":false},"author":3,"featured_media":0,"parent":5,"menu_order":0,"comment_status":"closed","ping_status":"closed","template":"","meta":{"site-sidebar-layout":"default","site-content-layout":"","ast-site-content-layout":"default","site-content-style":"default","site-sidebar-style":"default","ast-global-header-display":"","ast-banner-title-visibility":"","ast-main-header-display":"","ast-hfb-above-header-display":"","ast-hfb-below-header-display":"","ast-hfb-mobile-header-display":"","site-post-title":"","ast-breadcrumbs-content":"","ast-featured-img":"","footer-sml-layout":"","ast-disable-related-posts":"","theme-transparent-header-meta":"","adv-header-id-meta":"","stick-header-meta":"","header-above-stick-meta":"","header-main-stick-meta":"","header-below-stick-meta":"","astra-migrate-meta-layouts":"default","ast-page-background-enabled":"default","ast-page-background-meta":{"desktop":{"background-color":"var(--ast-global-color-5)","background-image":"","background-repeat":"repeat","background-position":"center center","background-size":"auto","background-attachment":"scroll","background-type":"","background-media":"","overlay-type":"","overlay-color":"","overlay-opacity":"","overlay-gradient":""},"tablet":{"background-color":"","background-image":"","background-repeat":"repeat","background-position":"center center","background-size":"auto","background-attachment":"scroll","background-type":"","background-media":"","overlay-type":"","overlay-color":"","overlay-opacity":"","overlay-gradient":""},"mobile":{"background-color":"","background-image":"","background-repeat":"repeat","background-position":"center center","background-size":"auto","background-attachment":"scroll","background-type":"","background-media":"","overlay-type":"","overlay-color":"","overlay-opacity":"","overlay-gradient":""}},"ast-content-background-meta":{"desktop":{"background-color":"var(--ast-global-color-4)","background-image":"","background-repeat":"repeat","background-position":"center center","background-size":"auto","background-attachment":"scroll","background-type":"","background-media":"","overlay-type":"","overlay-color":"","overlay-opacity":"","overlay-gradient":""},"tablet":{"background-color":"var(--ast-global-color-4)","background-image":"","background-repeat":"repeat","background-position":"center center","background-size":"auto","background-attachment":"scroll","background-type":"","background-media":"","overlay-type":"","overlay-color":"","overlay-opacity":"","overlay-gradient":""},"mobile":{"background-color":"var(--ast-global-color-4)","background-image":"","background-repeat":"repeat","background-position":"center center","background-size":"auto","background-attachment":"scroll","background-type":"","background-media":"","overlay-type":"","overlay-color":"","overlay-opacity":"","overlay-gradient":""}},"footnotes":""},"class_list":["post-513","page","type-page","status-publish","hentry"],"_links":{"self":[{"href":"https:\/\/bgc-muenchen.de\/index.php?rest_route=\/wp\/v2\/pages\/513","targetHints":{"allow":["GET"]}}],"collection":[{"href":"https:\/\/bgc-muenchen.de\/index.php?rest_route=\/wp\/v2\/pages"}],"about":[{"href":"https:\/\/bgc-muenchen.de\/index.php?rest_route=\/wp\/v2\/types\/page"}],"author":[{"embeddable":true,"href":"https:\/\/bgc-muenchen.de\/index.php?rest_route=\/wp\/v2\/users\/3"}],"replies":[{"embeddable":true,"href":"https:\/\/bgc-muenchen.de\/index.php?rest_route=%2Fwp%2Fv2%2Fcomments&post=513"}],"version-history":[{"count":5,"href":"https:\/\/bgc-muenchen.de\/index.php?rest_route=\/wp\/v2\/pages\/513\/revisions"}],"predecessor-version":[{"id":17372,"href":"https:\/\/bgc-muenchen.de\/index.php?rest_route=\/wp\/v2\/pages\/513\/revisions\/17372"}],"up":[{"embeddable":true,"href":"https:\/\/bgc-muenchen.de\/index.php?rest_route=\/wp\/v2\/pages\/5"}],"wp:attachment":[{"href":"https:\/\/bgc-muenchen.de\/index.php?rest_route=%2Fwp%2Fv2%2Fmedia&parent=513"}],"curies":[{"name":"wp","href":"https:\/\/api.w.org\/{rel}","templated":true}]}}