{"id":5084,"date":"2019-01-26T18:07:53","date_gmt":"2019-01-26T17:07:53","guid":{"rendered":"https:\/\/bgc-muenchen.de\/?page_id=5084"},"modified":"2020-06-25T18:10:01","modified_gmt":"2020-06-25T16:10:01","slug":"angebot","status":"publish","type":"page","link":"https:\/\/bgc-muenchen.de\/?page_id=5084","title":{"rendered":"Unser Tanzangebot"},"content":{"rendered":"<h4>Tanzen, der sch\u00f6nste Sport zu zweit<\/h4>\n<p><img loading=\"lazy\" decoding=\"async\" class=\"alignright wp-image-835 size-thumbnail\" src=\"https:\/\/bgc-muenchen.de\/wp-content\/uploads\/2015\/07\/pb_tango-100x150.jpg\" alt=\"pb_tango\" width=\"100\" height=\"150\" srcset=\"https:\/\/bgc-muenchen.de\/wp-content\/uploads\/2015\/07\/pb_tango-100x150.jpg 100w, https:\/\/bgc-muenchen.de\/wp-content\/uploads\/2015\/07\/pb_tango-200x300.jpg 200w, https:\/\/bgc-muenchen.de\/wp-content\/uploads\/2015\/07\/pb_tango-682x1024.jpg 682w, https:\/\/bgc-muenchen.de\/wp-content\/uploads\/2015\/07\/pb_tango.jpg 853w\" sizes=\"auto, (max-width: 100px) 100vw, 100px\" \/>Wann lagen Sie sich zuletzt in den Armen? Tanzsport ist neben Schwimmen und Langlauf eine der ges\u00fcndesten Sportarten \u00fcberhaupt. Tanzen st\u00e4rkt nicht nur die Muskeln und h\u00e4lt die Gelenke beweglich, es belebt obendrein die Seele. Es st\u00e4rkt das Herz, die Koordination, das Gleichgewicht, die Ausdauer, die k\u00f6rperliche Fitness und das Ged\u00e4chtnis.<\/p>\n<p>Durch die Musik und k\u00f6rperliche Kommunikation mit dem Partner entsteht eine neue Zweisamkeit. Man ist sich beim Tanzen nahe, liegt sich in den Armen und ist sich verbunden.<\/p>\n<h4><strong>Wir haben alle mal klein angefangen<\/strong><\/h4>\n<p>Jeder von uns hat irgendwann einmal mit dem Tanzen begonnen. Vom <strong><a href=\"https:\/\/bgc-muenchen.de\/alle-leistungsklassen\/#freizeitsport\">Freizeittanzen<\/a><\/strong> \u00fcber den <strong><a href=\"https:\/\/bgc-muenchen.de\/alle-leistungsklassen\/#breitensport\">Breitensport <\/a><\/strong>bis in den hohen <strong><a href=\"https:\/\/bgc-muenchen.de\/alle-leistungsklassen\/#turniersport\">Turniersport<\/a><\/strong>, von&nbsp; <strong><a href=\"https:\/\/bgc-muenchen.de\/alle-altersklassen\/#kinder\">Kindern<\/a><\/strong> \u00fcber <strong><a href=\"https:\/\/bgc-muenchen.de\/alle-altersklassen\/#jugendliche\">Jugendliche<\/a><\/strong>&nbsp;bis zu den <strong><a href=\"https:\/\/bgc-muenchen.de\/alle-altersklassen\/#senioren\">Senioren<\/a><\/strong> \ufb01nden Sie im Blau-Gold-Casino Gleichgesinnte. Wir haben exzellente <strong><a href=\"https:\/\/bgc-muenchen.de\/blau-gold-casino\/trainer\/\">Trainer und \u00dcbungsleiter<\/a><\/strong>, die mit hohem Anspruch und Engagement den Mitgliedern zur Seite stehen. Sie unterrichten nach den&nbsp;internationalen Basic- und Figurenreglements der TSO (Tanzsportordnung).<\/p>\n<p>So erlangen Sie die Sicherheit im F\u00fchren und Gef\u00fchrt werden, K\u00f6rperbalance und Ausdruck beim Tanzen. Sie lernen viele nette Leute kennen und k\u00f6nnen so Ihre Alltagssorgen f\u00fcr ein paar Stunden vergessen. Der Spa\u00df an der Bewegung zu guter Musik steht im Vordergrund.<\/p>\n<p>Wir legen gro\u00dfen Wert auf ein nachhaltiges Tanzerlebnis. Deshalb unterrichten wir zwei Monate lang jeweils zwei T\u00e4nze, einen Standard- und einen Lateintanz und vermitteln Ihnen sowohl die Technik als auch abwechslungsreiche und anspruchsvolle Choreographien. Beim Eintanzen werden alle zehn T\u00e4nze gespielt, so dass Ihr bereits erworbenes K\u00f6nnen erhalten bleibt.<\/p>\n<p><strong>Nutzen Sie unser Tanzangebot und kommen Sie zu uns. Wir freuen uns auf Sie!<\/strong><\/p>\n<hr>\n<p>[the-post-grid id=&#8220;7531&#8243; title=&#8220;Angebot&#8220;]<\/p>\n","protected":false},"excerpt":{"rendered":"<p>Tanzen, der sch\u00f6nste Sport zu zweit Wann lagen Sie sich zuletzt in den Armen? Tanzsport ist neben Schwimmen und Langlauf eine der ges\u00fcndesten Sportarten \u00fcberhaupt. Tanzen st\u00e4rkt nicht nur die [&hellip;]<\/p>\n","protected":false},"author":3,"featured_media":0,"parent":0,"menu_order":0,"comment_status":"closed","ping_status":"closed","template":"template-full.php","meta":{"site-sidebar-layout":"default","site-content-layout":"","ast-site-content-layout":"default","site-content-style":"default","site-sidebar-style":"default","ast-global-header-display":"","ast-banner-title-visibility":"","ast-main-header-display":"","ast-hfb-above-header-display":"","ast-hfb-below-header-display":"","ast-hfb-mobile-header-display":"","site-post-title":"","ast-breadcrumbs-content":"","ast-featured-img":"","footer-sml-layout":"","ast-disable-related-posts":"","theme-transparent-header-meta":"","adv-header-id-meta":"","stick-header-meta":"","header-above-stick-meta":"","header-main-stick-meta":"","header-below-stick-meta":"","astra-migrate-meta-layouts":"default","ast-page-background-enabled":"default","ast-page-background-meta":{"desktop":{"background-color":"var(--ast-global-color-5)","background-image":"","background-repeat":"repeat","background-position":"center center","background-size":"auto","background-attachment":"scroll","background-type":"","background-media":"","overlay-type":"","overlay-color":"","overlay-opacity":"","overlay-gradient":""},"tablet":{"background-color":"","background-image":"","background-repeat":"repeat","background-position":"center center","background-size":"auto","background-attachment":"scroll","background-type":"","background-media":"","overlay-type":"","overlay-color":"","overlay-opacity":"","overlay-gradient":""},"mobile":{"background-color":"","background-image":"","background-repeat":"repeat","background-position":"center center","background-size":"auto","background-attachment":"scroll","background-type":"","background-media":"","overlay-type":"","overlay-color":"","overlay-opacity":"","overlay-gradient":""}},"ast-content-background-meta":{"desktop":{"background-color":"var(--ast-global-color-4)","background-image":"","background-repeat":"repeat","background-position":"center center","background-size":"auto","background-attachment":"scroll","background-type":"","background-media":"","overlay-type":"","overlay-color":"","overlay-opacity":"","overlay-gradient":""},"tablet":{"background-color":"var(--ast-global-color-4)","background-image":"","background-repeat":"repeat","background-position":"center center","background-size":"auto","background-attachment":"scroll","background-type":"","background-media":"","overlay-type":"","overlay-color":"","overlay-opacity":"","overlay-gradient":""},"mobile":{"background-color":"var(--ast-global-color-4)","background-image":"","background-repeat":"repeat","background-position":"center center","background-size":"auto","background-attachment":"scroll","background-type":"","background-media":"","overlay-type":"","overlay-color":"","overlay-opacity":"","overlay-gradient":""}},"footnotes":""},"class_list":["post-5084","page","type-page","status-publish","hentry"],"_links":{"self":[{"href":"https:\/\/bgc-muenchen.de\/index.php?rest_route=\/wp\/v2\/pages\/5084","targetHints":{"allow":["GET"]}}],"collection":[{"href":"https:\/\/bgc-muenchen.de\/index.php?rest_route=\/wp\/v2\/pages"}],"about":[{"href":"https:\/\/bgc-muenchen.de\/index.php?rest_route=\/wp\/v2\/types\/page"}],"author":[{"embeddable":true,"href":"https:\/\/bgc-muenchen.de\/index.php?rest_route=\/wp\/v2\/users\/3"}],"replies":[{"embeddable":true,"href":"https:\/\/bgc-muenchen.de\/index.php?rest_route=%2Fwp%2Fv2%2Fcomments&post=5084"}],"version-history":[{"count":5,"href":"https:\/\/bgc-muenchen.de\/index.php?rest_route=\/wp\/v2\/pages\/5084\/revisions"}],"predecessor-version":[{"id":7537,"href":"https:\/\/bgc-muenchen.de\/index.php?rest_route=\/wp\/v2\/pages\/5084\/revisions\/7537"}],"wp:attachment":[{"href":"https:\/\/bgc-muenchen.de\/index.php?rest_route=%2Fwp%2Fv2%2Fmedia&parent=5084"}],"curies":[{"name":"wp","href":"https:\/\/api.w.org\/{rel}","templated":true}]}}