{"id":5,"date":"2015-05-08T20:50:53","date_gmt":"2015-05-08T18:50:53","guid":{"rendered":"http:\/\/wp.boesewehnerz.de\/wph\/?page_id=4"},"modified":"2019-01-27T22:37:23","modified_gmt":"2019-01-27T21:37:23","slug":"blau-gold-casino","status":"publish","type":"page","link":"https:\/\/bgc-muenchen.de\/?page_id=5","title":{"rendered":"Vereinsmotto"},"content":{"rendered":"<div><b><span class=\"cf1\">Wir sind Teil des gesellschaftlichen Lebens und f\u00f6rdern den engagierten Tanzsport ebenso wie das Tanzvergn\u00fcgen<img loading=\"lazy\" decoding=\"async\" class=\"alignright\" title=\"\" src=\"https:\/\/bgc-muenchen.de\/wp-content\/uploads\/2015\/08\/BGCBildRose059.jpg\" alt=\"\" width=\"130\" height=\"117\"><\/span><\/b><\/div>\n<div><span class=\"fs12\">Das Blau-Gold-Casino organisiert sowohl festliche B\u00e4lle als auch Turniere und bietet Tanzbegeisterten gesellschaftliche Begegnungsm\u00f6glichkeiten.&nbsp;Wir f\u00f6rdern den Tanz als Freizeitvergn\u00fcgen sowie den Turnier- und Breitensport durch ein vielf\u00e4ltiges Trainingsangebot.&nbsp;Wir bieten jedem die M\u00f6glichkeit sich im Vereinsleben zu engagieren und damit einen wichtigen gesellschaftlichen Beitrag zu leisten.<\/span><\/div>\n<div><b>&nbsp;<\/b><\/div>\n<div><b><span class=\"cf1\">Wir f\u00f6rdern Kinder und Jugendliche<\/span><\/b><\/div>\n<div><span class=\"fs12\">Kinder und Jugendliche sind die Zukunft des Vereins. Wir nehmen ihre W\u00fcnsche und Anregungen ernst.&nbsp;Das Blau-Gold-Casino f\u00fchrt Kinder und Jugendliche ohne Leistungsdruck an das Tanzen heran. Wir erm\u00f6glichen ihnen, entsprechend ihrer Interessen und F\u00e4higkeiten, in die Gruppen der \u00c4lteren hineinzuwachsen.<\/span><\/div>\n<div><b>&nbsp;<\/b><\/div>\n<div><b><span class=\"cf1\">Wir bieten Senioren geistige und k\u00f6rperliche Fitness durch Tanzsport<\/span><\/b><\/div>\n<div><span class=\"fs12\">Das Blau-Gold-Casino sch\u00e4tzt die Leistungen und das Engagement der \u00e4lteren Generation und bewahrt die famili\u00e4re Tradition des Vereins.&nbsp;Es bietet den Senioren ein eigenes Training und legt auf ihre Teilnahme am aktiven Vereinsleben gro\u00dfen Wert.<\/span><\/div>\n<div><b class=\"cf1\">&nbsp;<\/b><\/div>\n<div><b class=\"cf1\">Einfach vorbeikommen, wir freuen uns auf Euch <\/b><\/div>\n<div><span class=\"fs13\">Tanzen ist altersunabh\u00e4ngig! Wir integrieren Tanzbegeisterte aller Altersgruppen, speziell Kinder, Jugendliche und Senioren durch unseren Sport. Die Akzeptanz und die individuelle F\u00f6rderung des Einzelnen sind uns wichtig.<\/span><\/div>\n<div>&nbsp;<\/div>\n<div>Die harmonische Verbindung zwischen Sport, Tanzvergn\u00fcgen und gesellschaftlichen Veranstaltungen ist unsere Grundlage der Verst\u00e4ndigung zwischen Jung und Alt und zwischen tanzfreudigen Menschen jeder Herkunft.<\/div>\n","protected":false},"excerpt":{"rendered":"<p>Wir sind Teil des gesellschaftlichen Lebens und f\u00f6rdern den engagierten Tanzsport ebenso wie das Tanzvergn\u00fcgen Das Blau-Gold-Casino organisiert sowohl festliche B\u00e4lle als auch Turniere und bietet Tanzbegeisterten gesellschaftliche Begegnungsm\u00f6glichkeiten.&nbsp;Wir f\u00f6rdern [&hellip;]<\/p>\n","protected":false},"author":1,"featured_media":1101,"parent":0,"menu_order":0,"comment_status":"closed","ping_status":"closed","template":"","meta":{"site-sidebar-layout":"default","site-content-layout":"","ast-site-content-layout":"default","site-content-style":"default","site-sidebar-style":"default","ast-global-header-display":"","ast-banner-title-visibility":"","ast-main-header-display":"","ast-hfb-above-header-display":"","ast-hfb-below-header-display":"","ast-hfb-mobile-header-display":"","site-post-title":"","ast-breadcrumbs-content":"","ast-featured-img":"","footer-sml-layout":"","ast-disable-related-posts":"","theme-transparent-header-meta":"","adv-header-id-meta":"","stick-header-meta":"","header-above-stick-meta":"","header-main-stick-meta":"","header-below-stick-meta":"","astra-migrate-meta-layouts":"default","ast-page-background-enabled":"default","ast-page-background-meta":{"desktop":{"background-color":"var(--ast-global-color-5)","background-image":"","background-repeat":"repeat","background-position":"center center","background-size":"auto","background-attachment":"scroll","background-type":"","background-media":"","overlay-type":"","overlay-color":"","overlay-opacity":"","overlay-gradient":""},"tablet":{"background-color":"","background-image":"","background-repeat":"repeat","background-position":"center center","background-size":"auto","background-attachment":"scroll","background-type":"","background-media":"","overlay-type":"","overlay-color":"","overlay-opacity":"","overlay-gradient":""},"mobile":{"background-color":"","background-image":"","background-repeat":"repeat","background-position":"center center","background-size":"auto","background-attachment":"scroll","background-type":"","background-media":"","overlay-type":"","overlay-color":"","overlay-opacity":"","overlay-gradient":""}},"ast-content-background-meta":{"desktop":{"background-color":"var(--ast-global-color-4)","background-image":"","background-repeat":"repeat","background-position":"center center","background-size":"auto","background-attachment":"scroll","background-type":"","background-media":"","overlay-type":"","overlay-color":"","overlay-opacity":"","overlay-gradient":""},"tablet":{"background-color":"var(--ast-global-color-4)","background-image":"","background-repeat":"repeat","background-position":"center center","background-size":"auto","background-attachment":"scroll","background-type":"","background-media":"","overlay-type":"","overlay-color":"","overlay-opacity":"","overlay-gradient":""},"mobile":{"background-color":"var(--ast-global-color-4)","background-image":"","background-repeat":"repeat","background-position":"center center","background-size":"auto","background-attachment":"scroll","background-type":"","background-media":"","overlay-type":"","overlay-color":"","overlay-opacity":"","overlay-gradient":""}},"footnotes":""},"class_list":["post-5","page","type-page","status-publish","has-post-thumbnail","hentry"],"_links":{"self":[{"href":"https:\/\/bgc-muenchen.de\/index.php?rest_route=\/wp\/v2\/pages\/5","targetHints":{"allow":["GET"]}}],"collection":[{"href":"https:\/\/bgc-muenchen.de\/index.php?rest_route=\/wp\/v2\/pages"}],"about":[{"href":"https:\/\/bgc-muenchen.de\/index.php?rest_route=\/wp\/v2\/types\/page"}],"author":[{"embeddable":true,"href":"https:\/\/bgc-muenchen.de\/index.php?rest_route=\/wp\/v2\/users\/1"}],"replies":[{"embeddable":true,"href":"https:\/\/bgc-muenchen.de\/index.php?rest_route=%2Fwp%2Fv2%2Fcomments&post=5"}],"version-history":[{"count":6,"href":"https:\/\/bgc-muenchen.de\/index.php?rest_route=\/wp\/v2\/pages\/5\/revisions"}],"predecessor-version":[{"id":17057,"href":"https:\/\/bgc-muenchen.de\/index.php?rest_route=\/wp\/v2\/pages\/5\/revisions\/17057"}],"wp:featuredmedia":[{"embeddable":true,"href":"https:\/\/bgc-muenchen.de\/index.php?rest_route=\/wp\/v2\/media\/1101"}],"wp:attachment":[{"href":"https:\/\/bgc-muenchen.de\/index.php?rest_route=%2Fwp%2Fv2%2Fmedia&parent=5"}],"curies":[{"name":"wp","href":"https:\/\/api.w.org\/{rel}","templated":true}]}}