{"id":4859,"date":"2019-01-03T00:06:33","date_gmt":"2019-01-02T23:06:33","guid":{"rendered":"https:\/\/bgc-muenchen.de\/?page_id=4859"},"modified":"2019-02-01T22:38:27","modified_gmt":"2019-02-01T21:38:27","slug":"tag-der-offenen-tuer","status":"publish","type":"page","link":"https:\/\/bgc-muenchen.de\/?page_id=4859","title":{"rendered":"Tag der offenen T\u00fcr 2019"},"content":{"rendered":"\r\n<p>Am 10.2.2019 l\u00e4dt Sie der Tanzsportclub Blau-Gold-Casino M\u00fcnchen e.V. sehr herzlich ein zum Tag der offenen T\u00fcr.<\/p>\r\n\r\n\r\n\r\n<p>Von 14:00 \u2013 18:00 Uhr werden wir Ihnen unser Angebot vorstellen. Sie bekommen dabei die M\u00f6glichkeit, in von unseren Trainern geleiteten Workshops unser Angebot, unsere Trainer und Trainingsmethoden kennen zu lernen.<\/p>\r\n\r\n\r\n\r\n<p>F\u00fcr das leibliche Wohl wird ebenfalls gesorgt sein, bei Kaffee und Kuchen k\u00f6nnen Sie sich entsprechend st\u00e4rken. Der Eintritt ist selbstverst\u00e4ndlich frei.<\/p>\r\n\r\n\r\n\r\n<p>Hier ist das detaillierte Programm:<\/p>\r\n<table>\r\n<tbody>\r\n<tr>\r\n<td width=\"102\">\r\n<p><strong>14:00 Uhr<\/strong><\/p>\r\n<\/td>\r\n<td width=\"227\">\r\n<p><strong>Er\u00f6ffnung &#8211; Begr\u00fc\u00dfung<\/strong><\/p>\r\n<\/td>\r\n<td width=\"293\">\r\n<p>R\u00fcdiger<\/p>\r\n<\/td>\r\n<\/tr>\r\n<tr>\r\n<td width=\"102\">\r\n<p><strong>14:10 Uhr<\/strong><\/p>\r\n<\/td>\r\n<td width=\"227\">\r\n<p><strong>Vorf\u00fchrung<\/strong><\/p>\r\n<\/td>\r\n<td width=\"293\">\r\n<p>Turnierpaare Standard &nbsp;<\/p>\r\n<\/td>\r\n<\/tr>\r\n<tr>\r\n<td width=\"102\">\r\n<p><strong>14:30 Uhr<\/strong><\/p>\r\n<\/td>\r\n<td width=\"227\">\r\n<p><strong>Workshop Discofox Einsteiger<\/strong><\/p>\r\n<\/td>\r\n<td width=\"293\">\r\n<p>Marlit und Markus<\/p>\r\n<\/td>\r\n<\/tr>\r\n<tr>\r\n<td width=\"102\">\r\n<p><strong>&nbsp;<\/strong><\/p>\r\n<\/td>\r\n<td width=\"227\">\r\n<p><strong>Vorf\u00fchrung<\/strong><\/p>\r\n<\/td>\r\n<td width=\"293\">\r\n<p>Discofox<\/p>\r\n<\/td>\r\n<\/tr>\r\n<tr>\r\n<td width=\"102\">\r\n<p><strong>15:00 Uhr<\/strong><\/p>\r\n<\/td>\r\n<td width=\"227\">\r\n<p><strong>Workshop Latein<\/strong><\/p>\r\n<\/td>\r\n<td width=\"293\">\r\n<p>Nadine<\/p>\r\n<\/td>\r\n<\/tr>\r\n<tr>\r\n<td width=\"102\">\r\n<p><strong>&nbsp;<\/strong><\/p>\r\n<\/td>\r\n<td width=\"227\">\r\n<p><strong>Vorf\u00fchrung<br><\/strong><\/p>\r\n<\/td>\r\n<td width=\"293\">\r\n<p>Turnierpaar Latein<\/p>\r\n<p>Jugend Latein&nbsp;<\/p>\r\n<\/td>\r\n<\/tr>\r\n<tr>\r\n<td width=\"102\">\r\n<p><strong>15:30 Uhr <\/strong><\/p>\r\n<\/td>\r\n<td width=\"227\">\r\n<p><strong>Workshop Kinder \/ Jugend<\/strong><\/p>\r\n<\/td>\r\n<td width=\"293\">\r\n<p>Gisela<\/p>\r\n<\/td>\r\n<\/tr>\r\n<tr>\r\n<td width=\"102\">\r\n<p><strong>&nbsp;<\/strong><\/p>\r\n<\/td>\r\n<td width=\"227\">\r\n<p><strong>Vorf\u00fchrung<\/strong><\/p>\r\n<\/td>\r\n<td width=\"293\">\r\n<p>Kinder<\/p>\r\n<p>Jugend Latein &nbsp;<\/p>\r\n<p>Jugend-Breitensportpaar Standard<\/p>\r\n<\/td>\r\n<\/tr>\r\n<tr>\r\n<td width=\"102\">\r\n<p><strong>16:00 Uhr<\/strong><\/p>\r\n<\/td>\r\n<td width=\"227\">\r\n<p><strong>Workshop Standard <\/strong><\/p>\r\n<\/td>\r\n<td width=\"293\">\r\n<p>Karl<\/p>\r\n<\/td>\r\n<\/tr>\r\n<tr>\r\n<td width=\"102\">\r\n<p><strong>&nbsp;<\/strong><\/p>\r\n<\/td>\r\n<td width=\"227\">\r\n<p><strong>Vorf\u00fchrung<\/strong><\/p>\r\n<\/td>\r\n<td width=\"293\">\r\n<p>Turnierpaare Standard<\/p>\r\n<\/td>\r\n<\/tr>\r\n<tr>\r\n<td width=\"102\">\r\n<p><strong>16:30 Uhr<\/strong><\/p>\r\n<\/td>\r\n<td width=\"227\">\r\n<p><strong>Workshop Modern \u2013 Jazz \u2013 Contemporary Dance<\/strong><\/p>\r\n<\/td>\r\n<td width=\"293\">\r\n<p>Christina<\/p>\r\n<\/td>\r\n<\/tr>\r\n<tr>\r\n<td width=\"102\">\r\n<p><strong>&nbsp;<\/strong><\/p>\r\n<\/td>\r\n<td width=\"227\">\r\n<p><strong>Vorf\u00fchrung<\/strong><\/p>\r\n<\/td>\r\n<td width=\"293\">\r\n<p>&nbsp;<\/p>\r\n<\/td>\r\n<\/tr>\r\n<tr>\r\n<td width=\"102\">\r\n<p><strong>17:00 Uhr <\/strong><\/p>\r\n<\/td>\r\n<td width=\"227\">\r\n<p><strong>Workshop Discofox Fortgeschrittene<\/strong><\/p>\r\n<\/td>\r\n<td width=\"293\">\r\n<p>Beate und Thomas<\/p>\r\n<\/td>\r\n<\/tr>\r\n<tr>\r\n<td width=\"102\">\r\n<p><strong>&nbsp;<\/strong><\/p>\r\n<\/td>\r\n<td width=\"227\">\r\n<p><strong>Vorf\u00fchrung<\/strong><\/p>\r\n<\/td>\r\n<td width=\"293\">\r\n<p>Discofox<\/p>\r\n<\/td>\r\n<\/tr>\r\n<tr>\r\n<td width=\"102\">\r\n<p><strong>17:30 Uhr<\/strong><\/p>\r\n<\/td>\r\n<td width=\"227\">\r\n<p><strong>Workshop Linedance<\/strong><\/p>\r\n<\/td>\r\n<td width=\"293\">\r\n<p>Anton<\/p>\r\n<\/td>\r\n<\/tr>\r\n<tr>\r\n<td width=\"102\">\r\n<p><strong>18:30 Uhr<br><\/strong><\/p>\r\n<\/td>\r\n<td width=\"227\">\r\n<p><strong>Ende<\/strong><\/p>\r\n<\/td>\r\n<td width=\"293\">\r\n<p>&nbsp;<\/p>\r\n<\/td>\r\n<\/tr>\r\n<\/tbody>\r\n<\/table>\r\n<p>Wir freunen uns auf Ihren Besuch.<\/p>","protected":false},"excerpt":{"rendered":"<p>Am 10.2.2019 l\u00e4dt Sie der Tanzsportclub Blau-Gold-Casino M\u00fcnchen e.V. sehr herzlich ein zum Tag der offenen T\u00fcr. Von 14:00 \u2013 18:00 Uhr werden wir Ihnen unser Angebot vorstellen. Sie bekommen [&hellip;]<\/p>\n","protected":false},"author":3,"featured_media":5106,"parent":0,"menu_order":0,"comment_status":"closed","ping_status":"closed","template":"","meta":{"site-sidebar-layout":"default","site-content-layout":"","ast-site-content-layout":"default","site-content-style":"default","site-sidebar-style":"default","ast-global-header-display":"","ast-banner-title-visibility":"","ast-main-header-display":"","ast-hfb-above-header-display":"","ast-hfb-below-header-display":"","ast-hfb-mobile-header-display":"","site-post-title":"","ast-breadcrumbs-content":"","ast-featured-img":"","footer-sml-layout":"","ast-disable-related-posts":"","theme-transparent-header-meta":"","adv-header-id-meta":"","stick-header-meta":"","header-above-stick-meta":"","header-main-stick-meta":"","header-below-stick-meta":"","astra-migrate-meta-layouts":"default","ast-page-background-enabled":"default","ast-page-background-meta":{"desktop":{"background-color":"var(--ast-global-color-5)","background-image":"","background-repeat":"repeat","background-position":"center center","background-size":"auto","background-attachment":"scroll","background-type":"","background-media":"","overlay-type":"","overlay-color":"","overlay-opacity":"","overlay-gradient":""},"tablet":{"background-color":"","background-image":"","background-repeat":"repeat","background-position":"center center","background-size":"auto","background-attachment":"scroll","background-type":"","background-media":"","overlay-type":"","overlay-color":"","overlay-opacity":"","overlay-gradient":""},"mobile":{"background-color":"","background-image":"","background-repeat":"repeat","background-position":"center center","background-size":"auto","background-attachment":"scroll","background-type":"","background-media":"","overlay-type":"","overlay-color":"","overlay-opacity":"","overlay-gradient":""}},"ast-content-background-meta":{"desktop":{"background-color":"var(--ast-global-color-4)","background-image":"","background-repeat":"repeat","background-position":"center center","background-size":"auto","background-attachment":"scroll","background-type":"","background-media":"","overlay-type":"","overlay-color":"","overlay-opacity":"","overlay-gradient":""},"tablet":{"background-color":"var(--ast-global-color-4)","background-image":"","background-repeat":"repeat","background-position":"center center","background-size":"auto","background-attachment":"scroll","background-type":"","background-media":"","overlay-type":"","overlay-color":"","overlay-opacity":"","overlay-gradient":""},"mobile":{"background-color":"var(--ast-global-color-4)","background-image":"","background-repeat":"repeat","background-position":"center center","background-size":"auto","background-attachment":"scroll","background-type":"","background-media":"","overlay-type":"","overlay-color":"","overlay-opacity":"","overlay-gradient":""}},"footnotes":""},"class_list":["post-4859","page","type-page","status-publish","has-post-thumbnail","hentry"],"_links":{"self":[{"href":"https:\/\/bgc-muenchen.de\/index.php?rest_route=\/wp\/v2\/pages\/4859","targetHints":{"allow":["GET"]}}],"collection":[{"href":"https:\/\/bgc-muenchen.de\/index.php?rest_route=\/wp\/v2\/pages"}],"about":[{"href":"https:\/\/bgc-muenchen.de\/index.php?rest_route=\/wp\/v2\/types\/page"}],"author":[{"embeddable":true,"href":"https:\/\/bgc-muenchen.de\/index.php?rest_route=\/wp\/v2\/users\/3"}],"replies":[{"embeddable":true,"href":"https:\/\/bgc-muenchen.de\/index.php?rest_route=%2Fwp%2Fv2%2Fcomments&post=4859"}],"version-history":[{"count":5,"href":"https:\/\/bgc-muenchen.de\/index.php?rest_route=\/wp\/v2\/pages\/4859\/revisions"}],"predecessor-version":[{"id":5173,"href":"https:\/\/bgc-muenchen.de\/index.php?rest_route=\/wp\/v2\/pages\/4859\/revisions\/5173"}],"wp:featuredmedia":[{"embeddable":true,"href":"https:\/\/bgc-muenchen.de\/index.php?rest_route=\/wp\/v2\/media\/5106"}],"wp:attachment":[{"href":"https:\/\/bgc-muenchen.de\/index.php?rest_route=%2Fwp%2Fv2%2Fmedia&parent=4859"}],"curies":[{"name":"wp","href":"https:\/\/api.w.org\/{rel}","templated":true}]}}