{"id":4615,"date":"2018-01-02T06:00:39","date_gmt":"2018-01-02T05:00:39","guid":{"rendered":"https:\/\/bgc-muenchen.de\/?page_id=4615"},"modified":"2026-03-10T13:36:09","modified_gmt":"2026-03-10T12:36:09","slug":"alle-leistungsklassen","status":"publish","type":"page","link":"https:\/\/bgc-muenchen.de\/?page_id=4615","title":{"rendered":"Alle Leistungsklassen"},"content":{"rendered":"<p>Vom Freizeitsport \u00fcber den Breitensport k\u00f6nnen Sie sich bis in den Turniersport entwickeln.<\/p>\n<p><!--more-->Unsere ausgezeichneten Trainer helfen Ihnen dabei, auf das gew\u00fcnschte Niveau zu kommen.<\/p>\n<hr \/>\n<h3><a id=\"freizeitsport\"><\/a>Freizeitsport<\/h3>\n<p>Sie wollen in ihrer Freizeit tanzen und Ihr K\u00f6nnen erweitern, damit Tanzen zum reinsten Vergn\u00fcgen wird, dann kommen Sie zu uns.<\/p>\n<h4>Trainingszeiten<\/h4>\n<table style=\"width: 100%; height: 216px;\" border=\"1\">\n<tbody>\n<tr style=\"height: 24px;\">\n<td style=\"width: 26.9841%; height: 24px;\"><strong>Wochentag<\/strong><\/td>\n<td style=\"width: 17.0068%; height: 24px;\"><strong>Uhrzeit<\/strong><\/td>\n<td style=\"width: 53.7415%; height: 24px;\"><strong>Beschreibung<\/strong><\/td>\n<\/tr>\n<tr style=\"height: 24px;\">\n<td style=\"width: 26.9841%; height: 24px;\"><strong>Dienstag <\/strong><\/td>\n<td style=\"width: 17.0068%; height: 24px;\">16:00 &#8211; 17:00<\/td>\n<td style=\"width: 53.7415%; height: 24px;\">Standard\/Latein f\u00fcr unsere Senioren 60+<\/td>\n<\/tr>\n<tr>\n<td style=\"width: 26.9841%;\"><strong>\u00a0<\/strong><\/td>\n<td style=\"width: 17.0068%;\">18:30-20:00<\/td>\n<td style=\"width: 53.7415%;\">Einsteigertraining<\/td>\n<\/tr>\n<tr style=\"height: 24px;\">\n<td style=\"width: 26.9841%; height: 24px;\"><strong>Freitag<\/strong><\/td>\n<td style=\"width: 17.0068%; height: 24px;\">16:00-17:30<\/td>\n<td style=\"width: 53.7415%; height: 24px;\">Youngsters (Kinder und Jugendliche)<\/td>\n<\/tr>\n<tr>\n<td style=\"width: 26.9841%;\"><strong>\u00a0<\/strong><\/td>\n<td style=\"width: 17.0068%;\">17:45-18:45<\/td>\n<td style=\"width: 53.7415%;\">Anf\u00e4nger <em>nach vorherigen Anmeldung<\/em><\/td>\n<\/tr>\n<tr style=\"height: 24px;\">\n<td style=\"width: 26.9841%; height: 24px;\"><\/td>\n<td style=\"width: 17.0068%; height: 24px;\">19:00 &#8211; 20:00<\/td>\n<td style=\"width: 53.7415%; height: 24px;\">Standard &#8211; Technik und Choreographie<\/td>\n<\/tr>\n<tr style=\"height: 24px;\">\n<td style=\"width: 26.9841%; height: 24px;\"><\/td>\n<td style=\"width: 17.0068%; height: 24px;\">20:00 &#8211; 21:00<\/td>\n<td style=\"width: 53.7415%; height: 24px;\">Latein &#8211; Technik und Choreographie<\/td>\n<\/tr>\n<tr style=\"height: 24px;\">\n<td style=\"width: 26.9841%; height: 24px;\"><strong>Sonntag<\/strong><\/td>\n<td style=\"width: 17.0068%; height: 24px;\">18:00 &#8211; 19:00<\/td>\n<td style=\"width: 53.7415%; height: 24px;\">Standard &#8211; Technik und Choreographie<\/td>\n<\/tr>\n<tr style=\"height: 24px;\">\n<td style=\"width: 26.9841%; height: 24px;\"><\/td>\n<td style=\"width: 17.0068%; height: 24px;\">19:00 &#8211; 20:00<\/td>\n<td style=\"width: 53.7415%; height: 24px;\">Latein &#8211; Technik und Choreographie<\/td>\n<\/tr>\n<\/tbody>\n<\/table>\n<hr \/>\n<h3><a id=\"turniersport\"><\/a>Turniersport<\/h3>\n<p>Traditionsgem\u00e4\u00df f\u00f6rdern wir auch den Turniersport. Dazu werden Workshops angeboten, die jeweils in unserem Veranstaltungskalender angek\u00fcndigt werden. Selbstverst\u00e4ndlich stehen unsere Trainingsr\u00e4ume den Turnierpaaren auch f\u00fcr das gemeinsame bzw. individuelle Training zur Verf\u00fcgung.<\/p>\n<p>Im Fr\u00fchjahr veranstaltet das Blau-Gold-Casino das Turnier um den <a href=\"https:\/\/bgc-muenchen.de\/galkepokal\/\"><strong>Horst- und Ilse-Dore Galke-Ged\u00e4chtnis-Wanderpokal<\/strong> <\/a>im Karlsfelder B\u00fcrgerhaus.<\/p>\n<h3><a id=\"formation\"><\/a>Formation<\/h3>\n<p>Formationstanzen ist im Gegensatz zum Paartanz und Solotanz das gemeinsame koordinierte Tanzen von mehr als zwei Paaren. Formationen bestehen aus mindestens 6 \u2013 10 Paaren. Sie tanzen in Bildern, die gleiche Choreographie mit \u2013 zum Teil \u2013 unterschiedlichen T\u00e4nzen. Unsere Formation besteht ausschlie\u00dflich aus Hobbyt\u00e4nzern und tritt regelm\u00e4\u00dfig bei Veranstaltungen wie z.B. bei der Messe 66 oder dem von Blau-Gold-Casino M\u00fcnchen organisierten <strong>Kerzenball<\/strong> auf.<\/p>\n<h4>Trainingszeiten<\/h4>\n<table style=\"width: 98.3157%;\" border=\"1\">\n<tbody>\n<tr>\n<td style=\"width: 34.6943%;\"><strong>Wochentag<\/strong><\/td>\n<td style=\"width: 20.494%;\"><strong>Uhrzeit<\/strong><\/td>\n<td style=\"width: 230.075%;\"><strong>Beschreibung<\/strong><\/td>\n<\/tr>\n<tr>\n<td style=\"width: 34.6943%;\"><strong>Sonntag<\/strong> (nach Vereinbarung)<\/td>\n<td style=\"width: 20.494%;\">10:30 &#8211; 12:00<\/td>\n<td style=\"width: 230.075%;\">Formationstraining<\/td>\n<\/tr>\n<\/tbody>\n<\/table>\n<p>&nbsp;<\/p>\n","protected":false},"excerpt":{"rendered":"<p>Vom Freizeitsport \u00fcber den Breitensport k\u00f6nnen Sie sich bis in den Turniersport entwickeln.<\/p>\n","protected":false},"author":3,"featured_media":0,"parent":5084,"menu_order":0,"comment_status":"closed","ping_status":"closed","template":"","meta":{"site-sidebar-layout":"default","site-content-layout":"","ast-site-content-layout":"default","site-content-style":"default","site-sidebar-style":"default","ast-global-header-display":"","ast-banner-title-visibility":"","ast-main-header-display":"","ast-hfb-above-header-display":"","ast-hfb-below-header-display":"","ast-hfb-mobile-header-display":"","site-post-title":"","ast-breadcrumbs-content":"","ast-featured-img":"","footer-sml-layout":"","ast-disable-related-posts":"","theme-transparent-header-meta":"","adv-header-id-meta":"","stick-header-meta":"","header-above-stick-meta":"","header-main-stick-meta":"","header-below-stick-meta":"","astra-migrate-meta-layouts":"default","ast-page-background-enabled":"default","ast-page-background-meta":{"desktop":{"background-color":"var(--ast-global-color-5)","background-image":"","background-repeat":"repeat","background-position":"center center","background-size":"auto","background-attachment":"scroll","background-type":"","background-media":"","overlay-type":"","overlay-color":"","overlay-opacity":"","overlay-gradient":""},"tablet":{"background-color":"","background-image":"","background-repeat":"repeat","background-position":"center center","background-size":"auto","background-attachment":"scroll","background-type":"","background-media":"","overlay-type":"","overlay-color":"","overlay-opacity":"","overlay-gradient":""},"mobile":{"background-color":"","background-image":"","background-repeat":"repeat","background-position":"center center","background-size":"auto","background-attachment":"scroll","background-type":"","background-media":"","overlay-type":"","overlay-color":"","overlay-opacity":"","overlay-gradient":""}},"ast-content-background-meta":{"desktop":{"background-color":"var(--ast-global-color-4)","background-image":"","background-repeat":"repeat","background-position":"center center","background-size":"auto","background-attachment":"scroll","background-type":"","background-media":"","overlay-type":"","overlay-color":"","overlay-opacity":"","overlay-gradient":""},"tablet":{"background-color":"var(--ast-global-color-4)","background-image":"","background-repeat":"repeat","background-position":"center center","background-size":"auto","background-attachment":"scroll","background-type":"","background-media":"","overlay-type":"","overlay-color":"","overlay-opacity":"","overlay-gradient":""},"mobile":{"background-color":"var(--ast-global-color-4)","background-image":"","background-repeat":"repeat","background-position":"center center","background-size":"auto","background-attachment":"scroll","background-type":"","background-media":"","overlay-type":"","overlay-color":"","overlay-opacity":"","overlay-gradient":""}},"footnotes":""},"class_list":["post-4615","page","type-page","status-publish","hentry"],"_links":{"self":[{"href":"https:\/\/bgc-muenchen.de\/index.php?rest_route=\/wp\/v2\/pages\/4615","targetHints":{"allow":["GET"]}}],"collection":[{"href":"https:\/\/bgc-muenchen.de\/index.php?rest_route=\/wp\/v2\/pages"}],"about":[{"href":"https:\/\/bgc-muenchen.de\/index.php?rest_route=\/wp\/v2\/types\/page"}],"author":[{"embeddable":true,"href":"https:\/\/bgc-muenchen.de\/index.php?rest_route=\/wp\/v2\/users\/3"}],"replies":[{"embeddable":true,"href":"https:\/\/bgc-muenchen.de\/index.php?rest_route=%2Fwp%2Fv2%2Fcomments&post=4615"}],"version-history":[{"count":4,"href":"https:\/\/bgc-muenchen.de\/index.php?rest_route=\/wp\/v2\/pages\/4615\/revisions"}],"predecessor-version":[{"id":16859,"href":"https:\/\/bgc-muenchen.de\/index.php?rest_route=\/wp\/v2\/pages\/4615\/revisions\/16859"}],"up":[{"embeddable":true,"href":"https:\/\/bgc-muenchen.de\/index.php?rest_route=\/wp\/v2\/pages\/5084"}],"wp:attachment":[{"href":"https:\/\/bgc-muenchen.de\/index.php?rest_route=%2Fwp%2Fv2%2Fmedia&parent=4615"}],"curies":[{"name":"wp","href":"https:\/\/api.w.org\/{rel}","templated":true}]}}