{"id":4613,"date":"2018-01-02T06:00:59","date_gmt":"2018-01-02T05:00:59","guid":{"rendered":"https:\/\/bgc-muenchen.de\/?page_id=4613"},"modified":"2026-03-10T13:35:03","modified_gmt":"2026-03-10T12:35:03","slug":"alle-altersklassen","status":"publish","type":"page","link":"https:\/\/bgc-muenchen.de\/?page_id=4613","title":{"rendered":"Alle Altersklassen"},"content":{"rendered":"<p>Vom Kinder- bis zum spezifischen Senioren-Training haben wir ein altersgerechtes Angebot.<\/p>\n<p><!--more--><\/p>\n<hr \/>\n<p>&nbsp;<\/p>\n<h3>Youngsters<\/h3>\n<p>Hier erlernen die Kinder das Tanzen mit Partner, zu einfachen Choreographien in den Standard- und Lateint\u00e4nzen.<\/p>\n<p><a id=\"jugendliche\"><\/a>Die Jugendlichen lernen mit Partner\/Partnerin ansprechende Choreographien in den Standard- und Lateint\u00e4nzen und d\u00fcrfen diese an Clubfesten- und Veranstaltungen vorf\u00fchren. Bei entsprechendem Interesse f\u00f6rdern wir auch den Einstieg in den Breiten- bzw. Turniersport.<\/p>\n<h4>Trainingszeiten (au\u00dferhalb der Ferien)<\/h4>\n<table style=\"width: 28.0995%;\" border=\"1\">\n<tbody>\n<tr>\n<td style=\"width: 49.7436%;\"><strong>Wochentag<\/strong><\/td>\n<td style=\"width: 153.846%;\"><strong>Uhrzeit<\/strong><\/td>\n<\/tr>\n<tr>\n<td style=\"width: 49.7436%;\">Freitag<\/td>\n<td style=\"width: 153.846%;\">16:00 &#8211; 17:30<\/td>\n<\/tr>\n<\/tbody>\n<\/table>\n<hr \/>\n<h3><a id=\"erwaschene\"><\/a>Erwachsene<\/h3>\n<p>F\u00fcr die Erwachsenen stehen umfangreiche Trainingsm\u00f6glichkeiten im Bereich <a href=\"https:\/\/bgc-muenchen.de\/angebot\/unterschiedliche-tanzstile#stdlat\" target=\"_blank\" rel=\"noopener\"><strong>Standard\/Latein<\/strong><\/a>, <a href=\"https:\/\/bgc-muenchen.de\/angebot\/unterschiedliche-tanzstile#discofox\" target=\"_blank\" rel=\"noopener\"><strong>Discofox<\/strong><\/a> bereit. Die entsprechenden Termine entnehmen Sie am besten unserem <a href=\"https:\/\/bgc-muenchen.de\/angebot\/trainingsplan\/\"><strong>Trainingsplan<\/strong><\/a>.<\/p>\n<hr \/>\n<h3><a id=\"senioren\"><\/a>Seniorentraining 60 plus<\/h3>\n<p>Zus\u00e4tzlich zum Trainingsangebot treffen sich unsere Senioren\u00a0 jeweils dienstags am Nachmittag mit unserem Trainer Karl \u201eCharly\u201c Kl\u00f6pfer. Das Training ist speziell auf Senioren abgestimmt, es \u00fcberfordert nicht und bietet viel Zeit zum freien Tanzen.<\/p>\n<p>Neben dem Tanzen ist jedoch auch die soziale Komponente von gro\u00dfer Bedeutung. Denn Teil der Veranstaltung ist &#8211; jeden 1. Dienstag im Monat &#8211; ein gemeinsames Kaffeekr\u00e4nzchen mit Kaffee, Tee und Kuchen.<\/p>\n<h4>Trainingszeiten<\/h4>\n<table style=\"width: 39.0245%;\" border=\"1\">\n<tbody>\n<tr>\n<td style=\"width: 65.6477%;\"><strong>Wochentag<\/strong><\/td>\n<td style=\"width: 180.985%;\"><strong>Uhrzeit<\/strong><\/td>\n<\/tr>\n<tr>\n<td style=\"width: 65.6477%;\">1. Dienstag im Monat<\/td>\n<td style=\"width: 180.985%;\">16:00 &#8211; 17:00<\/td>\n<\/tr>\n<tr>\n<td style=\"width: 65.6477%;\">weitere Dienstage<\/td>\n<td style=\"width: 180.985%;\">17:00 &#8211; 18:00<\/td>\n<\/tr>\n<\/tbody>\n<\/table>\n<p>Alle Termine im \u00dcberblick finden Sie in unserem <strong><a href=\"https:\/\/bgc-muenchen.de\/tanzen\/trainingsplan\/\">Trainingsplan<\/a><\/strong>.<\/p>\n","protected":false},"excerpt":{"rendered":"<p>Vom Kinder- bis zum spezifischen Senioren-Training haben wir ein altersgerechtes Angebot.<\/p>\n","protected":false},"author":3,"featured_media":0,"parent":5084,"menu_order":0,"comment_status":"closed","ping_status":"closed","template":"","meta":{"site-sidebar-layout":"default","site-content-layout":"","ast-site-content-layout":"default","site-content-style":"default","site-sidebar-style":"default","ast-global-header-display":"","ast-banner-title-visibility":"","ast-main-header-display":"","ast-hfb-above-header-display":"","ast-hfb-below-header-display":"","ast-hfb-mobile-header-display":"","site-post-title":"","ast-breadcrumbs-content":"","ast-featured-img":"","footer-sml-layout":"","ast-disable-related-posts":"","theme-transparent-header-meta":"","adv-header-id-meta":"","stick-header-meta":"","header-above-stick-meta":"","header-main-stick-meta":"","header-below-stick-meta":"","astra-migrate-meta-layouts":"default","ast-page-background-enabled":"default","ast-page-background-meta":{"desktop":{"background-color":"var(--ast-global-color-5)","background-image":"","background-repeat":"repeat","background-position":"center center","background-size":"auto","background-attachment":"scroll","background-type":"","background-media":"","overlay-type":"","overlay-color":"","overlay-opacity":"","overlay-gradient":""},"tablet":{"background-color":"","background-image":"","background-repeat":"repeat","background-position":"center center","background-size":"auto","background-attachment":"scroll","background-type":"","background-media":"","overlay-type":"","overlay-color":"","overlay-opacity":"","overlay-gradient":""},"mobile":{"background-color":"","background-image":"","background-repeat":"repeat","background-position":"center center","background-size":"auto","background-attachment":"scroll","background-type":"","background-media":"","overlay-type":"","overlay-color":"","overlay-opacity":"","overlay-gradient":""}},"ast-content-background-meta":{"desktop":{"background-color":"var(--ast-global-color-4)","background-image":"","background-repeat":"repeat","background-position":"center center","background-size":"auto","background-attachment":"scroll","background-type":"","background-media":"","overlay-type":"","overlay-color":"","overlay-opacity":"","overlay-gradient":""},"tablet":{"background-color":"var(--ast-global-color-4)","background-image":"","background-repeat":"repeat","background-position":"center center","background-size":"auto","background-attachment":"scroll","background-type":"","background-media":"","overlay-type":"","overlay-color":"","overlay-opacity":"","overlay-gradient":""},"mobile":{"background-color":"var(--ast-global-color-4)","background-image":"","background-repeat":"repeat","background-position":"center center","background-size":"auto","background-attachment":"scroll","background-type":"","background-media":"","overlay-type":"","overlay-color":"","overlay-opacity":"","overlay-gradient":""}},"footnotes":""},"class_list":["post-4613","page","type-page","status-publish","hentry"],"_links":{"self":[{"href":"https:\/\/bgc-muenchen.de\/index.php?rest_route=\/wp\/v2\/pages\/4613","targetHints":{"allow":["GET"]}}],"collection":[{"href":"https:\/\/bgc-muenchen.de\/index.php?rest_route=\/wp\/v2\/pages"}],"about":[{"href":"https:\/\/bgc-muenchen.de\/index.php?rest_route=\/wp\/v2\/types\/page"}],"author":[{"embeddable":true,"href":"https:\/\/bgc-muenchen.de\/index.php?rest_route=\/wp\/v2\/users\/3"}],"replies":[{"embeddable":true,"href":"https:\/\/bgc-muenchen.de\/index.php?rest_route=%2Fwp%2Fv2%2Fcomments&post=4613"}],"version-history":[{"count":4,"href":"https:\/\/bgc-muenchen.de\/index.php?rest_route=\/wp\/v2\/pages\/4613\/revisions"}],"predecessor-version":[{"id":16637,"href":"https:\/\/bgc-muenchen.de\/index.php?rest_route=\/wp\/v2\/pages\/4613\/revisions\/16637"}],"up":[{"embeddable":true,"href":"https:\/\/bgc-muenchen.de\/index.php?rest_route=\/wp\/v2\/pages\/5084"}],"wp:attachment":[{"href":"https:\/\/bgc-muenchen.de\/index.php?rest_route=%2Fwp%2Fv2%2Fmedia&parent=4613"}],"curies":[{"name":"wp","href":"https:\/\/api.w.org\/{rel}","templated":true}]}}