{"id":4470,"date":"2018-06-04T09:48:37","date_gmt":"2018-06-04T08:48:37","guid":{"rendered":"https:\/\/bgc-muenchen.de\/?page_id=4470"},"modified":"2022-06-03T14:48:41","modified_gmt":"2022-06-03T12:48:41","slug":"datenschutz","status":"publish","type":"page","link":"https:\/\/bgc-muenchen.de\/?page_id=4470","title":{"rendered":"Datenschutzverordnung"},"content":{"rendered":"<p><strong>Blau-Gold-Casino M\u00fcnchen e.V.<\/strong> als verantwortliche Stelle verarbeitet und nutzt die im Aufnahmeantrag erhobenen personenbezogenen Daten, wie Name, Vorname, Geburtsdatum, Adresse, E-Mail-Adresse, Telefonnummer, Beruf und Bankverbindung, ausschlie\u00dflich zum Zwecke der Mitgliederverwaltung, der Kommunikation, des Beitragseinzuges und der \u00dcbermittlung von Vereinsinformationen durch den Verein. Eine \u00dcbermittlung von Teilen dieser Daten an die jeweiligen Sportfachverb\u00e4nde, wie z.B. DTV, LTVB, BLSV und DOSB, findet nur im Rahmen der in den Satzungen der Fachverb\u00e4nde festgelegten Zwecke statt. Diese Daten\u00fcbermittlungen sind notwendig zum Zwecke der Organisation eines Spiel- bzw. Wettkampfbetriebes und zum Zwecke der Einwerbung von \u00f6ffentlichen F\u00f6rdermitteln. Eine Daten\u00fcbermittlung an Dritte, au\u00dferhalb der Fachverb\u00e4nde, findet nicht statt. Eine Datennutzung f\u00fcr Werbezwecke findet ebenfalls nicht statt.<\/p>\n<p>Bei Beendigung der Mitgliedschaft werden die personenbezogenen Daten gel\u00f6scht, soweit sie nicht entsprechend der steuerrechtlichen Vorgaben aufbewahrt werden m\u00fcssen.<\/p>\n<p>Neben dem Recht auf Auskunft bez\u00fcglich der zu seiner Person bei dem Blau-Gold-Casino M\u00fcnchen e.V. gespeicherten Daten hat jedes Mitglied, im Rahmen der Vorgaben der DSGVO, das Recht, der Speicherung der Daten, die nicht im Rahmen der gesetzlichen Vorgaben f\u00fcr bestimmte Zeitr\u00e4ume vorgehalten werden m\u00fcssen, f\u00fcr die Zukunft zu widersprechen. Ferner hat das Mitglied, im Falle von fehlerhaften Daten, ein Korrekturrecht.<\/p>\n<p>Die <a href=\"https:\/\/bgc-muenchen.de\/wp-content\/uploads\/2018\/05\/20180514_BGC_Datenschutzverordnung.pdf\" target=\"_blank\" rel=\"noopener noreferrer\"><strong>Datenschutzverordnung<\/strong><\/a> ist Teil des <strong><a href=\"https:\/\/bgc-muenchen.de\/wp-content\/uploads\/2022\/03\/BGC-20220315_Aufnahmeantrag.pdf\" target=\"_blank\" rel=\"noopener\">Aufnahmeantrags<\/a> <\/strong>und muss von jedem Mitglied unterzeichnet werden.<\/p>\n<p><strong>Webseite<\/strong><\/p>\n<p>Die Webseite speichert keine Cookies. Die Anmeldung f\u00fcr den Mitgliederbereich erfordert E-Mail-Adresse, Vor- und Nachname und einen Benutzernamen. Nach Beendigung der Mitgliedschaft werden die Anmeldedaten f\u00fcr die Webseite final gel\u00f6scht und der Zugriff auf die gesch\u00fctzen Bereiche der Webseite ist nicht mehr m\u00f6glich.<\/p>\n<p>Mit unserem Provider 1&amp;1 Internet SE in Montabaur wurde ein Auftragsdatenverarbeitungsvertrag abgeschlossen, der die Sicherheit, der im Rahmen der Webseite verarbeiteten Daten sicherstellt.<\/p>\n","protected":false},"excerpt":{"rendered":"<p>Blau-Gold-Casino M\u00fcnchen e.V. als verantwortliche Stelle verarbeitet und nutzt die im Aufnahmeantrag erhobenen personenbezogenen Daten, wie Name, Vorname, Geburtsdatum, Adresse, E-Mail-Adresse, Telefonnummer, Beruf und Bankverbindung, ausschlie\u00dflich zum Zwecke der Mitgliederverwaltung, [&hellip;]<\/p>\n","protected":false},"author":3,"featured_media":0,"parent":0,"menu_order":0,"comment_status":"closed","ping_status":"closed","template":"template-full.php","meta":{"site-sidebar-layout":"default","site-content-layout":"","ast-site-content-layout":"default","site-content-style":"default","site-sidebar-style":"default","ast-global-header-display":"","ast-banner-title-visibility":"","ast-main-header-display":"","ast-hfb-above-header-display":"","ast-hfb-below-header-display":"","ast-hfb-mobile-header-display":"","site-post-title":"","ast-breadcrumbs-content":"","ast-featured-img":"","footer-sml-layout":"","ast-disable-related-posts":"","theme-transparent-header-meta":"","adv-header-id-meta":"","stick-header-meta":"","header-above-stick-meta":"","header-main-stick-meta":"","header-below-stick-meta":"","astra-migrate-meta-layouts":"default","ast-page-background-enabled":"default","ast-page-background-meta":{"desktop":{"background-color":"var(--ast-global-color-5)","background-image":"","background-repeat":"repeat","background-position":"center center","background-size":"auto","background-attachment":"scroll","background-type":"","background-media":"","overlay-type":"","overlay-color":"","overlay-opacity":"","overlay-gradient":""},"tablet":{"background-color":"","background-image":"","background-repeat":"repeat","background-position":"center center","background-size":"auto","background-attachment":"scroll","background-type":"","background-media":"","overlay-type":"","overlay-color":"","overlay-opacity":"","overlay-gradient":""},"mobile":{"background-color":"","background-image":"","background-repeat":"repeat","background-position":"center center","background-size":"auto","background-attachment":"scroll","background-type":"","background-media":"","overlay-type":"","overlay-color":"","overlay-opacity":"","overlay-gradient":""}},"ast-content-background-meta":{"desktop":{"background-color":"var(--ast-global-color-4)","background-image":"","background-repeat":"repeat","background-position":"center center","background-size":"auto","background-attachment":"scroll","background-type":"","background-media":"","overlay-type":"","overlay-color":"","overlay-opacity":"","overlay-gradient":""},"tablet":{"background-color":"var(--ast-global-color-4)","background-image":"","background-repeat":"repeat","background-position":"center center","background-size":"auto","background-attachment":"scroll","background-type":"","background-media":"","overlay-type":"","overlay-color":"","overlay-opacity":"","overlay-gradient":""},"mobile":{"background-color":"var(--ast-global-color-4)","background-image":"","background-repeat":"repeat","background-position":"center center","background-size":"auto","background-attachment":"scroll","background-type":"","background-media":"","overlay-type":"","overlay-color":"","overlay-opacity":"","overlay-gradient":""}},"footnotes":""},"class_list":["post-4470","page","type-page","status-publish","hentry"],"_links":{"self":[{"href":"https:\/\/bgc-muenchen.de\/index.php?rest_route=\/wp\/v2\/pages\/4470","targetHints":{"allow":["GET"]}}],"collection":[{"href":"https:\/\/bgc-muenchen.de\/index.php?rest_route=\/wp\/v2\/pages"}],"about":[{"href":"https:\/\/bgc-muenchen.de\/index.php?rest_route=\/wp\/v2\/types\/page"}],"author":[{"embeddable":true,"href":"https:\/\/bgc-muenchen.de\/index.php?rest_route=\/wp\/v2\/users\/3"}],"replies":[{"embeddable":true,"href":"https:\/\/bgc-muenchen.de\/index.php?rest_route=%2Fwp%2Fv2%2Fcomments&post=4470"}],"version-history":[{"count":4,"href":"https:\/\/bgc-muenchen.de\/index.php?rest_route=\/wp\/v2\/pages\/4470\/revisions"}],"predecessor-version":[{"id":13605,"href":"https:\/\/bgc-muenchen.de\/index.php?rest_route=\/wp\/v2\/pages\/4470\/revisions\/13605"}],"wp:attachment":[{"href":"https:\/\/bgc-muenchen.de\/index.php?rest_route=%2Fwp%2Fv2%2Fmedia&parent=4470"}],"curies":[{"name":"wp","href":"https:\/\/api.w.org\/{rel}","templated":true}]}}