{"id":4308,"date":"2018-03-09T17:30:35","date_gmt":"2018-03-09T16:30:35","guid":{"rendered":"https:\/\/bgc-muenchen.de\/?page_id=4308"},"modified":"2023-07-08T09:53:52","modified_gmt":"2023-07-08T07:53:52","slug":"galkepokal-2019","status":"publish","type":"page","link":"https:\/\/bgc-muenchen.de\/?page_id=4308","title":{"rendered":"Horst- und Ilse-Dore Galke-Ged\u00e4chtnis-Wanderpokal 2019"},"content":{"rendered":"<p>Das Blau-Gold-Casino veranstaltet sein j\u00e4hrliches Tanzturnier um den <strong>Horst- und Ilse-Dore Galke-Ged\u00e4chtnis-Wanderpokal <\/strong>\u00a0im Karlsfelder B\u00fcrgerhaus, Allacher Str. 1 in Karlsfeld .<\/p>\n<p>Es findet jedes Jahr im ersten Quartal statt !<\/p>\n<p>Das Turnier beginnt um 10:30 Uhr und endet gegen 18:30 Uhr (\u00c4nderungen m\u00f6glich).<\/p>\n<p>Eintritt f\u00fcr G\u00e4ste:<br \/>\nPersonen ab 12 Jahre: 8,00 EUR<br \/>\nKinder von 5 -11 Jahre:\u00a0 3,00 EUR<br \/>\nKinder unter 5 Jahren: freier Eintritt<\/p>\n<p>Fl\u00e4che: 18m x 10m<\/p>\n<h2><span style=\"color: #ff0000;\">\u00c4nderungen im Ablauf<\/span><\/h2>\n<p>Auf Grund der finalen Startmeldungen f\u00fcr die Turniere werden Anpassungen im Ablauf des Turniertages erforderlich. Die beiden Bayernpokalturniere der <strong>Sen III D Standard (79520)<\/strong> und die <strong>SEN III A Latein (79527)<\/strong> m\u00fcssen auf Grund zu geringer Starterzahlen leider <strong>entfallen<\/strong>.<\/p>\n<p>&nbsp;<\/p>\n<p><strong>Daraus ergeben sich folgende ge\u00e4nderte Startzeiten:<\/strong><\/p>\n<table style=\"height: 288px; width: 482px;\">\n<tbody>\n<tr style=\"height: 24px;\">\n<td style=\"height: 24px; width: 44px;\">79521<\/td>\n<td style=\"height: 24px; width: 40.3333px;\">10:30<\/td>\n<td style=\"height: 24px; width: 130.867px;\">SEN III C ST<\/td>\n<td style=\"height: 24px; width: 237.633px;\"><strong>Bayernpokal<\/strong><\/td>\n<\/tr>\n<tr style=\"height: 24px;\">\n<td style=\"height: 24px; width: 44px;\">79522<\/td>\n<td style=\"height: 24px; width: 40.3333px;\">11:30<\/td>\n<td style=\"height: 24px; width: 130.867px;\">SEN II B LAT<\/td>\n<td style=\"height: 24px; width: 237.633px;\"><\/td>\n<\/tr>\n<tr style=\"height: 24px;\">\n<td style=\"height: 24px; width: 44px;\">79523<\/td>\n<td style=\"height: 24px; width: 40.3333px;\">12:30<\/td>\n<td style=\"height: 24px; width: 130.867px;\">SEN III B ST<\/td>\n<td style=\"height: 24px; width: 237.633px;\"><strong>Bayernpokal<\/strong><\/td>\n<\/tr>\n<tr style=\"height: 24px;\">\n<td style=\"height: 24px; width: 44px;\">79523<\/td>\n<td style=\"height: 24px; width: 40.3333px;\">14:30<\/td>\n<td style=\"height: 24px; width: 130.867px;\">SEN IV A ST<\/td>\n<td style=\"height: 24px; width: 237.633px;\">wird mit Sen III A kombiniert<\/td>\n<\/tr>\n<tr style=\"height: 24px;\">\n<td style=\"height: 24px; width: 44px;\">79525<\/td>\n<td style=\"height: 24px; width: 40.3333px;\">14:30<\/td>\n<td style=\"height: 24px; width: 130.867px;\">SEN III A ST<\/td>\n<td style=\"height: 24px; width: 237.633px;\"><strong>Bayernpokal<\/strong><\/p>\n<p>wird mit Sen IV A kombiniert<\/td>\n<\/tr>\n<tr style=\"height: 24px;\">\n<td style=\"height: 24px; width: 44px;\">79526<\/td>\n<td style=\"height: 24px; width: 40.3333px;\">16:30<\/td>\n<td style=\"height: 24px; width: 130.867px;\">SEN II B ST<\/td>\n<td style=\"height: 24px; width: 237.633px;\"><\/td>\n<\/tr>\n<tr style=\"height: 24px;\">\n<td style=\"height: 24px; width: 44px;\">79528<\/td>\n<td style=\"height: 24px; width: 40.3333px;\">17:30<\/td>\n<td style=\"height: 24px; width: 130.867px;\">SEN II S ST<\/td>\n<td style=\"height: 24px; width: 237.633px;\"><strong>Horst- und Ilse-Dore Galke-Ged\u00e4chtnis-Wanderpokal<\/strong><\/td>\n<\/tr>\n<\/tbody>\n<\/table>\n<p>Wir w\u00fcnschen allen Turnierpaaren und allen G\u00e4sten eine sichere Anreise und freuen uns auf Ihr Kommen.<\/p>\n","protected":false},"excerpt":{"rendered":"<p>Das Blau-Gold-Casino veranstaltet sein j\u00e4hrliches Tanzturnier um den Horst- und Ilse-Dore Galke-Ged\u00e4chtnis-Wanderpokal \u00a0im Karlsfelder B\u00fcrgerhaus, Allacher Str. 1 in Karlsfeld . Es findet jedes Jahr im ersten Quartal statt ! [&hellip;]<\/p>\n","protected":false},"author":3,"featured_media":3547,"parent":0,"menu_order":0,"comment_status":"closed","ping_status":"closed","template":"","meta":{"site-sidebar-layout":"default","site-content-layout":"","ast-site-content-layout":"default","site-content-style":"default","site-sidebar-style":"default","ast-global-header-display":"","ast-banner-title-visibility":"","ast-main-header-display":"","ast-hfb-above-header-display":"","ast-hfb-below-header-display":"","ast-hfb-mobile-header-display":"","site-post-title":"","ast-breadcrumbs-content":"","ast-featured-img":"","footer-sml-layout":"","ast-disable-related-posts":"","theme-transparent-header-meta":"","adv-header-id-meta":"","stick-header-meta":"","header-above-stick-meta":"","header-main-stick-meta":"","header-below-stick-meta":"","astra-migrate-meta-layouts":"default","ast-page-background-enabled":"default","ast-page-background-meta":{"desktop":{"background-color":"var(--ast-global-color-5)","background-image":"","background-repeat":"repeat","background-position":"center center","background-size":"auto","background-attachment":"scroll","background-type":"","background-media":"","overlay-type":"","overlay-color":"","overlay-opacity":"","overlay-gradient":""},"tablet":{"background-color":"","background-image":"","background-repeat":"repeat","background-position":"center center","background-size":"auto","background-attachment":"scroll","background-type":"","background-media":"","overlay-type":"","overlay-color":"","overlay-opacity":"","overlay-gradient":""},"mobile":{"background-color":"","background-image":"","background-repeat":"repeat","background-position":"center center","background-size":"auto","background-attachment":"scroll","background-type":"","background-media":"","overlay-type":"","overlay-color":"","overlay-opacity":"","overlay-gradient":""}},"ast-content-background-meta":{"desktop":{"background-color":"var(--ast-global-color-4)","background-image":"","background-repeat":"repeat","background-position":"center center","background-size":"auto","background-attachment":"scroll","background-type":"","background-media":"","overlay-type":"","overlay-color":"","overlay-opacity":"","overlay-gradient":""},"tablet":{"background-color":"var(--ast-global-color-4)","background-image":"","background-repeat":"repeat","background-position":"center center","background-size":"auto","background-attachment":"scroll","background-type":"","background-media":"","overlay-type":"","overlay-color":"","overlay-opacity":"","overlay-gradient":""},"mobile":{"background-color":"var(--ast-global-color-4)","background-image":"","background-repeat":"repeat","background-position":"center center","background-size":"auto","background-attachment":"scroll","background-type":"","background-media":"","overlay-type":"","overlay-color":"","overlay-opacity":"","overlay-gradient":""}},"footnotes":""},"class_list":["post-4308","page","type-page","status-publish","has-post-thumbnail","hentry"],"_links":{"self":[{"href":"https:\/\/bgc-muenchen.de\/index.php?rest_route=\/wp\/v2\/pages\/4308","targetHints":{"allow":["GET"]}}],"collection":[{"href":"https:\/\/bgc-muenchen.de\/index.php?rest_route=\/wp\/v2\/pages"}],"about":[{"href":"https:\/\/bgc-muenchen.de\/index.php?rest_route=\/wp\/v2\/types\/page"}],"author":[{"embeddable":true,"href":"https:\/\/bgc-muenchen.de\/index.php?rest_route=\/wp\/v2\/users\/3"}],"replies":[{"embeddable":true,"href":"https:\/\/bgc-muenchen.de\/index.php?rest_route=%2Fwp%2Fv2%2Fcomments&post=4308"}],"version-history":[{"count":5,"href":"https:\/\/bgc-muenchen.de\/index.php?rest_route=\/wp\/v2\/pages\/4308\/revisions"}],"predecessor-version":[{"id":15985,"href":"https:\/\/bgc-muenchen.de\/index.php?rest_route=\/wp\/v2\/pages\/4308\/revisions\/15985"}],"wp:featuredmedia":[{"embeddable":true,"href":"https:\/\/bgc-muenchen.de\/index.php?rest_route=\/wp\/v2\/media\/3547"}],"wp:attachment":[{"href":"https:\/\/bgc-muenchen.de\/index.php?rest_route=%2Fwp%2Fv2%2Fmedia&parent=4308"}],"curies":[{"name":"wp","href":"https:\/\/api.w.org\/{rel}","templated":true}]}}