{"id":382,"date":"2015-07-25T20:00:19","date_gmt":"2015-07-25T20:00:19","guid":{"rendered":"https:\/\/bgc-muenchen.de\/?page_id=382"},"modified":"2026-03-11T11:56:35","modified_gmt":"2026-03-11T10:56:35","slug":"mitgliedschaft","status":"publish","type":"page","link":"https:\/\/bgc-muenchen.de\/?page_id=382","title":{"rendered":"Mitgliedschaft"},"content":{"rendered":"<p>Wenn Sie Interesse an Blau-Gold-Casino M\u00fcnchen e.V. haben, dann nutzen Sie Gelegenheit bis zu 4 Mal kostenfrei bei uns zu schnuppern. Lernen Sie uns und unsere Trainer kennen. Nehmen Sie mit uns Kontakt \u00fcber <strong>info@bgc-muenchen.de<\/strong> auf, dann beraten wir Sie entsprechend und finden die passende Trainingseinheit f\u00fcr Sie.<\/p>\n<p><strong>Wir freuen uns auf Ihren Besuch.<\/strong><\/p>\n<h2>Mitgliedschaft<\/h2>\n<p>Hier die wichtigsten Informationen zur Mitgliedschaft in unserem Verein.<\/p>\n<table style=\"width: 88.4457%;\">\n<tbody>\n<tr>\n<td style=\"background-color: #404aca; width: 142.46%;\" colspan=\"3\">\n<h4>Einmalig<\/h4>\n<\/td>\n<\/tr>\n<tr>\n<td style=\"width: 30%;\" width=\"30%\">\n<h4>Aufnahmegeb\u00fchr<\/h4>\n<\/td>\n<td style=\"text-align: center; width: 20%;\" width=\"20%\">\u00a030,00 \u20ac<\/td>\n<td style=\"width: 92.4602%;\" width=\"50%\">Aktive Mitglieder<\/td>\n<\/tr>\n<tr>\n<td style=\"width: 30%;\">\n<h4>Aufnamegeb\u00fchr (reduziert)<\/h4>\n<\/td>\n<td style=\"text-align: center; width: 20%;\">15,00 \u20ac<\/td>\n<td style=\"width: 92.4602%;\">Kinder und Jugendliche<\/td>\n<\/tr>\n<tr>\n<td style=\"background-color: #404aca; width: 142.46%;\" colspan=\"3\">\n<h4>Monatlich ab 1.1.2023<\/h4>\n<\/td>\n<\/tr>\n<tr>\n<td style=\"width: 30%;\">\n<h4>Voller Beitrag<\/h4>\n<\/td>\n<td style=\"text-align: center; width: 20%;\">45,00 \u20ac<\/td>\n<td style=\"width: 92.4602%;\">aktive Mitglieder<\/td>\n<\/tr>\n<tr>\n<td style=\"width: 30%;\">\n<h4>Erm\u00e4\u00dfigte Beitr\u00e4ge<\/h4>\n<\/td>\n<td style=\"text-align: center; width: 20%;\">22,50 \u20ac<\/td>\n<td style=\"width: 92.4602%;\">Sch\u00fcler, Studenten, Auszubildende (auf Nachweis)<\/td>\n<\/tr>\n<tr>\n<td style=\"width: 30%;\">\n<h4><\/h4>\n<\/td>\n<td style=\"text-align: center; width: 20%;\">12,00 \u20ac<\/td>\n<td style=\"width: 92.4602%;\">Kinder bis einschl. 14 Jahre<\/td>\n<\/tr>\n<tr>\n<td style=\"width: 30%;\">\n<h4><\/h4>\n<\/td>\n<td style=\"text-align: center; width: 20%;\">\u00a08,00 \u20ac<\/td>\n<td style=\"width: 92.4602%;\">Jedes weitere Kind pro Familie<\/td>\n<\/tr>\n<tr>\n<td style=\"width: 30%;\">\n<h4>F\u00f6rderbeitrag<\/h4>\n<\/td>\n<td style=\"text-align: center; width: 20%;\">\u00a07,50 \u20ac<\/td>\n<td style=\"width: 92.4602%;\">F\u00f6rdermitgliedschaft auf Antrag, keine Aufnahmegeb\u00fchr<\/td>\n<\/tr>\n<\/tbody>\n<\/table>\n<p>Die Beitr\u00e4ge werden sofern nicht anders gew\u00fcnscht, quart\u00e4rlich eingezogen. Die Kosten f\u00fcr die Verbandsmitgliedschaft und die Sportversicherung sind bereits in den monatlichen Mitgliedsbeitr\u00e4gen pro Person enthalten.<\/p>\n<p>Ein elektronisch ausf\u00fcllbarer <a href=\"https:\/\/bgc-muenchen.de\/wp-content\/uploads\/2025\/04\/BGC-20250101_Mitgliedsantrag.pdf\" target=\"_blank\" rel=\"noopener\"><strong>Aufnahmeantrag steht Ihnen hier zur Verf\u00fcgung<\/strong><\/a>. Wir empfehlen, den Antrag erst herunterzuladen und dann auf Ihrem Ger\u00e4t auszuf\u00fcllen, auszudrucken und zu unterschreiben.<\/p>\n<p>Den ausgef\u00fcllten und unterschriebenen Aufnahmeantrag k\u00f6nnen Sie uns entweder elektronisch an die Adresse <strong><a href=\"mailto:mv@bgc-muenchen.de\">mv@bgc-muenchen.de<\/a><\/strong> senden oder geben ihn im Vereinsheim bei den Trainern ab.<\/p>\n<h2>Bankverbindung<\/h2>\n<p><strong>Stadtsparkasse M\u00fcnchen <\/strong><\/p>\n<p><strong>IBAN DE62 7015 0000 1006 7826 17<\/strong><\/p>\n<p>Neben den Mitgliedsbeitr\u00e4gen freuen wir uns nat\u00fcrlich auch \u00fcber Spenden. Sie erhalten auf jeden Fall eine Spendenquittung von uns.<\/p>\n<h2>Datenschutzverordnung<\/h2>\n<p>Die aktuelle Datenschutzverordnung steht unter dem nachfolgenden Link zum Download bereit:<\/p>\n<p><a href=\"https:\/\/bgc-muenchen.de\/wp-content\/uploads\/2018\/05\/20180514_BGC_Datenschutzverordnung.pdf\" target=\"_blank\" rel=\"noopener noreferrer\"><strong>Datenschutzverordnung <\/strong><\/a><\/p>\n<h2>Vereinssatzung<\/h2>\n<p>Die letzte g\u00fcltige Fassung der <a href=\"https:\/\/bgc-muenchen.de\/wp-content\/uploads\/2019\/03\/BGC-2019-Satzung_20190320.pdf\" target=\"_blank\" rel=\"noopener noreferrer\"><strong>Vereinss<\/strong><\/a><a href=\"https:\/\/bgc-muenchen.de\/wp-content\/uploads\/2016\/06\/Satzung_2016_gen.pdf\" target=\"_blank\" rel=\"noopener noreferrer\"><strong>atzung<\/strong><\/a> wurde in der Mitgliederversammlung vom 20.3.2019 verabschiedet und erlangte mit Eintragung in das Vereinsregister am 25.6.2019 ihre G\u00fcltigkeit.<\/p>\n<p>&nbsp;<\/p>\n<p><!-- Sie k\u00f6nnen den Antrag herunterladen und anschlie\u00dfend das PDF elektronisch ausf\u00fcllen, speichern und ausdrucken und unterschrieben an uns weiterleiten. Sie helfen uns damit die Daten korrekt zu erfassen und weiterzuverarbeiten. Bitte beachten Sie, dass die PDF-Datei im Browser nicht ausgef\u00fcllt werden kann, sondern zuerst auf Ihrem PC gespeichert werden muss. Wenn die PDF-Datei lokal ge\u00f6ffnet wird, funktioniert die Formularfunktion.--><\/p>\n<p>&nbsp;<\/p>\n<p>&nbsp;<\/p>\n","protected":false},"excerpt":{"rendered":"<p>Wenn Sie Interesse an Blau-Gold-Casino M\u00fcnchen e.V. haben, dann nutzen Sie Gelegenheit bis zu 4 Mal kostenfrei bei uns zu schnuppern. Lernen Sie uns und unsere Trainer kennen. Nehmen Sie [&hellip;]<\/p>\n","protected":false},"author":1,"featured_media":0,"parent":5,"menu_order":0,"comment_status":"closed","ping_status":"closed","template":"","meta":{"site-sidebar-layout":"default","site-content-layout":"","ast-site-content-layout":"default","site-content-style":"default","site-sidebar-style":"default","ast-global-header-display":"","ast-banner-title-visibility":"","ast-main-header-display":"","ast-hfb-above-header-display":"","ast-hfb-below-header-display":"","ast-hfb-mobile-header-display":"","site-post-title":"","ast-breadcrumbs-content":"","ast-featured-img":"","footer-sml-layout":"","ast-disable-related-posts":"","theme-transparent-header-meta":"","adv-header-id-meta":"","stick-header-meta":"","header-above-stick-meta":"","header-main-stick-meta":"","header-below-stick-meta":"","astra-migrate-meta-layouts":"default","ast-page-background-enabled":"default","ast-page-background-meta":{"desktop":{"background-color":"var(--ast-global-color-5)","background-image":"","background-repeat":"repeat","background-position":"center center","background-size":"auto","background-attachment":"scroll","background-type":"","background-media":"","overlay-type":"","overlay-color":"","overlay-opacity":"","overlay-gradient":""},"tablet":{"background-color":"","background-image":"","background-repeat":"repeat","background-position":"center center","background-size":"auto","background-attachment":"scroll","background-type":"","background-media":"","overlay-type":"","overlay-color":"","overlay-opacity":"","overlay-gradient":""},"mobile":{"background-color":"","background-image":"","background-repeat":"repeat","background-position":"center center","background-size":"auto","background-attachment":"scroll","background-type":"","background-media":"","overlay-type":"","overlay-color":"","overlay-opacity":"","overlay-gradient":""}},"ast-content-background-meta":{"desktop":{"background-color":"var(--ast-global-color-4)","background-image":"","background-repeat":"repeat","background-position":"center center","background-size":"auto","background-attachment":"scroll","background-type":"","background-media":"","overlay-type":"","overlay-color":"","overlay-opacity":"","overlay-gradient":""},"tablet":{"background-color":"var(--ast-global-color-4)","background-image":"","background-repeat":"repeat","background-position":"center center","background-size":"auto","background-attachment":"scroll","background-type":"","background-media":"","overlay-type":"","overlay-color":"","overlay-opacity":"","overlay-gradient":""},"mobile":{"background-color":"var(--ast-global-color-4)","background-image":"","background-repeat":"repeat","background-position":"center center","background-size":"auto","background-attachment":"scroll","background-type":"","background-media":"","overlay-type":"","overlay-color":"","overlay-opacity":"","overlay-gradient":""}},"footnotes":""},"class_list":["post-382","page","type-page","status-publish","hentry"],"_links":{"self":[{"href":"https:\/\/bgc-muenchen.de\/index.php?rest_route=\/wp\/v2\/pages\/382","targetHints":{"allow":["GET"]}}],"collection":[{"href":"https:\/\/bgc-muenchen.de\/index.php?rest_route=\/wp\/v2\/pages"}],"about":[{"href":"https:\/\/bgc-muenchen.de\/index.php?rest_route=\/wp\/v2\/types\/page"}],"author":[{"embeddable":true,"href":"https:\/\/bgc-muenchen.de\/index.php?rest_route=\/wp\/v2\/users\/1"}],"replies":[{"embeddable":true,"href":"https:\/\/bgc-muenchen.de\/index.php?rest_route=%2Fwp%2Fv2%2Fcomments&post=382"}],"version-history":[{"count":7,"href":"https:\/\/bgc-muenchen.de\/index.php?rest_route=\/wp\/v2\/pages\/382\/revisions"}],"predecessor-version":[{"id":17343,"href":"https:\/\/bgc-muenchen.de\/index.php?rest_route=\/wp\/v2\/pages\/382\/revisions\/17343"}],"up":[{"embeddable":true,"href":"https:\/\/bgc-muenchen.de\/index.php?rest_route=\/wp\/v2\/pages\/5"}],"wp:attachment":[{"href":"https:\/\/bgc-muenchen.de\/index.php?rest_route=%2Fwp%2Fv2%2Fmedia&parent=382"}],"curies":[{"name":"wp","href":"https:\/\/api.w.org\/{rel}","templated":true}]}}