{"id":2774,"date":"2016-07-31T13:17:42","date_gmt":"2016-07-31T12:17:42","guid":{"rendered":"https:\/\/bgc-muenchen.de\/?page_id=2774"},"modified":"2020-08-28T22:52:46","modified_gmt":"2020-08-28T20:52:46","slug":"andreas-und-anita-maertl","status":"publish","type":"page","link":"https:\/\/bgc-muenchen.de\/?page_id=2774","title":{"rendered":"Andreas und Anita M\u00e4rtl"},"content":{"rendered":"<p><img loading=\"lazy\" decoding=\"async\" class=\"aligncenter wp-image-3361 size-full\" src=\"https:\/\/bgc-muenchen.de\/wp-content\/uploads\/2016\/07\/Andi-und-Anita.jpg\" alt=\"\" width=\"600\" height=\"800\" srcset=\"https:\/\/bgc-muenchen.de\/wp-content\/uploads\/2016\/07\/Andi-und-Anita.jpg 600w, https:\/\/bgc-muenchen.de\/wp-content\/uploads\/2016\/07\/Andi-und-Anita-113x150.jpg 113w, https:\/\/bgc-muenchen.de\/wp-content\/uploads\/2016\/07\/Andi-und-Anita-225x300.jpg 225w\" sizes=\"auto, (max-width: 600px) 100vw, 600px\" \/><\/p>\n<table>\n<tbody>\n<tr>\n<td>15.11.2015<\/td>\n<td>Einstieg in den Turniersport \u00fcber den Breitensport beim 2. Neus\u00e4\u00dfer Herbstpokal. Nach dem Gewinn der Manschaftswertung durch das Blau-Gold-Casino bei der Bayerischen Breitensport-Tanz Trophy 2016 in Bad T\u00f6lz erfolgte der \u00dcbertritt in den Turniersport in der Klasse Sen III D.<\/td>\n<\/tr>\n<tr>\n<td>24.7.2016<\/td>\n<td>Dank der bereits gesammelten Platzierungen und Punkte als Breitensportpaar in der Sen III D Aufstieg in die SEN III C bei Oberbayerischen Tanztagen in Rosenheim.<\/td>\n<\/tr>\n<tr>\n<td>21.1.2018<\/td>\n<td>\n<figure id=\"attachment_4179\" aria-describedby=\"caption-attachment-4179\" style=\"width: 225px\" class=\"wp-caption alignright\"><img loading=\"lazy\" decoding=\"async\" class=\"wp-image-4179 size-medium\" src=\"https:\/\/bgc-muenchen.de\/wp-content\/uploads\/2018\/01\/2018_Galke_Andi-und-Anita_Pose-225x300.jpg\" alt=\"\" width=\"225\" height=\"300\" srcset=\"https:\/\/bgc-muenchen.de\/wp-content\/uploads\/2018\/01\/2018_Galke_Andi-und-Anita_Pose-225x300.jpg 225w, https:\/\/bgc-muenchen.de\/wp-content\/uploads\/2018\/01\/2018_Galke_Andi-und-Anita_Pose-112x150.jpg 112w, https:\/\/bgc-muenchen.de\/wp-content\/uploads\/2018\/01\/2018_Galke_Andi-und-Anita_Pose-768x1024.jpg 768w, https:\/\/bgc-muenchen.de\/wp-content\/uploads\/2018\/01\/2018_Galke_Andi-und-Anita_Pose.jpg 800w\" sizes=\"auto, (max-width: 225px) 100vw, 225px\" \/><figcaption id=\"caption-attachment-4179\" class=\"wp-caption-text\">Aufsteiger in die Sen III B am 21.1.2018<\/figcaption><\/figure>\n<p>Aufstieg in die Sen III B beim Horst- und Ilse-Dora Galke Ged\u00e4chtnispokal-Turnier.<\/td>\n<\/tr>\n<\/tbody>\n<\/table>\n<hr>\n<p>Nachfolgend die Beitr\u00e4ge, die einen Bezug zu Andy und Anita haben:<\/p>\n<p>[the-post-grid id=&#8220;7634&#8243; title=&#8220;Andy und Anita&#8220;]<\/p>\n","protected":false},"excerpt":{"rendered":"<p>15.11.2015 Einstieg in den Turniersport \u00fcber den Breitensport beim 2. Neus\u00e4\u00dfer Herbstpokal. Nach dem Gewinn der Manschaftswertung durch das Blau-Gold-Casino bei der Bayerischen Breitensport-Tanz Trophy 2016 in Bad T\u00f6lz erfolgte [&hellip;]<\/p>\n","protected":false},"author":3,"featured_media":0,"parent":4615,"menu_order":0,"comment_status":"closed","ping_status":"closed","template":"","meta":{"site-sidebar-layout":"default","site-content-layout":"","ast-site-content-layout":"default","site-content-style":"default","site-sidebar-style":"default","ast-global-header-display":"","ast-banner-title-visibility":"","ast-main-header-display":"","ast-hfb-above-header-display":"","ast-hfb-below-header-display":"","ast-hfb-mobile-header-display":"","site-post-title":"","ast-breadcrumbs-content":"","ast-featured-img":"","footer-sml-layout":"","ast-disable-related-posts":"","theme-transparent-header-meta":"","adv-header-id-meta":"","stick-header-meta":"","header-above-stick-meta":"","header-main-stick-meta":"","header-below-stick-meta":"","astra-migrate-meta-layouts":"default","ast-page-background-enabled":"default","ast-page-background-meta":{"desktop":{"background-color":"var(--ast-global-color-5)","background-image":"","background-repeat":"repeat","background-position":"center center","background-size":"auto","background-attachment":"scroll","background-type":"","background-media":"","overlay-type":"","overlay-color":"","overlay-opacity":"","overlay-gradient":""},"tablet":{"background-color":"","background-image":"","background-repeat":"repeat","background-position":"center center","background-size":"auto","background-attachment":"scroll","background-type":"","background-media":"","overlay-type":"","overlay-color":"","overlay-opacity":"","overlay-gradient":""},"mobile":{"background-color":"","background-image":"","background-repeat":"repeat","background-position":"center center","background-size":"auto","background-attachment":"scroll","background-type":"","background-media":"","overlay-type":"","overlay-color":"","overlay-opacity":"","overlay-gradient":""}},"ast-content-background-meta":{"desktop":{"background-color":"var(--ast-global-color-4)","background-image":"","background-repeat":"repeat","background-position":"center center","background-size":"auto","background-attachment":"scroll","background-type":"","background-media":"","overlay-type":"","overlay-color":"","overlay-opacity":"","overlay-gradient":""},"tablet":{"background-color":"var(--ast-global-color-4)","background-image":"","background-repeat":"repeat","background-position":"center center","background-size":"auto","background-attachment":"scroll","background-type":"","background-media":"","overlay-type":"","overlay-color":"","overlay-opacity":"","overlay-gradient":""},"mobile":{"background-color":"var(--ast-global-color-4)","background-image":"","background-repeat":"repeat","background-position":"center center","background-size":"auto","background-attachment":"scroll","background-type":"","background-media":"","overlay-type":"","overlay-color":"","overlay-opacity":"","overlay-gradient":""}},"footnotes":""},"class_list":["post-2774","page","type-page","status-publish","hentry"],"_links":{"self":[{"href":"https:\/\/bgc-muenchen.de\/index.php?rest_route=\/wp\/v2\/pages\/2774","targetHints":{"allow":["GET"]}}],"collection":[{"href":"https:\/\/bgc-muenchen.de\/index.php?rest_route=\/wp\/v2\/pages"}],"about":[{"href":"https:\/\/bgc-muenchen.de\/index.php?rest_route=\/wp\/v2\/types\/page"}],"author":[{"embeddable":true,"href":"https:\/\/bgc-muenchen.de\/index.php?rest_route=\/wp\/v2\/users\/3"}],"replies":[{"embeddable":true,"href":"https:\/\/bgc-muenchen.de\/index.php?rest_route=%2Fwp%2Fv2%2Fcomments&post=2774"}],"version-history":[{"count":5,"href":"https:\/\/bgc-muenchen.de\/index.php?rest_route=\/wp\/v2\/pages\/2774\/revisions"}],"predecessor-version":[{"id":7635,"href":"https:\/\/bgc-muenchen.de\/index.php?rest_route=\/wp\/v2\/pages\/2774\/revisions\/7635"}],"up":[{"embeddable":true,"href":"https:\/\/bgc-muenchen.de\/index.php?rest_route=\/wp\/v2\/pages\/4615"}],"wp:attachment":[{"href":"https:\/\/bgc-muenchen.de\/index.php?rest_route=%2Fwp%2Fv2%2Fmedia&parent=2774"}],"curies":[{"name":"wp","href":"https:\/\/api.w.org\/{rel}","templated":true}]}}