{"id":16735,"date":"2025-05-24T21:27:13","date_gmt":"2025-05-24T19:27:13","guid":{"rendered":"https:\/\/bgc-muenchen.de\/?page_id=16735"},"modified":"2026-03-10T13:25:19","modified_gmt":"2026-03-10T12:25:19","slug":"startseite-2025","status":"publish","type":"page","link":"https:\/\/bgc-muenchen.de\/?page_id=16735","title":{"rendered":"Startseite 2025"},"content":{"rendered":"\n<p><strong>Herzlich willkommen! <\/strong><\/p>\n\n\n\n<p>Wann lagen Sie sich zuletzt in den Armen?<br data-start=\"264\" data-end=\"267\"\/>Tanzen geh\u00f6rt zu den ges\u00fcndesten und zugleich sch\u00f6nsten Bewegungsformen \u00fcberhaupt. Es st\u00e4rkt nicht nur Muskeln und Gelenke, sondern belebt auch Geist und Seele. Beim Tanzen verbessern Sie Ihre Ausdauer, Koordination, Ihr Gleichgewicht und Ihre Beweglichkeit \u2013 und ganz nebenbei wird auch das Ged\u00e4chtnis geschult.<\/p>\n\n\n\n<p><strong>Ganz gleich, ob Sie gerade erst anfangen oder l\u00e4ngst begeistert tanzen \u2013 bei uns sind alle willkommen. Kommen Sie vorbei, tanzen Sie mit, und sp\u00fcren Sie selbst, wie viel Freude im ersten Schritt liegt.<\/strong><\/p>\n\n\n\n<p><strong data-start=\"823\" data-end=\"852\">Einfach mal ausprobieren!<\/strong>&nbsp;<br data-start=\"854\" data-end=\"857\"\/>Wir laden Sie herzlich zu einem <strong data-start=\"889\" data-end=\"918\">kostenlosen Probetraining<\/strong> ein \u2013 immer <strong data-start=\"931\" data-end=\"961\">sonntags von 18 bis 20 Uhr<\/strong>.<br data-start=\"962\" data-end=\"965\"\/>Bitte melden Sie sich daf\u00fcr vorab unter <strong data-start=\"1005\" data-end=\"1029\"><a rel=\"noopener\" data-start=\"1007\" data-end=\"1027\">info@bgc-muenchen.de<\/a><\/strong> an.<\/p>\n\n\n","protected":false},"excerpt":{"rendered":"<p>Herzlich willkommen! Wann lagen Sie sich zuletzt in den Armen?Tanzen geh\u00f6rt zu den ges\u00fcndesten und zugleich sch\u00f6nsten Bewegungsformen \u00fcberhaupt. Es st\u00e4rkt nicht nur Muskeln und Gelenke, sondern belebt auch Geist [&hellip;]<\/p>\n","protected":false},"author":269,"featured_media":0,"parent":0,"menu_order":0,"comment_status":"closed","ping_status":"closed","template":"elementor_canvas","meta":{"site-sidebar-layout":"default","site-content-layout":"","ast-site-content-layout":"default","site-content-style":"default","site-sidebar-style":"default","ast-global-header-display":"","ast-banner-title-visibility":"","ast-main-header-display":"","ast-hfb-above-header-display":"","ast-hfb-below-header-display":"","ast-hfb-mobile-header-display":"","site-post-title":"disabled","ast-breadcrumbs-content":"","ast-featured-img":"","footer-sml-layout":"","ast-disable-related-posts":"","theme-transparent-header-meta":"","adv-header-id-meta":"","stick-header-meta":"","header-above-stick-meta":"","header-main-stick-meta":"","header-below-stick-meta":"","astra-migrate-meta-layouts":"default","ast-page-background-enabled":"default","ast-page-background-meta":{"desktop":{"background-color":"var(--ast-global-color-5)","background-image":"","background-repeat":"repeat","background-position":"center center","background-size":"auto","background-attachment":"scroll","background-type":"","background-media":"","overlay-type":"","overlay-color":"","overlay-opacity":"","overlay-gradient":""},"tablet":{"background-color":"","background-image":"","background-repeat":"repeat","background-position":"center center","background-size":"auto","background-attachment":"scroll","background-type":"","background-media":"","overlay-type":"","overlay-color":"","overlay-opacity":"","overlay-gradient":""},"mobile":{"background-color":"","background-image":"","background-repeat":"repeat","background-position":"center center","background-size":"auto","background-attachment":"scroll","background-type":"","background-media":"","overlay-type":"","overlay-color":"","overlay-opacity":"","overlay-gradient":""}},"ast-content-background-meta":{"desktop":{"background-color":"var(--ast-global-color-4)","background-image":"","background-repeat":"repeat","background-position":"center center","background-size":"auto","background-attachment":"scroll","background-type":"","background-media":"","overlay-type":"","overlay-color":"","overlay-opacity":"","overlay-gradient":""},"tablet":{"background-color":"var(--ast-global-color-4)","background-image":"","background-repeat":"repeat","background-position":"center center","background-size":"auto","background-attachment":"scroll","background-type":"","background-media":"","overlay-type":"","overlay-color":"","overlay-opacity":"","overlay-gradient":""},"mobile":{"background-color":"var(--ast-global-color-4)","background-image":"","background-repeat":"repeat","background-position":"center center","background-size":"auto","background-attachment":"scroll","background-type":"","background-media":"","overlay-type":"","overlay-color":"","overlay-opacity":"","overlay-gradient":""}},"footnotes":""},"class_list":["post-16735","page","type-page","status-publish","hentry"],"_links":{"self":[{"href":"https:\/\/bgc-muenchen.de\/index.php?rest_route=\/wp\/v2\/pages\/16735","targetHints":{"allow":["GET"]}}],"collection":[{"href":"https:\/\/bgc-muenchen.de\/index.php?rest_route=\/wp\/v2\/pages"}],"about":[{"href":"https:\/\/bgc-muenchen.de\/index.php?rest_route=\/wp\/v2\/types\/page"}],"author":[{"embeddable":true,"href":"https:\/\/bgc-muenchen.de\/index.php?rest_route=\/wp\/v2\/users\/269"}],"replies":[{"embeddable":true,"href":"https:\/\/bgc-muenchen.de\/index.php?rest_route=%2Fwp%2Fv2%2Fcomments&post=16735"}],"version-history":[{"count":120,"href":"https:\/\/bgc-muenchen.de\/index.php?rest_route=\/wp\/v2\/pages\/16735\/revisions"}],"predecessor-version":[{"id":17320,"href":"https:\/\/bgc-muenchen.de\/index.php?rest_route=\/wp\/v2\/pages\/16735\/revisions\/17320"}],"wp:attachment":[{"href":"https:\/\/bgc-muenchen.de\/index.php?rest_route=%2Fwp%2Fv2%2Fmedia&parent=16735"}],"curies":[{"name":"wp","href":"https:\/\/api.w.org\/{rel}","templated":true}]}}