{"id":16673,"date":"2025-05-23T22:02:25","date_gmt":"2025-05-23T20:02:25","guid":{"rendered":"https:\/\/bgc-muenchen.de\/?page_id=16673"},"modified":"2025-05-24T14:30:15","modified_gmt":"2025-05-24T12:30:15","slug":"unterricht-fuer-beginner","status":"publish","type":"page","link":"https:\/\/bgc-muenchen.de\/?page_id=16673","title":{"rendered":"Unterricht f\u00fcr Anf\u00e4nger"},"content":{"rendered":"<p data-start=\"202\" data-end=\"465\">Mit unserer neuen Beginnergruppe m\u00f6chten wir allen einen Einstieg in die Welt der Standard- und Lateint\u00e4nze erm\u00f6glichen \u2013 unabh\u00e4ngig von Vorkenntnissen. Willkommen ist, wer Freude an Musik und Bewegung hat und die ersten Schritte auf dem Tanzparkett wagen m\u00f6chte.<\/p>\n<p data-start=\"467\" data-end=\"682\">Wir beginnen mit einfachen Figuren, wiederholen Grundlagen und tanzen uns gemeinsam ein \u2013 stets in angenehmer, ungezwungener Atmosph\u00e4re. Im Mittelpunkt steht der Spa\u00df am Tanzen und das Miteinander, nicht das K\u00f6nnen.<\/p>\n<p data-start=\"684\" data-end=\"810\">Bei Interesse freuen wir uns \u00fcber Ihre Nachricht an <a href=\"mailto:info@bgc-muenchen.de\"><strong data-start=\"736\" data-end=\"760\">info@bgc-muenchen.de<\/strong><\/a> \u2013 gern senden wir Ihnen weitere Informationen zu.<\/p>\n<table style=\"width: 33.8621%; height: 40px;\" border=\"1\">\n<tbody>\n<tr style=\"height: 24px;\">\n<td style=\"width: 49.7436%; height: 24px;\"><strong>Wochentag<\/strong><\/td>\n<td style=\"width: 174.35%; height: 24px;\"><strong>Uhrzeit<\/strong><\/td>\n<\/tr>\n<tr style=\"height: 16px;\">\n<td style=\"width: 49.7436%; height: 16px;\">Freitag<\/td>\n<td style=\"width: 174.35%; height: 16px;\">17:45 &#8211; 18:45<\/td>\n<\/tr>\n<\/tbody>\n<\/table>\n<p style=\"text-align: center;\"><em>nach vorheriger Anmeldung<\/em><\/p>\n<p>&nbsp;<\/p>\n","protected":false},"excerpt":{"rendered":"<p>Mit unserer neuen Beginnergruppe m\u00f6chten wir allen einen Einstieg in die Welt der Standard- und Lateint\u00e4nze erm\u00f6glichen \u2013 unabh\u00e4ngig von Vorkenntnissen. Willkommen ist, wer Freude an Musik und Bewegung hat [&hellip;]<\/p>\n","protected":false},"author":269,"featured_media":0,"parent":0,"menu_order":0,"comment_status":"closed","ping_status":"closed","template":"","meta":{"site-sidebar-layout":"default","site-content-layout":"","ast-site-content-layout":"default","site-content-style":"default","site-sidebar-style":"default","ast-global-header-display":"","ast-banner-title-visibility":"","ast-main-header-display":"","ast-hfb-above-header-display":"","ast-hfb-below-header-display":"","ast-hfb-mobile-header-display":"","site-post-title":"","ast-breadcrumbs-content":"","ast-featured-img":"","footer-sml-layout":"","ast-disable-related-posts":"","theme-transparent-header-meta":"","adv-header-id-meta":"","stick-header-meta":"","header-above-stick-meta":"","header-main-stick-meta":"","header-below-stick-meta":"","astra-migrate-meta-layouts":"default","ast-page-background-enabled":"default","ast-page-background-meta":{"desktop":{"background-color":"var(--ast-global-color-5)","background-image":"","background-repeat":"repeat","background-position":"center center","background-size":"auto","background-attachment":"scroll","background-type":"","background-media":"","overlay-type":"","overlay-color":"","overlay-opacity":"","overlay-gradient":""},"tablet":{"background-color":"","background-image":"","background-repeat":"repeat","background-position":"center center","background-size":"auto","background-attachment":"scroll","background-type":"","background-media":"","overlay-type":"","overlay-color":"","overlay-opacity":"","overlay-gradient":""},"mobile":{"background-color":"","background-image":"","background-repeat":"repeat","background-position":"center center","background-size":"auto","background-attachment":"scroll","background-type":"","background-media":"","overlay-type":"","overlay-color":"","overlay-opacity":"","overlay-gradient":""}},"ast-content-background-meta":{"desktop":{"background-color":"var(--ast-global-color-4)","background-image":"","background-repeat":"repeat","background-position":"center center","background-size":"auto","background-attachment":"scroll","background-type":"","background-media":"","overlay-type":"","overlay-color":"","overlay-opacity":"","overlay-gradient":""},"tablet":{"background-color":"var(--ast-global-color-4)","background-image":"","background-repeat":"repeat","background-position":"center center","background-size":"auto","background-attachment":"scroll","background-type":"","background-media":"","overlay-type":"","overlay-color":"","overlay-opacity":"","overlay-gradient":""},"mobile":{"background-color":"var(--ast-global-color-4)","background-image":"","background-repeat":"repeat","background-position":"center center","background-size":"auto","background-attachment":"scroll","background-type":"","background-media":"","overlay-type":"","overlay-color":"","overlay-opacity":"","overlay-gradient":""}},"footnotes":""},"class_list":["post-16673","page","type-page","status-publish","hentry"],"_links":{"self":[{"href":"https:\/\/bgc-muenchen.de\/index.php?rest_route=\/wp\/v2\/pages\/16673","targetHints":{"allow":["GET"]}}],"collection":[{"href":"https:\/\/bgc-muenchen.de\/index.php?rest_route=\/wp\/v2\/pages"}],"about":[{"href":"https:\/\/bgc-muenchen.de\/index.php?rest_route=\/wp\/v2\/types\/page"}],"author":[{"embeddable":true,"href":"https:\/\/bgc-muenchen.de\/index.php?rest_route=\/wp\/v2\/users\/269"}],"replies":[{"embeddable":true,"href":"https:\/\/bgc-muenchen.de\/index.php?rest_route=%2Fwp%2Fv2%2Fcomments&post=16673"}],"version-history":[{"count":5,"href":"https:\/\/bgc-muenchen.de\/index.php?rest_route=\/wp\/v2\/pages\/16673\/revisions"}],"predecessor-version":[{"id":16708,"href":"https:\/\/bgc-muenchen.de\/index.php?rest_route=\/wp\/v2\/pages\/16673\/revisions\/16708"}],"wp:attachment":[{"href":"https:\/\/bgc-muenchen.de\/index.php?rest_route=%2Fwp%2Fv2%2Fmedia&parent=16673"}],"curies":[{"name":"wp","href":"https:\/\/api.w.org\/{rel}","templated":true}]}}