{"id":16667,"date":"2025-05-23T21:54:36","date_gmt":"2025-05-23T19:54:36","guid":{"rendered":"https:\/\/bgc-muenchen.de\/?page_id=16667"},"modified":"2025-05-23T21:59:12","modified_gmt":"2025-05-23T19:59:12","slug":"einsteiger","status":"publish","type":"page","link":"https:\/\/bgc-muenchen.de\/?page_id=16667","title":{"rendered":"Einsteiger"},"content":{"rendered":"<p data-start=\"227\" data-end=\"504\">Mit Mai 2025 haben wir eine neue Gruppe ins Leben gerufen, die sich an Tanzbegeisterte ohne Vorkenntnisse oder mit ersten Grundkenntnissen richtet. Im Mittelpunkt stehen die klassischen Standard- und Lateint\u00e4nze \u2013 stilvoll, rhythmisch und mit viel Freude am gemeinsamen Tanzen.<\/p>\n<p data-start=\"506\" data-end=\"792\">Zum Auftakt jeder Stunde wiederholen wir gelernte T\u00e4nze zum sanften Eintanzen. Danach widmen wir uns \u00fcber jeweils zwei Monate hinweg intensiv einem ausgew\u00e4hlten Tanz, um Technik und Bewegungsgef\u00fchl gezielt zu verfeinern. Den Ausklang bilden bekannte T\u00e4nze aus dem bisherigen Repertoire.<\/p>\n<p data-start=\"794\" data-end=\"966\">Wenn Sie Interesse an unserer Einsteigergruppe haben, freuen wir uns \u00fcber Ihre Nachricht an <strong data-start=\"886\" data-end=\"910\"><a class=\"cursor-pointer\" href=\"mailto:info@bgc-muenchen.de\" rel=\"noopener\" data-start=\"888\" data-end=\"908\">info@bgc-muenchen.de<\/a><\/strong> \u2013 gern senden wir Ihnen alle weiteren Informationen zu.<\/p>\n<table style=\"width: 30.9533%; height: 48px;\" border=\"1\">\n<tbody>\n<tr style=\"height: 24px;\">\n<td style=\"width: 47.001%; text-align: left; height: 24px;\"><strong>Wochentag<\/strong><\/td>\n<td style=\"width: 204.984%; text-align: left; height: 24px;\"><strong>Uhrzeit<\/strong><\/td>\n<\/tr>\n<tr style=\"height: 24px;\">\n<td style=\"width: 47.001%; height: 24px;\">Dienstag<\/td>\n<td style=\"width: 204.984%; height: 24px;\">18:30 &#8211; 20:00<\/td>\n<\/tr>\n<\/tbody>\n<\/table>\n<p>&nbsp;<\/p>\n<p>&nbsp;<\/p>\n","protected":false},"excerpt":{"rendered":"<p>Mit Mai 2025 haben wir eine neue Gruppe ins Leben gerufen, die sich an Tanzbegeisterte ohne Vorkenntnisse oder mit ersten Grundkenntnissen richtet. Im Mittelpunkt stehen die klassischen Standard- und Lateint\u00e4nze [&hellip;]<\/p>\n","protected":false},"author":269,"featured_media":0,"parent":0,"menu_order":0,"comment_status":"closed","ping_status":"closed","template":"","meta":{"site-sidebar-layout":"default","site-content-layout":"","ast-site-content-layout":"default","site-content-style":"default","site-sidebar-style":"default","ast-global-header-display":"","ast-banner-title-visibility":"","ast-main-header-display":"","ast-hfb-above-header-display":"","ast-hfb-below-header-display":"","ast-hfb-mobile-header-display":"","site-post-title":"","ast-breadcrumbs-content":"","ast-featured-img":"","footer-sml-layout":"","ast-disable-related-posts":"","theme-transparent-header-meta":"","adv-header-id-meta":"","stick-header-meta":"","header-above-stick-meta":"","header-main-stick-meta":"","header-below-stick-meta":"","astra-migrate-meta-layouts":"default","ast-page-background-enabled":"default","ast-page-background-meta":{"desktop":{"background-color":"var(--ast-global-color-5)","background-image":"","background-repeat":"repeat","background-position":"center center","background-size":"auto","background-attachment":"scroll","background-type":"","background-media":"","overlay-type":"","overlay-color":"","overlay-opacity":"","overlay-gradient":""},"tablet":{"background-color":"","background-image":"","background-repeat":"repeat","background-position":"center center","background-size":"auto","background-attachment":"scroll","background-type":"","background-media":"","overlay-type":"","overlay-color":"","overlay-opacity":"","overlay-gradient":""},"mobile":{"background-color":"","background-image":"","background-repeat":"repeat","background-position":"center center","background-size":"auto","background-attachment":"scroll","background-type":"","background-media":"","overlay-type":"","overlay-color":"","overlay-opacity":"","overlay-gradient":""}},"ast-content-background-meta":{"desktop":{"background-color":"var(--ast-global-color-4)","background-image":"","background-repeat":"repeat","background-position":"center center","background-size":"auto","background-attachment":"scroll","background-type":"","background-media":"","overlay-type":"","overlay-color":"","overlay-opacity":"","overlay-gradient":""},"tablet":{"background-color":"var(--ast-global-color-4)","background-image":"","background-repeat":"repeat","background-position":"center center","background-size":"auto","background-attachment":"scroll","background-type":"","background-media":"","overlay-type":"","overlay-color":"","overlay-opacity":"","overlay-gradient":""},"mobile":{"background-color":"var(--ast-global-color-4)","background-image":"","background-repeat":"repeat","background-position":"center center","background-size":"auto","background-attachment":"scroll","background-type":"","background-media":"","overlay-type":"","overlay-color":"","overlay-opacity":"","overlay-gradient":""}},"footnotes":""},"class_list":["post-16667","page","type-page","status-publish","hentry"],"_links":{"self":[{"href":"https:\/\/bgc-muenchen.de\/index.php?rest_route=\/wp\/v2\/pages\/16667","targetHints":{"allow":["GET"]}}],"collection":[{"href":"https:\/\/bgc-muenchen.de\/index.php?rest_route=\/wp\/v2\/pages"}],"about":[{"href":"https:\/\/bgc-muenchen.de\/index.php?rest_route=\/wp\/v2\/types\/page"}],"author":[{"embeddable":true,"href":"https:\/\/bgc-muenchen.de\/index.php?rest_route=\/wp\/v2\/users\/269"}],"replies":[{"embeddable":true,"href":"https:\/\/bgc-muenchen.de\/index.php?rest_route=%2Fwp%2Fv2%2Fcomments&post=16667"}],"version-history":[{"count":5,"href":"https:\/\/bgc-muenchen.de\/index.php?rest_route=\/wp\/v2\/pages\/16667\/revisions"}],"predecessor-version":[{"id":16672,"href":"https:\/\/bgc-muenchen.de\/index.php?rest_route=\/wp\/v2\/pages\/16667\/revisions\/16672"}],"wp:attachment":[{"href":"https:\/\/bgc-muenchen.de\/index.php?rest_route=%2Fwp%2Fv2%2Fmedia&parent=16667"}],"curies":[{"name":"wp","href":"https:\/\/api.w.org\/{rel}","templated":true}]}}