{"id":16463,"date":"2025-01-30T11:00:25","date_gmt":"2025-01-30T10:00:25","guid":{"rendered":"https:\/\/bgc-muenchen.de\/?page_id=16463"},"modified":"2025-03-02T00:21:01","modified_gmt":"2025-03-01T23:21:01","slug":"mv-2025-ausserordentliche-mitgliederversammlung","status":"publish","type":"page","link":"https:\/\/bgc-muenchen.de\/?page_id=16463","title":{"rendered":"MV 2025 &#8211; Au\u00dferordentliche Mitgliederversammlung"},"content":{"rendered":"<h2>Au\u00dferordentliche Mitgliederversammlung am 22.02.2025 um 18:30 Uhr<\/h2>\n<h2>Unterlagen zum Download<\/h2>\n<p>\t\t<a href=\"https:\/\/bgc-muenchen.de\/wp-content\/uploads\/2025\/01\/BGC-2025-AO-MV-Einladung_AO22.Feb2025.pdf\" target=\"_blank\" rel=\"noopener\"><strong>Einladung zur Mitgliederversammlung<\/strong><\/a>\u00a0<a href=\"https:\/\/bgc-muenchen.de\/wp-content\/uploads\/2025\/03\/Protokoll_Ausserordentliche-Mitgliederversammlung_22022025.pdf\"><strong>Protokoll der au\u00dferordentlichen MV vom 22.02.2025<\/strong><\/a>\u00a0\t\t<\/p>\n<h4>Antr\u00e4ge<\/h4>\n<p><a href=\"https:\/\/bgc-muenchen.de\/wp-content\/uploads\/2025\/01\/Antrag-zu-TOP-6-signiert.pdf\" target=\"_blank\" rel=\"noopener\"><strong>Antrag von Karl Kl\u00f6pfer vom 30.01.2025<\/strong><\/a><\/p>\n<h4>Links zu fr\u00fcheren Mitgliederversammlungen<\/h4>\n<p><a href=\"https:\/\/bgc-muenchen.de\/intern\/mv-2025\/\" target=\"_blank\" rel=\"noopener\"><strong>Mitgliederversammlung 2025<\/strong><\/a><\/p>\n<p><strong><a href=\"https:\/\/bgc-muenchen.de\/intern\/mv-2024\/\" target=\"_blank\" rel=\"noopener\">Mitgliederversammlung 2024<\/a><\/strong><\/p>\n<p><a href=\"https:\/\/bgc-muenchen.de\/intern\/mv-2023\/\" target=\"_blank\" rel=\"noopener\"><strong>Mitgliederversammlung 2023<\/strong><\/a><\/p>\n<p><a title=\"MV 2022 \u2013 Au\u00dferordentliche Mitgliederversammlung\" href=\"https:\/\/bgc-muenchen.de\/intern\/mv-2022ao\/\" target=\"_blank\" rel=\"noopener\"><strong>Au\u00dferordentliche Mitgliederversammlung 2022<\/strong> <\/a><\/p>\n<p><a href=\"https:\/\/bgc-muenchen.de\/mv-2022\/\" target=\"_blank\" rel=\"noopener\"><strong>Mitgliederversammlung 2022<\/strong><\/a><\/p>\n<p><a href=\"https:\/\/bgc-muenchen.de\/mv-2021\/\"><strong>Mitgliederversammlung 2021<\/strong><\/a><\/p>\n<p><a href=\"https:\/\/bgc-muenchen.de\/intern\/mv-2020\/\" target=\"_blank\" rel=\"noopener\"><strong>Mitgliederversammlung 2020<\/strong><\/a><\/p>\n<p><a href=\"https:\/\/bgc-muenchen.de\/intern\/mv-2019\/\" target=\"_blank\" rel=\"noopener\"><strong>Mitgliederversammlung 2019<\/strong><\/a><\/p>\n","protected":false},"excerpt":{"rendered":"<p>Au\u00dferordentliche Mitgliederversammlung am 22.02.2025 um 18:30 Uhr Unterlagen zum Download Einladung zur Mitgliederversammlung\u00a0Protokoll der au\u00dferordentlichen MV vom 22.02.2025\u00a0 Antr\u00e4ge Antrag von Karl Kl\u00f6pfer vom 30.01.2025 Links zu fr\u00fcheren Mitgliederversammlungen Mitgliederversammlung [&hellip;]<\/p>\n","protected":false},"author":71,"featured_media":5939,"parent":708,"menu_order":0,"comment_status":"closed","ping_status":"closed","template":"elementor_header_footer","meta":{"site-sidebar-layout":"default","site-content-layout":"","ast-site-content-layout":"default","site-content-style":"default","site-sidebar-style":"default","ast-global-header-display":"","ast-banner-title-visibility":"","ast-main-header-display":"","ast-hfb-above-header-display":"","ast-hfb-below-header-display":"","ast-hfb-mobile-header-display":"","site-post-title":"","ast-breadcrumbs-content":"","ast-featured-img":"","footer-sml-layout":"","ast-disable-related-posts":"","theme-transparent-header-meta":"","adv-header-id-meta":"","stick-header-meta":"","header-above-stick-meta":"","header-main-stick-meta":"","header-below-stick-meta":"","astra-migrate-meta-layouts":"default","ast-page-background-enabled":"default","ast-page-background-meta":{"desktop":{"background-color":"var(--ast-global-color-5)","background-image":"","background-repeat":"repeat","background-position":"center center","background-size":"auto","background-attachment":"scroll","background-type":"","background-media":"","overlay-type":"","overlay-color":"","overlay-opacity":"","overlay-gradient":""},"tablet":{"background-color":"","background-image":"","background-repeat":"repeat","background-position":"center center","background-size":"auto","background-attachment":"scroll","background-type":"","background-media":"","overlay-type":"","overlay-color":"","overlay-opacity":"","overlay-gradient":""},"mobile":{"background-color":"","background-image":"","background-repeat":"repeat","background-position":"center center","background-size":"auto","background-attachment":"scroll","background-type":"","background-media":"","overlay-type":"","overlay-color":"","overlay-opacity":"","overlay-gradient":""}},"ast-content-background-meta":{"desktop":{"background-color":"var(--ast-global-color-4)","background-image":"","background-repeat":"repeat","background-position":"center center","background-size":"auto","background-attachment":"scroll","background-type":"","background-media":"","overlay-type":"","overlay-color":"","overlay-opacity":"","overlay-gradient":""},"tablet":{"background-color":"var(--ast-global-color-4)","background-image":"","background-repeat":"repeat","background-position":"center center","background-size":"auto","background-attachment":"scroll","background-type":"","background-media":"","overlay-type":"","overlay-color":"","overlay-opacity":"","overlay-gradient":""},"mobile":{"background-color":"var(--ast-global-color-4)","background-image":"","background-repeat":"repeat","background-position":"center center","background-size":"auto","background-attachment":"scroll","background-type":"","background-media":"","overlay-type":"","overlay-color":"","overlay-opacity":"","overlay-gradient":""}},"footnotes":""},"class_list":["post-16463","page","type-page","status-publish","has-post-thumbnail","hentry"],"_links":{"self":[{"href":"https:\/\/bgc-muenchen.de\/index.php?rest_route=\/wp\/v2\/pages\/16463","targetHints":{"allow":["GET"]}}],"collection":[{"href":"https:\/\/bgc-muenchen.de\/index.php?rest_route=\/wp\/v2\/pages"}],"about":[{"href":"https:\/\/bgc-muenchen.de\/index.php?rest_route=\/wp\/v2\/types\/page"}],"author":[{"embeddable":true,"href":"https:\/\/bgc-muenchen.de\/index.php?rest_route=\/wp\/v2\/users\/71"}],"replies":[{"embeddable":true,"href":"https:\/\/bgc-muenchen.de\/index.php?rest_route=%2Fwp%2Fv2%2Fcomments&post=16463"}],"version-history":[{"count":9,"href":"https:\/\/bgc-muenchen.de\/index.php?rest_route=\/wp\/v2\/pages\/16463\/revisions"}],"predecessor-version":[{"id":16563,"href":"https:\/\/bgc-muenchen.de\/index.php?rest_route=\/wp\/v2\/pages\/16463\/revisions\/16563"}],"up":[{"embeddable":true,"href":"https:\/\/bgc-muenchen.de\/index.php?rest_route=\/wp\/v2\/pages\/708"}],"wp:featuredmedia":[{"embeddable":true,"href":"https:\/\/bgc-muenchen.de\/index.php?rest_route=\/wp\/v2\/media\/5939"}],"wp:attachment":[{"href":"https:\/\/bgc-muenchen.de\/index.php?rest_route=%2Fwp%2Fv2%2Fmedia&parent=16463"}],"curies":[{"name":"wp","href":"https:\/\/api.w.org\/{rel}","templated":true}]}}