{"id":13383,"date":"2022-03-29T10:29:01","date_gmt":"2022-03-29T08:29:01","guid":{"rendered":"https:\/\/bgc-muenchen.de\/?page_id=13383"},"modified":"2022-11-23T21:44:46","modified_gmt":"2022-11-23T20:44:46","slug":"mv-2022","status":"publish","type":"page","link":"https:\/\/bgc-muenchen.de\/?page_id=13383","title":{"rendered":"MV 2022"},"content":{"rendered":"<h2>Mitgliederversammlung am 5.5.2022 um 19:30 Uhr<\/h2>\n<p>Das unterzeichnete Protokoll kann mit dem Link in der rechten Spalte unter &#8222;Unterlagen zum Download&#8220; heruntergeladen werden. <\/p>\n<p>Unser herzlicher Dank geb\u00fchrt Dagobert L\u00fctzenburger f\u00fcr die Unterst\u00fctzung bei der Entlastung des Vorstandes und Andrea Dittrich f\u00fcr die Protokollf\u00fchrung.<\/p>\n<p>Die Aufzeichnung der Mitgliederversammlung ist nachfolgend verf\u00fcgbar. Angesichts der Gr\u00f6\u00dfe der Videodatei kann es\u00a0 etwas dauern, bis das Video abgespielt werden kann.<\/p>\n<p>https:\/\/bgc-muenchen.de\/videos\/mv\/BGC_20220505_MV.mp4\t\t<\/p>\n<h2>Unterlagen zum Download<\/h2>\n<p><a href=\"https:\/\/bgc-muenchen.de\/wp-content\/uploads\/2022\/05\/BGC-2022-MV-Einladung-zur-Mitgliederversammlung.pdf\" target=\"_blank\" rel=\"noopener\"><strong>Einladung zur Mitgliederversammlung<\/strong><\/a><\/p>\n<p><a href=\"https:\/\/bgc-muenchen.de\/wp-content\/uploads\/2022\/11\/BGC-2022-MV-Protokoll-der-MV-vom-5.5.2022-unterzeichnet.pdf\" target=\"_blank\" rel=\"noopener\"><strong>Protokoll der Mitgliederversammlung<\/strong><\/a><\/p>\n<h4>Top 5 &#8211; Bericht der Vorst\u00e4nde und Kassenpr\u00fcfer<\/h4>\n<p><a href=\"https:\/\/bgc-muenchen.de\/wp-content\/uploads\/2022\/05\/BGC-2022-MV-Bericht-des-1.-Vorsitzenden.pdf\" target=\"_blank\" rel=\"noopener\"><strong>Bericht des 1. Vorsitzenden<\/strong><\/a><\/p>\n<p><a href=\"https:\/\/bgc-muenchen.de\/wp-content\/uploads\/2022\/05\/BGC-2022-MV-Bericht-der-2.-Vorsitzenden.pdf\" target=\"_blank\" rel=\"noopener\"><strong>Bericht der 2. Vorsitzenden<\/strong><\/a><\/p>\n<p><a href=\"https:\/\/bgc-muenchen.de\/wp-content\/uploads\/2022\/05\/BGC-2022-MV-Bericht-der-3.-Vorsitzenden.pdf\" target=\"_blank\" rel=\"noopener\"><strong>Bericht der 3. Vorsitzenden\u00a0<\/strong><\/a><\/p>\n<p><a href=\"https:\/\/bgc-muenchen.de\/wp-content\/uploads\/2022\/05\/BGC-MV-2022-Kassenprueferbericht.pdf\" target=\"_blank\" rel=\"noopener\"><strong>Bericht der Kassenpr\u00fcfer<\/strong><\/a><\/p>\n<ul>\n<li><a href=\"https:\/\/bgc-muenchen.de\/wp-content\/uploads\/2022\/03\/BGC-2022-MV-EA-2021.pdf\" target=\"_blank\" rel=\"noopener\"><strong>Einnahme-\/Ausgaben\u00fcberschu\u00dfrechnung<\/strong><\/a><\/li>\n<li><a href=\"https:\/\/bgc-muenchen.de\/wp-content\/uploads\/2022\/03\/BGC-2022-MV-Kontenuebersicht.pdf\" target=\"_blank\" rel=\"noopener\"><strong>Konten\u00fcbersicht<\/strong><\/a><\/li>\n<li><a href=\"https:\/\/bgc-muenchen.de\/wp-content\/uploads\/2022\/03\/BGC-2022-MV-Liquiditaetsbericht-2021.pdf\" target=\"_blank\" rel=\"noopener\"><strong>Liquidit\u00e4tsbericht<\/strong><\/a><\/li>\n<\/ul>\n<h4>Top 7 &#8211; Genehmigung des Haushaltsplanes f\u00fcr 2022<\/h4>\n<p><a href=\"https:\/\/bgc-muenchen.de\/wp-content\/uploads\/2022\/05\/BGC-2022-MV-Vorschlag-Haushalt.pdf\" target=\"_blank\" rel=\"noopener\"><strong>Vorschlag f\u00fcr den Haushaltsplan 2022<\/strong><\/a><\/p>\n<p><a href=\"https:\/\/bgc-muenchen.de\/wp-content\/uploads\/2022\/05\/BGC-2022-MV-Vorstellung-des-Haushaltsplanes-fuer-2022.pdf\" target=\"_blank\" rel=\"noopener\"><strong>Erl\u00e4uterung des Haushaltsplanes 2022<\/strong><\/a><\/p>\n<h4>Top 9 &#8211; Verschiedenes<\/h4>\n<p><a href=\"https:\/\/bgc-muenchen.de\/wp-content\/uploads\/2022\/05\/BGC-2022-MV-Einrichtung-einer-Geschaeftsstelle.pdf\" target=\"_blank\" rel=\"noopener\"><strong>Einrichtung einer Gesch\u00e4ftsstelle<\/strong><\/a><\/p>\n<h4>Top 5 &#8211; 9  &#8211; Berichtspaket <\/h4>\n<p><a href=\"https:\/\/bgc-muenchen.de\/wp-content\/uploads\/2022\/05\/BGC-2022-MV-Berichtspaket.zip\" target=\"_blank\" rel=\"noopener\"><strong>ZIP-Datei aller Berichte und Unterlagen f\u00fcr die Top 5 &#8211; 9<\/strong><\/a><\/p>\n<h4>Links zu fr\u00fcherern Mitgliederversammlungen<\/h4>\n<p><a href=\"https:\/\/bgc-muenchen.de\/mv-2021\/\"><strong>Mitgliederversammlung 2021<\/strong><\/a><\/p>\n<p><a href=\"https:\/\/bgc-muenchen.de\/intern\/mv-2020\/\" target=\"_blank\" rel=\"noopener\"><strong>Mitgliederversammlung 2020<\/strong><\/a><\/p>\n<p><a href=\"https:\/\/bgc-muenchen.de\/intern\/mv-2019\/\" target=\"_blank\" rel=\"noopener\"><strong>Mitgliederversammlung 2019<\/strong><\/a><\/p>\n","protected":false},"excerpt":{"rendered":"<p>Mitgliederversammlung am 5.5.2022 um 19:30 Uhr Das unterzeichnete Protokoll kann mit dem Link in der rechten Spalte unter &#8222;Unterlagen zum Download&#8220; heruntergeladen werden. Unser herzlicher Dank geb\u00fchrt Dagobert L\u00fctzenburger f\u00fcr [&hellip;]<\/p>\n","protected":false},"author":3,"featured_media":5939,"parent":0,"menu_order":0,"comment_status":"closed","ping_status":"closed","template":"elementor_header_footer","meta":{"site-sidebar-layout":"default","site-content-layout":"","ast-site-content-layout":"default","site-content-style":"default","site-sidebar-style":"default","ast-global-header-display":"","ast-banner-title-visibility":"","ast-main-header-display":"","ast-hfb-above-header-display":"","ast-hfb-below-header-display":"","ast-hfb-mobile-header-display":"","site-post-title":"","ast-breadcrumbs-content":"","ast-featured-img":"","footer-sml-layout":"","ast-disable-related-posts":"","theme-transparent-header-meta":"","adv-header-id-meta":"","stick-header-meta":"","header-above-stick-meta":"","header-main-stick-meta":"","header-below-stick-meta":"","astra-migrate-meta-layouts":"default","ast-page-background-enabled":"default","ast-page-background-meta":{"desktop":{"background-color":"var(--ast-global-color-5)","background-image":"","background-repeat":"repeat","background-position":"center center","background-size":"auto","background-attachment":"scroll","background-type":"","background-media":"","overlay-type":"","overlay-color":"","overlay-opacity":"","overlay-gradient":""},"tablet":{"background-color":"","background-image":"","background-repeat":"repeat","background-position":"center center","background-size":"auto","background-attachment":"scroll","background-type":"","background-media":"","overlay-type":"","overlay-color":"","overlay-opacity":"","overlay-gradient":""},"mobile":{"background-color":"","background-image":"","background-repeat":"repeat","background-position":"center center","background-size":"auto","background-attachment":"scroll","background-type":"","background-media":"","overlay-type":"","overlay-color":"","overlay-opacity":"","overlay-gradient":""}},"ast-content-background-meta":{"desktop":{"background-color":"var(--ast-global-color-4)","background-image":"","background-repeat":"repeat","background-position":"center center","background-size":"auto","background-attachment":"scroll","background-type":"","background-media":"","overlay-type":"","overlay-color":"","overlay-opacity":"","overlay-gradient":""},"tablet":{"background-color":"var(--ast-global-color-4)","background-image":"","background-repeat":"repeat","background-position":"center center","background-size":"auto","background-attachment":"scroll","background-type":"","background-media":"","overlay-type":"","overlay-color":"","overlay-opacity":"","overlay-gradient":""},"mobile":{"background-color":"var(--ast-global-color-4)","background-image":"","background-repeat":"repeat","background-position":"center center","background-size":"auto","background-attachment":"scroll","background-type":"","background-media":"","overlay-type":"","overlay-color":"","overlay-opacity":"","overlay-gradient":""}},"footnotes":""},"class_list":["post-13383","page","type-page","status-publish","has-post-thumbnail","hentry"],"_links":{"self":[{"href":"https:\/\/bgc-muenchen.de\/index.php?rest_route=\/wp\/v2\/pages\/13383","targetHints":{"allow":["GET"]}}],"collection":[{"href":"https:\/\/bgc-muenchen.de\/index.php?rest_route=\/wp\/v2\/pages"}],"about":[{"href":"https:\/\/bgc-muenchen.de\/index.php?rest_route=\/wp\/v2\/types\/page"}],"author":[{"embeddable":true,"href":"https:\/\/bgc-muenchen.de\/index.php?rest_route=\/wp\/v2\/users\/3"}],"replies":[{"embeddable":true,"href":"https:\/\/bgc-muenchen.de\/index.php?rest_route=%2Fwp%2Fv2%2Fcomments&post=13383"}],"version-history":[{"count":8,"href":"https:\/\/bgc-muenchen.de\/index.php?rest_route=\/wp\/v2\/pages\/13383\/revisions"}],"predecessor-version":[{"id":14595,"href":"https:\/\/bgc-muenchen.de\/index.php?rest_route=\/wp\/v2\/pages\/13383\/revisions\/14595"}],"wp:featuredmedia":[{"embeddable":true,"href":"https:\/\/bgc-muenchen.de\/index.php?rest_route=\/wp\/v2\/media\/5939"}],"wp:attachment":[{"href":"https:\/\/bgc-muenchen.de\/index.php?rest_route=%2Fwp%2Fv2%2Fmedia&parent=13383"}],"curies":[{"name":"wp","href":"https:\/\/api.w.org\/{rel}","templated":true}]}}