{"id":11684,"date":"2021-11-08T09:45:30","date_gmt":"2021-11-08T08:45:30","guid":{"rendered":"https:\/\/bgc-muenchen.de\/?page_id=11684"},"modified":"2021-11-08T11:22:03","modified_gmt":"2021-11-08T10:22:03","slug":"sicherheits-und-hygenie-konzept-gruppentraining","status":"publish","type":"page","link":"https:\/\/bgc-muenchen.de\/?page_id=11684","title":{"rendered":"Sicherheits- und Hygenie-Konzept Gruppentraining"},"content":{"rendered":"<p><strong>G\u00fcltig ab 7.11.2021<\/strong><\/p>\n<h2>Regelungen f\u00fcr das Training allgemein<\/h2>\n<ul>\n<li>Personen, auf die die nachfolgenden Kriterien zutreffen:\n<ul>\n<li>Personen mit nachgewiesener SARS-CoV-2-Infektion,<\/li>\n<li>Personen mit Kontakt zu COVID-19-F\u00e4llen in den letzten 14 Tagen, zu Ausnahmen wird hier auf die jeweils aktuell g\u00fcltigen infektionsschutzrechtlichen Vorgaben verwiesen,<\/li>\n<li>Personen, die einer Quarant\u00e4nema\u00dfnahme unterliegen,<\/li>\n<li>Personen mit unspezifischen Allgemeinsymptomen und respiratorischen Symptomen jeder Schwere (wie z. B. Atemnot, Husten, Schnupfen) oder f\u00fcr eine Infektion mit SARS-CoV-2 spezifischen Symptomen (Verlust des Geruchs- oder Geschmacksinnes).<\/li>\n<\/ul>\n<\/li>\n<\/ul>\n<p>haben <strong>keinen Zutritt<\/strong> zu den Vereinsr\u00e4umen und d\u00fcrfen das Geb\u00e4ude nicht betreten. Bei Auftreten entsprechender Symptome werden die Mitglieder gebeten, die Vereinsr\u00e4ume umgehend zu verlassen.<\/p>\n<ul>\n<li>Zur Nachverfolgung der Kontakte und der Beschr\u00e4nkung der Teilnehmerzahl ist eine Anmeldung zu den Trainingseinheiten \u00fcber die Webseite des Vereins notwendig. Die G\u00fcltigkeit der Buchung wird durch eine Email best\u00e4tigt.<\/li>\n<li>Die Teilnehmerzahl <strong>wird<\/strong> auf 8 Paare im Bereich Standard\/Latein und Discofox und auf 8 Teilnehmer im Bereich Jazz-Modern Dance <strong>sowie im <\/strong>Kinder- und Jugend<strong>-Bereich<\/strong><\/li>\n<li>Sind weniger als 3 Paare \/ 3 Teilnehmer angemeldet, wird das Training im Regelfall abgesagt.<\/li>\n<li>Beim Betreten des Geb\u00e4udes besteht Maskenpflicht. Es gelten die allgemeinen Vorschriften der Bayerischen Staatsregierung, es wird jedoch das Tragen von FFP2-Masken empfohlen.<\/li>\n<li>Ein Mindestabstand von 1,5 Metern zwischen den Tanzpaaren ist einzuhalten.<\/li>\n<li>Ein Wechsel des Tanzpartners ist nicht erlaubt.<\/li>\n<li>K\u00f6rperkontakt au\u00dferhalb der Trainingseinheit (z. B. Begr\u00fc\u00dfung, Verabschiedung, etc.) ist untersagt.<\/li>\n<li>Getr\u00e4nke d\u00fcrfen von zu Hause mitgebracht werden<\/li>\n<li>Sofern in der Trainingsbeschreibung vermerkt, werden ankommende Trainingsteilnehmer gebeten, den Schuhwechsel von Stra\u00dfen- auf Tanzschuhe im kleinen Saal durchzuf\u00fchren und die Schuhe in den gro\u00dfen Saal mitzunehmen. Der kleine Saal ist in dieser Zeit f\u00fcr andere Trainingsaktivit\u00e4ten gesperrt. Auf die Einhaltung des Mindestabstandes zwischen den Paaren ist auch hier zu achten. Die St\u00fchle wurden zur Seite gestellt, um den Saal auch f\u00fcr Tanztrainings benutzen zu k\u00f6nnen. Die Trainingsteilnehmer werden gebeten, im kleinen Saal zu warten, bis das vorherige Training im gro\u00dfen Saal beendet ist und die Teilnehmer den Saal verlassen haben.<\/li>\n<li>Au\u00dferdem sind die allgemein g\u00fcltigen Regelungen der Bayerischen Landesregierung bzw. des Landratsamts Dachau bzgl. der Aus\u00fcbung von Sport zu ber\u00fccksichtigen (3G, 3G+, 2G). Weicht der Verein von diesen Regelungen ab (Versch\u00e4rfung) ist dies im Buchungsportal beim jeweiligen Kursangebot vermerkt. Die notwendigen Nachweise sind gegen\u00fcber den Trainern auf Wunsch zu erbringen, Testergebnisse sind unaufgefordert vorzulegen.<\/li>\n<li>G\u00e4ste m\u00fcssen sich beim Vorstand f\u00fcr das Training anmelden und sind verpflichtet, das Kontaktdatenformular auszuf\u00fcllen.<\/li>\n<\/ul>\n<h2>Sicherheits- und Hygieneregeln<\/h2>\n<h3><strong>\u00a0<\/strong><strong>F\u00fcr die Tanzs\u00e4le:<\/strong><\/h3>\n<ul>\n<li>In den Tanzs\u00e4len d\u00fcrfen die Masken f\u00fcr das Training abgenommen werden. Beim Verlassen des Saales besteht wiederum Maskenpflicht. Dies gilt insbesondere auch f\u00fcr den Besuch der sanit\u00e4ren Einrichtungen.<\/li>\n<li>W\u00e4hrend einer Trainingseinheit ist mindestens 1x f\u00fcr eine mindestens 5-min\u00fctige L\u00fcftung zu sorgen, zus\u00e4tzliche L\u00fcftungen sind angeraten<\/li>\n<li>Nach dem Ende der Trainingseinheit\n<ul>\n<li>Ist f\u00fcr eine mind. 10-min\u00fctige Sto\u00dfl\u00fcftung zu sorgen<\/li>\n<li>Vor dem Verlassen des Trainings sind alle ber\u00fchrten Fl\u00e4chen (B\u00e4nke und T\u00fcrgriffe) zu desinfizieren<\/li>\n<li>Die Paare werden gebeten, die R\u00e4ume nach Beendigung des Trainings z\u00fcgig zu verlassen, um m\u00f6glichst Kontakte mit der n\u00e4chsten Trainingsgruppe zu vermeiden.<\/li>\n<li>Bei einem Trainerwechsel ist au\u00dferdem die Musikanlage und die Bar zu desinfizieren.<\/li>\n<\/ul>\n<\/li>\n<li>Ein Betreten des Tanzsaales durch die n\u00e4chsten Trainingsteilnehmer, w\u00e4hrend das Training noch l\u00e4uft, ist nicht gestattet!<\/li>\n<\/ul>\n<h3><strong>F\u00fcr die sanit\u00e4ren Einrichtungen (WC):<\/strong><\/h3>\n<ul>\n<li>Die Benutzung der Dusche in der Damentoilette ist nicht gestattet<\/li>\n<li>Der K\u00fcchenvorraum sollte nicht als Warteraum genutzt werden.<\/li>\n<li>Das Waschbecken ist nach Gebrauch zu mit den bereit gestellten Utensilien (Einweghandschuhe, Desinfektionsmittel, Einweghandt\u00fccher) zu desinfizieren.<\/li>\n<li>Beim Verlassen der sanit\u00e4ren Einrichtungen sind die H\u00e4nde mit Hilfe des bereit gestellten Spenders zu desinfizieren. Mit einem Einmal-Tuch sind die T\u00fcrklinken der benutzten WC-T\u00fcre und der Eingangst\u00fcre zur K\u00fcche zu desinfizieren.<\/li>\n<li>Die T\u00fcren der WC\u2019s sind nach dem Verlassen m\u00f6glichst ge\u00f6ffnet zu lassen (Bel\u00fcftung).<\/li>\n<\/ul>\n<p>Der Vorstand bzw. von ihm beauftrage Personen werden stichprobenartig die Einhaltung der Regeln kontrollieren.<\/p>\n<p>Bei Verst\u00f6\u00dfen gegen diese Regelungen beh\u00e4lt sich der Vorstand vor, ein Trainingsverbot auszusprechen.<\/p>\n<p>Karlsfeld, den 7.11.2021<\/p>\n<p>Diese Regelungen k\u00f6nnen auch als PDF zum Download zur Verf\u00fcgung.<\/p>\n","protected":false},"excerpt":{"rendered":"<p>G\u00fcltig ab 7.11.2021 Regelungen f\u00fcr das Training allgemein Personen, auf die die nachfolgenden Kriterien zutreffen: Personen mit nachgewiesener SARS-CoV-2-Infektion, Personen mit Kontakt zu COVID-19-F\u00e4llen in den letzten 14 Tagen, zu [&hellip;]<\/p>\n","protected":false},"author":3,"featured_media":0,"parent":0,"menu_order":0,"comment_status":"closed","ping_status":"closed","template":"template-full.php","meta":{"site-sidebar-layout":"default","site-content-layout":"","ast-site-content-layout":"default","site-content-style":"default","site-sidebar-style":"default","ast-global-header-display":"","ast-banner-title-visibility":"","ast-main-header-display":"","ast-hfb-above-header-display":"","ast-hfb-below-header-display":"","ast-hfb-mobile-header-display":"","site-post-title":"","ast-breadcrumbs-content":"","ast-featured-img":"","footer-sml-layout":"","ast-disable-related-posts":"","theme-transparent-header-meta":"","adv-header-id-meta":"","stick-header-meta":"","header-above-stick-meta":"","header-main-stick-meta":"","header-below-stick-meta":"","astra-migrate-meta-layouts":"default","ast-page-background-enabled":"default","ast-page-background-meta":{"desktop":{"background-color":"var(--ast-global-color-5)","background-image":"","background-repeat":"repeat","background-position":"center center","background-size":"auto","background-attachment":"scroll","background-type":"","background-media":"","overlay-type":"","overlay-color":"","overlay-opacity":"","overlay-gradient":""},"tablet":{"background-color":"","background-image":"","background-repeat":"repeat","background-position":"center center","background-size":"auto","background-attachment":"scroll","background-type":"","background-media":"","overlay-type":"","overlay-color":"","overlay-opacity":"","overlay-gradient":""},"mobile":{"background-color":"","background-image":"","background-repeat":"repeat","background-position":"center center","background-size":"auto","background-attachment":"scroll","background-type":"","background-media":"","overlay-type":"","overlay-color":"","overlay-opacity":"","overlay-gradient":""}},"ast-content-background-meta":{"desktop":{"background-color":"var(--ast-global-color-4)","background-image":"","background-repeat":"repeat","background-position":"center center","background-size":"auto","background-attachment":"scroll","background-type":"","background-media":"","overlay-type":"","overlay-color":"","overlay-opacity":"","overlay-gradient":""},"tablet":{"background-color":"var(--ast-global-color-4)","background-image":"","background-repeat":"repeat","background-position":"center center","background-size":"auto","background-attachment":"scroll","background-type":"","background-media":"","overlay-type":"","overlay-color":"","overlay-opacity":"","overlay-gradient":""},"mobile":{"background-color":"var(--ast-global-color-4)","background-image":"","background-repeat":"repeat","background-position":"center center","background-size":"auto","background-attachment":"scroll","background-type":"","background-media":"","overlay-type":"","overlay-color":"","overlay-opacity":"","overlay-gradient":""}},"footnotes":""},"class_list":["post-11684","page","type-page","status-publish","hentry"],"_links":{"self":[{"href":"https:\/\/bgc-muenchen.de\/index.php?rest_route=\/wp\/v2\/pages\/11684","targetHints":{"allow":["GET"]}}],"collection":[{"href":"https:\/\/bgc-muenchen.de\/index.php?rest_route=\/wp\/v2\/pages"}],"about":[{"href":"https:\/\/bgc-muenchen.de\/index.php?rest_route=\/wp\/v2\/types\/page"}],"author":[{"embeddable":true,"href":"https:\/\/bgc-muenchen.de\/index.php?rest_route=\/wp\/v2\/users\/3"}],"replies":[{"embeddable":true,"href":"https:\/\/bgc-muenchen.de\/index.php?rest_route=%2Fwp%2Fv2%2Fcomments&post=11684"}],"version-history":[{"count":5,"href":"https:\/\/bgc-muenchen.de\/index.php?rest_route=\/wp\/v2\/pages\/11684\/revisions"}],"predecessor-version":[{"id":11692,"href":"https:\/\/bgc-muenchen.de\/index.php?rest_route=\/wp\/v2\/pages\/11684\/revisions\/11692"}],"wp:attachment":[{"href":"https:\/\/bgc-muenchen.de\/index.php?rest_route=%2Fwp%2Fv2%2Fmedia&parent=11684"}],"curies":[{"name":"wp","href":"https:\/\/api.w.org\/{rel}","templated":true}]}}