{"id":11662,"date":"2021-11-07T23:58:21","date_gmt":"2021-11-07T22:58:21","guid":{"rendered":"https:\/\/bgc-muenchen.de\/?page_id=11662"},"modified":"2023-02-05T13:13:22","modified_gmt":"2023-02-05T12:13:22","slug":"herzlich-willkommen-im-blau-gold-casino-muenchen-e-v","status":"publish","type":"page","link":"https:\/\/bgc-muenchen.de\/?page_id=11662","title":{"rendered":"Herzlich Willkommen im Blau-Gold-Casino M\u00fcnchen e.V."},"content":{"rendered":"<p>Wir freuen uns sehr, dass wir Sie als neues Mitglied im Blau-Gold-Casino M\u00fcnchen e.V. begr\u00fc\u00dfen k\u00f6nnen. Auf dieser Seite haben wir alle wichtigen Informationen f\u00fcr Sie zusammengestellt, damit der Einstieg so reibungslos wie m\u00f6glich verl\u00e4uft.<\/p>\n<h2><a id=\"mitglieder\"><\/a>Mitgliederbereich der Webseite<\/h2>\n<p>Die Webseite des Vereins verf\u00fcgt \u00fcber einen umfangreichen Bereich, der nur den Mitgliedern zur Verf\u00fcgung steht. Um in den Mitgliederbereich zu gelangen, m\u00fcssen Sie sich auf der Webseite anmelden. Wir legen mit der bei uns hinterlegten Email-Adresse einen entsprechenden Account an. Das automatisch vergebene Passwort kann anschlie\u00dfend nach eigenen W\u00fcnschen ge\u00e4ndert werden. \u00dcber die Anlage des Accounts informiert Sie eine automatisch generierte Email.<\/p>\n<p>Auf der Webseite befindet sich im Men\u00fc ein Men\u00fcpunkt <strong>Mitglieder<\/strong>. Hier befinden sich alle Tools, um sich an der Webseite anmelden zu k\u00f6nnen und seinen Account zu pflegen. Nach der Anmeldung auf der Webseite erscheinen weitere Men\u00fcpunkte, mit denen die gesch\u00fctzten Inhalte der Webseite erreicht werden k\u00f6nnen, z.B. finden Sie hier eine ganze Sammlung von <a href=\"https:\/\/bgc-muenchen.de\/category\/intern\/tanzvideos_intern\/\" target=\"_blank\" rel=\"noopener\"><strong>Tanzvideos<\/strong>!<\/a><\/p>\n<h2><a id=\"newsletter\"><\/a>Newsletter<\/h2>\n<p>Die Webseite verf\u00fcgt auch \u00fcber verschiedene <a href=\"https:\/\/bgc-muenchen.de\/newsletter\/\" target=\"_blank\" rel=\"noopener\"><strong>Newsletter<\/strong><\/a>. Wenn Sie den Newsletter abonnieren, werden Sie automatisch per Email \u00fcber alle Beitr\u00e4ge der gew\u00e4hlten Kategorie, die auf die Webseite gestellt werden, informiert.<\/p>\n<h2><a id=\"training\"><\/a>Trainingsangebot<\/h2>\n<p>Auf Grund der aktuellen Pandemie ist die Anzahl der Paare pro Trainingseinheit limitiert. Aus diesem Grund ist es zwingend erforderlich, sich f\u00fcr das Training anzumelden. Wir haben deshalb ein Buchungssystem in unsere Webseite integriert. \u00dcber den Men\u00fcpunkt <strong>Mitglieder \/ Trainingsangebot<\/strong> erreichen Sie die \u00dcbersichtsseite unseres Trainingsangebots alternativ f\u00fchrt der Link <a href=\"https:\/\/bgc-muenchen.de\/kursangebot-intern\/\"><strong>https:\/\/bgc-muenchen.de\/kursangebot-intern\/<\/strong><\/a> zu unserem Trainingsangebot.<\/p>\n<p>Die Trainingseinheiten k\u00f6nnen maximal 3 Wochen im voraus gebucht werden. Die Buchungsfrist endet um 0:00 Uhr des Trainingstages. Pro Paar muss sich nur eine Person anmelden. Am Ende der Kursbeschreibung kann die Teilnahme am Kurs gebucht werden. Pro Mitglied ist max. ein Ticket buchbar. Werden mehrere Ticketkategorien f\u00fcr einen Kurs angezeigt, dann hat dies technische Gr\u00fcnde. Beide Kategorien sind gleichwertig. Nach der Buchung erhalten Sie eine Email, \u00fcber Ihre Buchungsanfrage. Sie erhalten im Normalfall sp\u00e4testens einen Tag vor dem Training eine Best\u00e4tigung oder eine Absage f\u00fcr das Training.<\/p>\n<p>Sie haben sich f\u00fcr ein Training angemeldet und k\u00f6nnen \u00fcberraschend doch nicht am Training teilnehmen, bitten wir um zeitnahe Stornierung der Buchung, damit ggf. andere Mitglieder f\u00fcr das Training zugelassen werden k\u00f6nnen. Die Stornierung kann entweder \u00fcber die Webseite &#8222;<strong>Mitglieder \/ Meine Buchungen&#8220;<\/strong> oder \u00fcber den Link <strong>https:\/\/bgc-muenchen.de\/meine-buchungen\/ <\/strong>erfolgen. Auf dieser Seite werden alle Ihre Buchungen aufgelistet, dabei sind die neuesten Termine am Anfang der Seite zu finden. In der rechten Spalte befindet sich ein Link mit der Beschriftung <strong>&#8222;Abbrechen&#8220;<\/strong>. Klicken Sie darauf und nach Best\u00e4tigung der R\u00fcckfrage, ob Sie das auch wirklich wollen, erfolgt die Stornierung Ihrer Buchung. Sollte eine Stornierung \u00fcber die Webseite nicht mehr m\u00f6glich sein, schicken Sie uns bitte eine Email an<a href=\"mailto:training@bgc-muenchen.de\"><strong> training@bgc-muenchen.de <\/strong><\/a><\/p>\n<p>Bitte beachten Sie auch das f\u00fcr das Training g\u00fcltige <a title=\"Sicherheits- und Hygenie-Konzept Gruppentraining\" href=\"https:\/\/bgc-muenchen.de\/sicherheits-und-hygenie-konzept-gruppentraining\/\" target=\"_blank\" rel=\"noopener\"><strong>Sicherheits- und Hygienekonzept<\/strong><\/a> sowie die allgemeinen Bedingungen f\u00fcr die Teilnahme am Training (geimpft \/ genesen \/ getestet).<\/p>\n<p>Steckbriefe unserer Trainer finden Sie auf der Seite <a href=\"https:\/\/bgc-muenchen.de\/blau-gold-casino\/trainer\/\" target=\"_blank\" rel=\"noopener\"><strong>Trainer<\/strong><\/a><strong>. <\/strong>Dort finden Sie auch die Kontaktdaten, sofern sie neben dem Gruppentraining noch Privatstunden nehmen m\u00f6chten.<\/p>\n<h2><a id=\"zugang\"><\/a>Zugang zu den Vereinsr\u00e4umen<\/h2>\n<p>Der Zugang zu den Vereinsr\u00e4umen ist durch eine elektronische Schlie\u00dfanlage gesichert. Es gibt grunds\u00e4tzlich zwei M\u00f6glichkeiten f\u00fcr den Zugang zu gew\u00e4hrleisten.&nbsp; Der Standardfall ist ein elektronisches Zertifikat, dass auf dem Smartphone gespeichert wird und mit der App SaltoKS aktiviert werden kann. Dieser Zugangsweg ist kostenlos f\u00fcr Sie. Alternativ k\u00f6nnen Sie auch einen Zugangs-TAG (Chip) <a href=\"mailto:saltoks@bgc-muenchen.de\" target=\"_blank\" rel=\"noopener\"><strong>beantragen<\/strong><\/a>. F\u00fcr diesen TAG m\u00fcssen wir jedoch eine Kaution von 10 EUR erheben.<\/p>\n<p>Mit dem Smartphone und dem TAG k\u00f6nnen alle T\u00fcren ge\u00f6ffnet werden. Au\u00dferdem befindet sich im gro\u00dfen Saal in der Schublade mit dem Verbandskasten ein TAG an einem roten Band, mit denen die T\u00fcren im 2. Geschoss ge\u00f6ffnet werden k\u00f6nnen, aber nicht die Eingangst\u00fcre! Bitte deponieren sie den TAG wieder in der Schublade, wenn Sie ihn benutzt haben.<\/p>\n<h4>Registrierung f\u00fcr das elektronische Zertifikat<\/h4>\n<p>Zur Erstellung des elektronischen Zertifikats ist eine Registrierung \u00fcber die Webseite <a href=\"https:\/\/app.saltoks.com\" target=\"_blank\" rel=\"noopener\"><strong>https:\/\/app.saltoks.com<\/strong><\/a> erforderlich. Sie erhalten deshalb eine Einladung via Email von SaltoKS.com. Bitte klicken sie zeitnah auf den in der Email enthaltenen Link, denn dieser ist nur 24 Stunden g\u00fcltig. Nach Eingabe Ihrer Handy-Nr. und der weiteren Account-Informationen k\u00f6nnen sie die App SaltoKS auf ihrem Smartphone installieren.&nbsp; Nach der Installation m\u00fcssen sie sich an der App mit der Email-Adresse und den festgelegten Passwort. Den genauen Ablauf der Registrierung haben wir in einer <a href=\"https:\/\/bgc-muenchen.de\/wp-content\/uploads\/2021\/11\/BGC-2021-Registrierung-fuer-elektronische-Schliessanlage.pdf\"><strong>PDF-Date<\/strong><\/a>i zusammengestellt.<\/p>\n<p>Sollte der Link nicht mehr g\u00fcltig sein, informieren Sie bitte den <a href=\"mailto:vereinsheim@bgc-muenchen.de\" target=\"_blank\" rel=\"noopener\"><strong>Vorstand<\/strong><\/a>, damit er Ihnen einen neuen Link zukommen lassen kann.<\/p>\n<h4>Password f\u00fcr die SaltoKS App vergessen?<\/h4>\n<p>Sollten Sie das Passwort f\u00fcr die SaltoKS App vergessen haben, dann gehen Sie bitte auf die Seite <a href=\"https:\/\/app.saltoks.com\" target=\"_blank\" rel=\"noopener\"><strong>https:\/\/app.saltoks.com<\/strong><\/a>. Dort k\u00f6nnen Sie Ihr Passwort zur\u00fccksetzen.<\/p>\n<h4>Benutzung des Smartphones zum \u00d6ffnen der T\u00fcren<\/h4>\n<p>Die T\u00fcren k\u00f6nnen mit dem Smartphone durch Vorhalten des Smartphones an den Schlie\u00dfzylinder (schwarz) und aktivieren des elektronischen Schl\u00fcssels mit der SaltoKS App ge\u00f6ffnet werden. Wie das am besten klappt, haben wir f\u00fcr Sie in dieser kleinen<a href=\"https:\/\/bgc-muenchen.de\/wp-content\/uploads\/2021\/11\/BGC-Oeffnen-mit-dem-Smartphone.pdf\" target=\"_blank\" rel=\"noopener\"><strong> Anleitung<\/strong><\/a> zusammengestellt.<\/p>\n<h4>Probleme mit dem Zugang?<\/h4>\n<p>Sollte es unerwartet Probleme mit dem Zugang geben, dann senden Sie uns eine <a href=\"mailto:vereinsheim@bgc-muenchen.de\" target=\"_blank\" rel=\"noopener\"><strong>Email<\/strong><\/a> mit einer kurzen Beschreibung der Probleme und wir versuchen diese zeitnah zu l\u00f6sen.<\/p>\n<h4>Smartphone oder TAG vergessen?<\/h4>\n<p>Sie haben versehentlich Ihr Smartphone oder Ihren TAG vergessen? Klingeln Sie und wenn jemand bereits vor Ort ist, kann Ihnen die Eingangst\u00fcre von den Vereinsr\u00e4umen aus ge\u00f6ffnet werden. Ansonsten Anruf auf der angegeben Telefon-Nr. im Vereinsheim.<\/p>\n<p><strong>Wechsel des Smartphones<\/strong><\/p>\n<ol>\n<li>Installieren der SaltoKS App auf dem neuen Handy<\/li>\n<li>Anmelden mit Ihrer Email-Adresse und dem von Ihnen festgelegten Passwort<\/li>\n<li>Sollten Sie das Passwort vergessen haben, dann gehen Sie&nbsp; zur folgenden Webseite: <a href=\"https:\/\/app.saltoks.com\"><strong>https:\/\/app.saltoks.com<\/strong><\/a>. Dort kann das Passwort zur\u00fcckgesetzt werden.<\/li>\n<li>Mit der neuen Kombi am Handy in der App anmelden<\/li>\n<\/ol>\n<h2><a id=\"kleinersaal\"><\/a>Trainingsm\u00f6glichkeiten im kleinen Saal<\/h2>\n<p>Mit der Installation der elektronischen Schlie\u00dfanlage haben wir den Mitgliedern die M\u00f6glichkeit er\u00f6ffnet, im kleinen Saal alleine zu trainieren. Voraussetzung ist jedoch, dass der Raum nicht durch Gruppentraining oder Privattrainings beleget ist. Unter dem Link <a href=\"https:\/\/teamup.com\/ks2r7ay3miysmhdmof\" target=\"_blank\" rel=\"noopener\"><strong>https:\/\/teamup.com\/ks2r7ay3miysmhdmof&nbsp;<\/strong><\/a> kann der Belegungsplan eingesehen werden und der Raum auch reserviert werden. Diese Angebot steht ausschlie\u00dflich den Mitgliedern zur Verf\u00fcgung. Vereinsfremde Personen d\u00fcrfen die R\u00e4ume nicht betreten. Bitte desinfizieren Sie die benutzten Gegenst\u00e4nde und l\u00fcften Sie ausgiebig bevor Sie den Raum wieder verlassen.<\/p>\n<h2>Rechtliches<\/h2>\n<p>Nachfolgend noch die Links f\u00fcr die <a href=\"https:\/\/bgc-muenchen.de\/blau-gold-casino\/satzung\/\" target=\"_blank\" rel=\"noopener\"><strong>Satzung<\/strong><\/a> und die <a href=\"https:\/\/bgc-muenchen.de\/datenschutz\/\" target=\"_blank\" rel=\"noopener\"><strong>Datenschutzverordnung<\/strong><\/a>.<\/p>\n<h2>\u00c4nderung Ihrer Daten<\/h2>\n<p>Bitte geben Sie uns \u00c4nderungen bei Ihren Daten, wie Anschrift, Telefon-Nr., Email oder die Bankverbindung bitte zeitnah bekannt. Sie erreichen die Mitgliederverwaltung des Vereins unter der Email-Adresse <a href=\"mailto:mv@bgc-muenchen.de\" target=\"_blank\" rel=\"noopener\"><strong>mv@bgc-muenchen.de <\/strong><\/a><\/p>\n<h2>Kontaktaufnahme mit dem Vorstand<\/h2>\n<p>Bitte scheuen Sie sich nicht mit dem Vorstand Kontakt aufzunehmen, wenn Sie Fragen haben oder Sie Anregungen haben. Wenn Sie alle Vorstandsmitglieder gleichzeitig erreichen wollen, schreiben Sie eine Email an <a href=\"mailto:info@bgc-muenchen.de\" target=\"_blank\" rel=\"noopener\"><strong>info@bgc-muenchen.de<\/strong> <\/a><\/p>\n<p>Ansonsten finden Sie unter der Seite <a href=\"https:\/\/bgc-muenchen.de\/blau-gold-casino\/vereinsleitung-neu\/\" target=\"_blank\" rel=\"noopener\"><strong>Vereinsleitung<\/strong><\/a> die Kontaktdaten aller Vorst\u00e4nde sowie des Ehrenrats und der\/des Seniorenbeauftragten.<\/p>\n","protected":false},"excerpt":{"rendered":"<p>Wir freuen uns sehr, dass wir Sie als neues Mitglied im Blau-Gold-Casino M\u00fcnchen e.V. begr\u00fc\u00dfen k\u00f6nnen. Auf dieser Seite haben wir alle wichtigen Informationen f\u00fcr Sie zusammengestellt, damit der Einstieg [&hellip;]<\/p>\n","protected":false},"author":3,"featured_media":0,"parent":0,"menu_order":0,"comment_status":"closed","ping_status":"closed","template":"","meta":{"site-sidebar-layout":"default","site-content-layout":"","ast-site-content-layout":"default","site-content-style":"default","site-sidebar-style":"default","ast-global-header-display":"","ast-banner-title-visibility":"","ast-main-header-display":"","ast-hfb-above-header-display":"","ast-hfb-below-header-display":"","ast-hfb-mobile-header-display":"","site-post-title":"","ast-breadcrumbs-content":"","ast-featured-img":"","footer-sml-layout":"","ast-disable-related-posts":"","theme-transparent-header-meta":"","adv-header-id-meta":"","stick-header-meta":"","header-above-stick-meta":"","header-main-stick-meta":"","header-below-stick-meta":"","astra-migrate-meta-layouts":"default","ast-page-background-enabled":"default","ast-page-background-meta":{"desktop":{"background-color":"var(--ast-global-color-5)","background-image":"","background-repeat":"repeat","background-position":"center center","background-size":"auto","background-attachment":"scroll","background-type":"","background-media":"","overlay-type":"","overlay-color":"","overlay-opacity":"","overlay-gradient":""},"tablet":{"background-color":"","background-image":"","background-repeat":"repeat","background-position":"center center","background-size":"auto","background-attachment":"scroll","background-type":"","background-media":"","overlay-type":"","overlay-color":"","overlay-opacity":"","overlay-gradient":""},"mobile":{"background-color":"","background-image":"","background-repeat":"repeat","background-position":"center center","background-size":"auto","background-attachment":"scroll","background-type":"","background-media":"","overlay-type":"","overlay-color":"","overlay-opacity":"","overlay-gradient":""}},"ast-content-background-meta":{"desktop":{"background-color":"var(--ast-global-color-4)","background-image":"","background-repeat":"repeat","background-position":"center center","background-size":"auto","background-attachment":"scroll","background-type":"","background-media":"","overlay-type":"","overlay-color":"","overlay-opacity":"","overlay-gradient":""},"tablet":{"background-color":"var(--ast-global-color-4)","background-image":"","background-repeat":"repeat","background-position":"center center","background-size":"auto","background-attachment":"scroll","background-type":"","background-media":"","overlay-type":"","overlay-color":"","overlay-opacity":"","overlay-gradient":""},"mobile":{"background-color":"var(--ast-global-color-4)","background-image":"","background-repeat":"repeat","background-position":"center center","background-size":"auto","background-attachment":"scroll","background-type":"","background-media":"","overlay-type":"","overlay-color":"","overlay-opacity":"","overlay-gradient":""}},"footnotes":""},"class_list":["post-11662","page","type-page","status-publish","hentry"],"_links":{"self":[{"href":"https:\/\/bgc-muenchen.de\/index.php?rest_route=\/wp\/v2\/pages\/11662","targetHints":{"allow":["GET"]}}],"collection":[{"href":"https:\/\/bgc-muenchen.de\/index.php?rest_route=\/wp\/v2\/pages"}],"about":[{"href":"https:\/\/bgc-muenchen.de\/index.php?rest_route=\/wp\/v2\/types\/page"}],"author":[{"embeddable":true,"href":"https:\/\/bgc-muenchen.de\/index.php?rest_route=\/wp\/v2\/users\/3"}],"replies":[{"embeddable":true,"href":"https:\/\/bgc-muenchen.de\/index.php?rest_route=%2Fwp%2Fv2%2Fcomments&post=11662"}],"version-history":[{"count":6,"href":"https:\/\/bgc-muenchen.de\/index.php?rest_route=\/wp\/v2\/pages\/11662\/revisions"}],"predecessor-version":[{"id":15576,"href":"https:\/\/bgc-muenchen.de\/index.php?rest_route=\/wp\/v2\/pages\/11662\/revisions\/15576"}],"wp:attachment":[{"href":"https:\/\/bgc-muenchen.de\/index.php?rest_route=%2Fwp%2Fv2%2Fmedia&parent=11662"}],"curies":[{"name":"wp","href":"https:\/\/api.w.org\/{rel}","templated":true}]}}