{"id":11051,"date":"2021-06-12T20:13:34","date_gmt":"2021-06-12T18:13:34","guid":{"rendered":"https:\/\/bgc-muenchen.de\/?page_id=11051"},"modified":"2023-10-29T18:29:27","modified_gmt":"2023-10-29T17:29:27","slug":"elektronische-schliessanlage","status":"publish","type":"page","link":"https:\/\/bgc-muenchen.de\/?page_id=11051","title":{"rendered":"Elektronische Schlie\u00dfanlage"},"content":{"rendered":"<p>Nachfolgend haben wir einige Tipps und Hinweise im Zusammenhang mit der elektronischen Schlie\u00dfanlage zusammengestellt:<\/p>\n<p><a href=\"#reg\"><strong>Registrierung f\u00fcr den digitalen Schl\u00fcssel auf dem Smartphone<\/strong><\/a><\/p>\n<p><a href=\"#zugang\"><strong>Zugang mit dem digitalen Schl\u00fcssel auf dem Smartphone<\/strong><\/a><\/p>\n<p><a href=\"#nopwd\"><strong>Ich habe das Passwort f\u00fcr meinen digitalen Schl\u00fcssel vergessen<\/strong><\/a><\/p>\n<p><a href=\"#email_chg\"><strong>Meine Email-Adresse hat sich ge\u00e4ndert<\/strong><\/a><\/p>\n<hr \/>\n<p><a name=\"reg\"><\/a><\/p>\n<h3>Registrierung f\u00fcr den digitalen Schl\u00fcssel auf dem Smartphone<\/h3>\n<p>Der Registrierungsprozess ist detailliert in der folgenden Datei beschrieben: <a href=\"https:\/\/bgc-muenchen.de\/wp-content\/uploads\/2021\/05\/BGC-2021-Registrierung-fuer-elektronische-Schliessanlage.pdf\" target=\"_blank\" rel=\"noopener\">BGC 2021 Registrierung f\u00fcr elektronische Schlie\u00dfanlage.pdf<\/a><\/p>\n<hr \/>\n<p><a name=\"zugang\"><\/a><\/p>\n<h3>Zugang mit dem digitalen Schl\u00fcssel auf dem Smartphone<\/h3>\n<h5>1. Starten der Salto KS App<\/h5>\n<p><img loading=\"lazy\" decoding=\"async\" class=\"alignleft wp-image-11052\" src=\"https:\/\/bgc-muenchen.de\/wp-content\/uploads\/2021\/06\/2021-Zugang1.jpg\" alt=\"\" width=\"138\" height=\"150\" srcset=\"https:\/\/bgc-muenchen.de\/wp-content\/uploads\/2021\/06\/2021-Zugang1.jpg 281w, https:\/\/bgc-muenchen.de\/wp-content\/uploads\/2021\/06\/2021-Zugang1-276x300.jpg 276w, https:\/\/bgc-muenchen.de\/wp-content\/uploads\/2021\/06\/2021-Zugang1-138x150.jpg 138w\" sizes=\"auto, (max-width: 138px) 100vw, 138px\" \/>Starten Sie die Salto KS App auf Ihrem Smartphone und melden sich &#8211; sofern erforderlich &#8211; bei der App mit dem registrierten Account an. Auf Smartphones mit Face- oder Touch-ID-Funktion ist es empfehlenswert diese Funktion in den App-Einstellungen zu aktivieren.<\/p>\n<p>Tippen Sie auf das Symbol Digital Key (hat die Form eines Schl\u00fcssels umgeben von Wellen). Anschlie\u00dfend wechselt die Anzeige des Smartphones und ausgehend vom Schl\u00fcsselsymbol in der Mitte werden Schallwellen dargestellt.<\/p>\n<p>&nbsp;<\/p>\n<h5>2. \u00d6ffnen mit dem Smartphone<\/h5>\n<p><img loading=\"lazy\" decoding=\"async\" class=\"wp-image-11053 alignleft\" src=\"https:\/\/bgc-muenchen.de\/wp-content\/uploads\/2021\/06\/2021-Zugang2.jpg\" alt=\"\" width=\"206\" height=\"150\" srcset=\"https:\/\/bgc-muenchen.de\/wp-content\/uploads\/2021\/06\/2021-Zugang2.jpg 370w, https:\/\/bgc-muenchen.de\/wp-content\/uploads\/2021\/06\/2021-Zugang2-300x219.jpg 300w, https:\/\/bgc-muenchen.de\/wp-content\/uploads\/2021\/06\/2021-Zugang2-150x109.jpg 150w\" sizes=\"auto, (max-width: 206px) 100vw, 206px\" \/>Halten Sie jetzt das Smartphone mit der R\u00fcckseite am besten im 90\u00b0- Winkel (wie in der Abbildung gezeigt) an den schwarzen Teil des Beschlages und warten einige Sekunden (10 &#8211; 20) bis das gr\u00fcne Licht erscheint und die T\u00fcre ge\u00f6ffnet werden kann.<\/p>\n<p>Sollten Sie noch keinen elektronischen Schl\u00fcssel haben, kontaktieren Sie bitte die <a href=\"mailto:vereinsheim@bgc-muenchen.de\" target=\"_blank\" rel=\"noopener\"><strong>Vereinsleitung.<\/strong><\/a><\/p>\n<p>&nbsp;<\/p>\n<p>&nbsp;<\/p>\n<hr \/>\n<p><a name=\"nopwd\"><\/a><\/p>\n<h3>Ich habe das Passwort f\u00fcr meinen digitalen Schl\u00fcssel vergessen<\/h3>\n<p>Bitte gehen Sie wie folgt vor, um ein neues Passwort zu vergeben:<\/p>\n<ol>\n<li>Rufen Sie die Webseite https:\/\/app.saltoks.com und klicken auf den Link &#8222;Forgot passport&#8220;<\/li>\n<li>Geben Sie die Email-Adresse ein, die Sie bei der Registrierung verwendet haben<\/li>\n<li>Wenn Sie auf den Button &#8222;Submit&#8220; geklickt haben, wird eine Email an die angegebene Adresse versandt, die einen Link<br \/>\nenth\u00e4lt, mit dem Sie Ihr Passwort zur\u00fcckgesetzt werden kann und Sie werden aufgefordert ein neues Passwort einzugeben.<\/li>\n<li>Die Anforderungen an das neue Passwort sind wie folgt:<\/li>\n<\/ol>\n<ul>\n<li style=\"list-style-type: none;\">\n<ul>\n<li>Minimum 8 Zeichen<\/li>\n<li>Mind. ein Zeichen darf kein Buchstabe sein<\/li>\n<li>Mind. ein Zeichen muss aus Gro\u00dfbuchstaben bestehen (\u201aA&#8216; &#8211; \u201aZ&#8216;)<\/li>\n<li>Mind. ein Zeichen muss aus Kleinbuchstaben bestehen (\u201aa&#8216; &#8211; \u201az&#8216;)<\/li>\n<\/ul>\n<\/li>\n<\/ul>\n<ol start=\"5\">\n<li>Wenn Sie das neue Passwort eingegeben und best\u00e4tigt haben, klicken Sie bitte auf &#8222;Change Password&#8220;.<\/li>\n<li>Sie k\u00f6nnen sich jetzt mit der Email-Adresse und Ihrem neuen Passwort einloggen.<\/li>\n<\/ol>\n<hr \/>\n<p><a name=\"email_chg\"><\/a><\/p>\n<h3>Meine Email-Adresse hat sich ge\u00e4ndert<\/h3>\n<p>Meine Email-Adresse aht sich ge\u00e4ndert und ich m\u00f6chte meine Email-Adresse auch in meinem Salto KS-Account \u00e4ndern? Eine \u00c4nderung der Email-Adresse ist nicht vorgehen. Bitte informieren Sie die <a href=\"mailto:vereinsheim@bgc-muenchen.de\" target=\"_blank\" rel=\"noopener\"><strong>Vereinsleitung<\/strong> <\/a>von Ihrer Email-Adressen-\u00c4nderung. Die Vereinsleitung schickt Ihnen dann eine neue Registrierungs-Email zu und sie m\u00fcssen nochmals den Registrierungsprozess durchlaufen und einen neuen digitalen Schl\u00fcssel erstellen. Nach der erneuten Registrierung melden sie sich von der Salto KS-App ab und dann mit den neuen Zugangsdaten wieder ein.<\/p>\n","protected":false},"excerpt":{"rendered":"<p>Nachfolgend haben wir einige Tipps und Hinweise im Zusammenhang mit der elektronischen Schlie\u00dfanlage zusammengestellt: Registrierung f\u00fcr den digitalen Schl\u00fcssel auf dem Smartphone Zugang mit dem digitalen Schl\u00fcssel auf dem Smartphone [&hellip;]<\/p>\n","protected":false},"author":3,"featured_media":0,"parent":0,"menu_order":0,"comment_status":"closed","ping_status":"closed","template":"","meta":{"site-sidebar-layout":"default","site-content-layout":"","ast-site-content-layout":"default","site-content-style":"default","site-sidebar-style":"default","ast-global-header-display":"","ast-banner-title-visibility":"","ast-main-header-display":"","ast-hfb-above-header-display":"","ast-hfb-below-header-display":"","ast-hfb-mobile-header-display":"","site-post-title":"","ast-breadcrumbs-content":"","ast-featured-img":"","footer-sml-layout":"","ast-disable-related-posts":"","theme-transparent-header-meta":"","adv-header-id-meta":"","stick-header-meta":"","header-above-stick-meta":"","header-main-stick-meta":"","header-below-stick-meta":"","astra-migrate-meta-layouts":"default","ast-page-background-enabled":"default","ast-page-background-meta":{"desktop":{"background-color":"var(--ast-global-color-5)","background-image":"","background-repeat":"repeat","background-position":"center center","background-size":"auto","background-attachment":"scroll","background-type":"","background-media":"","overlay-type":"","overlay-color":"","overlay-opacity":"","overlay-gradient":""},"tablet":{"background-color":"","background-image":"","background-repeat":"repeat","background-position":"center center","background-size":"auto","background-attachment":"scroll","background-type":"","background-media":"","overlay-type":"","overlay-color":"","overlay-opacity":"","overlay-gradient":""},"mobile":{"background-color":"","background-image":"","background-repeat":"repeat","background-position":"center center","background-size":"auto","background-attachment":"scroll","background-type":"","background-media":"","overlay-type":"","overlay-color":"","overlay-opacity":"","overlay-gradient":""}},"ast-content-background-meta":{"desktop":{"background-color":"var(--ast-global-color-4)","background-image":"","background-repeat":"repeat","background-position":"center center","background-size":"auto","background-attachment":"scroll","background-type":"","background-media":"","overlay-type":"","overlay-color":"","overlay-opacity":"","overlay-gradient":""},"tablet":{"background-color":"var(--ast-global-color-4)","background-image":"","background-repeat":"repeat","background-position":"center center","background-size":"auto","background-attachment":"scroll","background-type":"","background-media":"","overlay-type":"","overlay-color":"","overlay-opacity":"","overlay-gradient":""},"mobile":{"background-color":"var(--ast-global-color-4)","background-image":"","background-repeat":"repeat","background-position":"center center","background-size":"auto","background-attachment":"scroll","background-type":"","background-media":"","overlay-type":"","overlay-color":"","overlay-opacity":"","overlay-gradient":""}},"footnotes":""},"class_list":["post-11051","page","type-page","status-publish","hentry"],"_links":{"self":[{"href":"https:\/\/bgc-muenchen.de\/index.php?rest_route=\/wp\/v2\/pages\/11051","targetHints":{"allow":["GET"]}}],"collection":[{"href":"https:\/\/bgc-muenchen.de\/index.php?rest_route=\/wp\/v2\/pages"}],"about":[{"href":"https:\/\/bgc-muenchen.de\/index.php?rest_route=\/wp\/v2\/types\/page"}],"author":[{"embeddable":true,"href":"https:\/\/bgc-muenchen.de\/index.php?rest_route=\/wp\/v2\/users\/3"}],"replies":[{"embeddable":true,"href":"https:\/\/bgc-muenchen.de\/index.php?rest_route=%2Fwp%2Fv2%2Fcomments&post=11051"}],"version-history":[{"count":5,"href":"https:\/\/bgc-muenchen.de\/index.php?rest_route=\/wp\/v2\/pages\/11051\/revisions"}],"predecessor-version":[{"id":16075,"href":"https:\/\/bgc-muenchen.de\/index.php?rest_route=\/wp\/v2\/pages\/11051\/revisions\/16075"}],"wp:attachment":[{"href":"https:\/\/bgc-muenchen.de\/index.php?rest_route=%2Fwp%2Fv2%2Fmedia&parent=11051"}],"curies":[{"name":"wp","href":"https:\/\/api.w.org\/{rel}","templated":true}]}}