{"id":1062,"date":"2015-08-19T21:30:01","date_gmt":"2015-08-19T21:30:01","guid":{"rendered":"https:\/\/bgc-muenchen.de\/?page_id=1062"},"modified":"2022-11-16T14:19:31","modified_gmt":"2022-11-16T13:19:31","slug":"registrierung","status":"publish","type":"page","link":"https:\/\/bgc-muenchen.de\/?page_id=1062","title":{"rendered":"Registrierung f\u00fcr den Mitgliederbereich"},"content":{"rendered":"<p>Sie hatten bereits Zugang zu der Webseite, haben aber das Passwort vergessen, dann setzen Sie Ihr Passwort <a href=\"https:\/\/bgc-muenchen.de\/mitglieder\/passwort-recover\/\" target=\"_blank\" rel=\"noopener\"><strong>hier<\/strong><\/a> zur\u00fcck.<\/p>\n<p>Sollten dies nicht der Fall sein, k\u00f6nnen Sie sich hier f\u00fcr den Mitgliederbereich registrieren.\u00a0 Bitte haben Sie daf\u00fcr Verst\u00e4ndnis, dass Ihre Registrierung einige Zeit in Anspruch nehmen kann. Wir informieren Sie umgehend, sobald Sie im System angelegt wurden.<\/p>\n<p>Sie erhalten au\u00dferdem von der Webseite eine Email mit einem Link, der es Ihnen erlaubt, das vom System zugewiesene Passwort auf ein Passwort Ihrer Wahl zu \u00e4ndern.\u00a0 Danach k\u00f6nnen Sie sich in Zukunft mit Ihrem Benutzernamen oder Ihrer Email-Adresse und dem Passwort anmelden.<\/p>\n<p>Die im nachfolgenden Formular eingetragenen Daten werden automatisch an das entsprechende Email-Postfach von Blau-Gold-Casino M\u00fcnchen e.V. weitergeleitet und nicht auf der Webseite gespeichert. Wir verwenden Ihre Daten ausschlie\u00dflich zur Kontaktaufnahme. Im Kontaktformular m\u00fcssen Sie uns explizit best\u00e4tigen, dass Sie mit der Speicherung folgender Daten auf der Webseite einverstanden sind: Vorname, Name, Email-Adresse und Telefon-Nr.<\/p>\n<p><b>[contact-form-7 id=&#8220;1059&#8243; title=&#8220;Registrierung&#8220;]<\/b><\/p>\n","protected":false},"excerpt":{"rendered":"<p>Sie hatten bereits Zugang zu der Webseite, haben aber das Passwort vergessen, dann setzen Sie Ihr Passwort hier zur\u00fcck. Sollten dies nicht der Fall sein, k\u00f6nnen Sie sich hier f\u00fcr [&hellip;]<\/p>\n","protected":false},"author":3,"featured_media":0,"parent":632,"menu_order":0,"comment_status":"closed","ping_status":"closed","template":"template-contact.php","meta":{"site-sidebar-layout":"default","site-content-layout":"","ast-site-content-layout":"default","site-content-style":"default","site-sidebar-style":"default","ast-global-header-display":"","ast-banner-title-visibility":"","ast-main-header-display":"","ast-hfb-above-header-display":"","ast-hfb-below-header-display":"","ast-hfb-mobile-header-display":"","site-post-title":"","ast-breadcrumbs-content":"","ast-featured-img":"","footer-sml-layout":"","ast-disable-related-posts":"","theme-transparent-header-meta":"","adv-header-id-meta":"","stick-header-meta":"","header-above-stick-meta":"","header-main-stick-meta":"","header-below-stick-meta":"","astra-migrate-meta-layouts":"default","ast-page-background-enabled":"default","ast-page-background-meta":{"desktop":{"background-color":"var(--ast-global-color-5)","background-image":"","background-repeat":"repeat","background-position":"center center","background-size":"auto","background-attachment":"scroll","background-type":"","background-media":"","overlay-type":"","overlay-color":"","overlay-opacity":"","overlay-gradient":""},"tablet":{"background-color":"","background-image":"","background-repeat":"repeat","background-position":"center center","background-size":"auto","background-attachment":"scroll","background-type":"","background-media":"","overlay-type":"","overlay-color":"","overlay-opacity":"","overlay-gradient":""},"mobile":{"background-color":"","background-image":"","background-repeat":"repeat","background-position":"center center","background-size":"auto","background-attachment":"scroll","background-type":"","background-media":"","overlay-type":"","overlay-color":"","overlay-opacity":"","overlay-gradient":""}},"ast-content-background-meta":{"desktop":{"background-color":"var(--ast-global-color-4)","background-image":"","background-repeat":"repeat","background-position":"center center","background-size":"auto","background-attachment":"scroll","background-type":"","background-media":"","overlay-type":"","overlay-color":"","overlay-opacity":"","overlay-gradient":""},"tablet":{"background-color":"var(--ast-global-color-4)","background-image":"","background-repeat":"repeat","background-position":"center center","background-size":"auto","background-attachment":"scroll","background-type":"","background-media":"","overlay-type":"","overlay-color":"","overlay-opacity":"","overlay-gradient":""},"mobile":{"background-color":"var(--ast-global-color-4)","background-image":"","background-repeat":"repeat","background-position":"center center","background-size":"auto","background-attachment":"scroll","background-type":"","background-media":"","overlay-type":"","overlay-color":"","overlay-opacity":"","overlay-gradient":""}},"footnotes":""},"class_list":["post-1062","page","type-page","status-publish","hentry"],"_links":{"self":[{"href":"https:\/\/bgc-muenchen.de\/index.php?rest_route=\/wp\/v2\/pages\/1062","targetHints":{"allow":["GET"]}}],"collection":[{"href":"https:\/\/bgc-muenchen.de\/index.php?rest_route=\/wp\/v2\/pages"}],"about":[{"href":"https:\/\/bgc-muenchen.de\/index.php?rest_route=\/wp\/v2\/types\/page"}],"author":[{"embeddable":true,"href":"https:\/\/bgc-muenchen.de\/index.php?rest_route=\/wp\/v2\/users\/3"}],"replies":[{"embeddable":true,"href":"https:\/\/bgc-muenchen.de\/index.php?rest_route=%2Fwp%2Fv2%2Fcomments&post=1062"}],"version-history":[{"count":5,"href":"https:\/\/bgc-muenchen.de\/index.php?rest_route=\/wp\/v2\/pages\/1062\/revisions"}],"predecessor-version":[{"id":14527,"href":"https:\/\/bgc-muenchen.de\/index.php?rest_route=\/wp\/v2\/pages\/1062\/revisions\/14527"}],"up":[{"embeddable":true,"href":"https:\/\/bgc-muenchen.de\/index.php?rest_route=\/wp\/v2\/pages\/632"}],"wp:attachment":[{"href":"https:\/\/bgc-muenchen.de\/index.php?rest_route=%2Fwp%2Fv2%2Fmedia&parent=1062"}],"curies":[{"name":"wp","href":"https:\/\/api.w.org\/{rel}","templated":true}]}}