{"id":10137,"date":"2021-05-28T09:05:37","date_gmt":"2021-05-28T07:05:37","guid":{"rendered":"https:\/\/bgc-muenchen.de\/?page_id=10137"},"modified":"2021-05-30T13:10:44","modified_gmt":"2021-05-30T11:10:44","slug":"wlanhotspot","status":"publish","type":"page","link":"https:\/\/bgc-muenchen.de\/?page_id=10137","title":{"rendered":"Nutzungsbedingungen f\u00fcr das BGC WLAN-Hotspot"},"content":{"rendered":"<p>F\u00fcr den Zugang zum WLAN ist es erforderlich den Nutzungsbedingungen f\u00fcr das G\u00e4ste-WLAN zuzustimmen. Eine Kopie der Nutzungsbedingungen kann unter folgendem <a href=\"https:\/\/bgc-muenchen.de\/wp-content\/uploads\/2021\/05\/BGC-20210530-Nutzungsbedingungen-WLAN.pdf\" target=\"_blank\" rel=\"noopener\"><strong>Link heruntergeladen werden<\/strong><\/a>.<\/p>\n<p>[contact-form-7 id=&#8220;10136&#8243; title=&#8220;Akzeptieren der Nutzungsbedingungen f\u00fcr das G\u00e4ste-WLAN&#8220;]<\/p>\n<hr>\n<p><strong>Nutzungsbedingungen f\u00fcr den WLAN-Hotspot des Tanzsportclubs Blau-Gold-Casino M\u00fcnchen e.V.<\/strong><\/p>\n<ol>\n<li><strong> Gegenstand und Geltungsbereich dieser Nutzungsbedingungen<\/strong><\/li>\n<\/ol>\n<p>Diese Nutzungsbedingungen regeln Ihre und unsere Rechte und Pflichten im Zusammenhang mit der Nutzung des WLAN-Zugangs \u201e<strong>BGC-Karlsfeld Gastzugang<\/strong>\u201c des Tanzsportclubs Blau-Gold-Casino M\u00fcnchen e.V., nachfolgend der Verein genannt.<\/p>\n<ol start=\"2\">\n<li><strong> Unsere Leistungen<\/strong><\/li>\n<\/ol>\n<p>(1) Der Verein stellt Ihnen in den Vereinsr\u00e4umen in der Ohmstr. 14 in Karlsfeld einen Zugang zum Internet in Form eines WLAN-Zugangs (\u201eHotspot\u201c) zur kostenlosen Nutzung zur Verf\u00fcgung.<\/p>\n<p>(2) Die Bereitstellung des Hotspots richtet sich nach den jeweiligen technischen und betrieblichen M\u00f6glichkeiten. Ein Anspruch auf einen funktionsf\u00e4higen Hotspot oder eine bestimmte \u00f6rtliche Abdeckung des Hotspots besteht nicht.<\/p>\n<p>(3) Der Verein gew\u00e4hrleistet ferner nicht, dass der Hotspot st\u00f6rungs- und unterbrechungsfrei genutzt werden kann. Auch k\u00f6nnen keine \u00dcbertragungsgeschwindigkeiten gew\u00e4hrleistet werden.<\/p>\n<p>(4) Der Verein beh\u00e4lt sich das Recht vor, den Zugang zum Hotspot im Falle notwendiger technischer Reparatur- und Wartungsarbeiten ohne vorherige Ank\u00fcndigung zu \u00e4ndern, zu beschr\u00e4nken oder einzustellen.<\/p>\n<p>(5) Es besteht kein Anspruch darauf, dass bestimmte Dienste \u00fcber den Hotspot genutzt werden k\u00f6nnen. So k\u00f6nnen insbesondere Port-Sperrungen vorgenommen werden.<\/p>\n<ol start=\"3\">\n<li><strong> Zugang und Nutzung<\/strong><\/li>\n<\/ol>\n<p>(1) Der WLAN-Zugang wird nur f\u00fcr Mitglieder und Trainer unseres Vereins angeboten. Es handelt sich nicht um einen \u00f6ffentlich zug\u00e4nglichen Telekommunikationsdienst, sondern um ein internes WLAN f\u00fcr Mitglieder und Trainer unseres Vereins.<\/p>\n<p>(2) Voraussetzung f\u00fcr eine Nutzung ist, dass Sie diese Nutzungsbedingungen zu Beginn der Nutzung des Hotspots akzeptieren.<\/p>\n<p>(3) Es besteht kein Anspruch auf Nutzung des Hotspots. Dem Verein steht es frei, den Zugang zum Hotspot jederzeit ohne Angabe von Gr\u00fcnden einzuschr\u00e4nken oder einzustellen.<\/p>\n<p>(4) Es gilt die jeweils aktuelle Fassung dieser Nutzungsbedingungen, die Ihnen bei der Anmeldung zum Hotspot abrufbar gemacht wird.<\/p>\n<ol start=\"4\">\n<li><strong> Zugangsdaten<\/strong><\/li>\n<\/ol>\n<p>(1) Die Ihnen vom Verein bereit gestellten Zugangsinformation zum WLAN d\u00fcrfen nicht an andere Mitglieder weitergebeben werden, sondern sind vertraulich zu behandeln.<\/p>\n<p>(2) Sofern Tatsachen vorliegen, die die Annahme begr\u00fcnden, dass unbefugte Dritte von Ihren Zugangsdaten Kenntnis erlangt haben oder erlangen werden, m\u00fcssen Sie die Vereinsf\u00fchrung unverz\u00fcglich informieren.<\/p>\n<p>(3) Sie haften als Nutzer f\u00fcr jedwede Nutzung und\/oder sonstige Aktivit\u00e4t, die unter Ihren Zugangsdaten ausgef\u00fchrt wird, nach den gesetzlichen Bestimmungen.<\/p>\n<ol start=\"5\">\n<li><strong> Ihre Pflichten als Nutzer<\/strong><\/li>\n<\/ol>\n<p>(1) Sie sind verpflichtet, etwaige Informationen, die im Rahmen der Nutzung des Dienstes von Ihnen zu ihrer Person angegeben werden, wahrheitsgem\u00e4\u00df zu machen.<\/p>\n<p>(2) Sie sind verpflichtet, bei der Nutzung unseres Hotspots die geltenden Gesetze einzuhalten.<\/p>\n<p>(3) Weitere Pflichten, die sich aus anderen Bestimmungen dieser Nutzungsbedingungen ergeben, bleiben unber\u00fchrt.<\/p>\n<ol start=\"6\">\n<li><strong> Preise<\/strong><\/li>\n<\/ol>\n<p>Der Dienst wird kostenlos erbracht.<\/p>\n<ol start=\"7\">\n<li><strong> Verf\u00fcgbarkeit der Leistungen<\/strong><\/li>\n<\/ol>\n<p>Da diese Leistungen unentgeltlich erbracht werden, haben Sie keinen Anspruch auf Nutzung des Hotspots. Der Verein bem\u00fcht sich jedoch um eine m\u00f6glichst unterbrechungsfreie Nutzbarkeit des Hotspots.<\/p>\n<ol start=\"8\">\n<li><strong> Verbotene Handlungen<\/strong><\/li>\n<\/ol>\n<p>Ihnen sind als Nutzer jegliche Handlungen bei der Nutzung des Hotspots untersagt, die gegen geltendes Recht versto\u00dfen, Rechte Dritter verletzen oder gegen die Grunds\u00e4tze des Jugendschutzes versto\u00dfen. Insbesondere sind folgende Handlungen untersagt:<\/p>\n<ul>\n<li>das Einstellen, die Verbreitung, das Angebot und die Bewerbung pornografischer, gegen Jugendschutzgesetze, gegen Datenschutzrecht und\/oder gegen sonstiges Recht versto\u00dfender und\/oder betr\u00fcgerischer Inhalte, Dienste und\/oder Produkte;<\/li>\n<li>die Ver\u00f6ffentlichung oder Zug\u00e4nglichmachung von Inhalten, durch die andere Teilnehmer oder Dritte beleidigt oder verleumdet werden;<\/li>\n<li>die Nutzung, das Bereitstellen und das Verbreiten von Inhalten, Diensten und\/oder Produkten, die gesetzlich gesch\u00fctzt oder mit Rechten Dritter (z.B. Urheberrechte) belastet sind, ohne hierzu ausdr\u00fccklich berechtigt zu sein;<\/li>\n<li>die \u00f6ffentliche Zug\u00e4nglichmachung von urheberrechtlich gesch\u00fctzten Werken oder sonstige urheberrechtswidrige Handlungen, insbesondere bei der Nutzung von sog. \u201eInternet-Tauschb\u00f6rsen\u201c oder File-Sharing-Diensten.<\/li>\n<\/ul>\n<p>Des Weiteren sind auch unabh\u00e4ngig von einem eventuellen Gesetzesversto\u00df bei der Einstellung eigener Inhalte auf der Internetseite des Diensteanbieters sowie bei der Kommunikation mit anderen Nutzern (z.B. durch Versendung pers\u00f6nlicher Mitteilungen, durch die Teilnahme an Diskussionsforen etc.) die folgenden Aktivit\u00e4ten untersagt:<\/p>\n<ul>\n<li>die \u00dcbertragung \u00fcberdurchschnittlich gro\u00dfer Datenmengen und insbesondere die anhaltende \u00dcbertragung solcher Datenmengen;<\/li>\n<li>das Hosting eines Web-Servers oder anderer Server durch Nutzung eines Hotspots des Diensteanbieters;<\/li>\n<li>die \u00c4nderung der vorgegebenen DNS-Server in den Netzwerkeinstellungen des Hotspots des Diensteanbieters;<\/li>\n<li>die Versendung von Junk- oder Spam-Mails sowie von Kettenbriefen;<\/li>\n<li>die Verbreitung von Viren, Trojanern und anderen sch\u00e4dlichen Dateien;<\/li>\n<li>die Verbreitung anz\u00fcglicher, anst\u00f6\u00dfiger, sexuell gepr\u00e4gter, obsz\u00f6ner oder diffamierender Inhalte bzw. Kommunikation sowie solcher Inhalte bzw. Kommunikation die geeignet sind\/ist, Rassismus, Fanatismus, Hass, k\u00f6rperliche Gewalt oder rechtswidrige Handlungen zu f\u00f6rdern bzw. zu unterst\u00fctzen (jeweils explizit oder implizit);<\/li>\n<li>die Aufforderung anderer Nutzer oder Dritter zur Preisgabe von Kennw\u00f6rtern oder personenbezogener Daten f\u00fcr kommerzielle oder rechts- bzw. gesetzeswidrige Zwecke.<\/li>\n<\/ul>\n<p>Ebenfalls untersagt ist jede Handlung, die geeignet ist, den reibungslosen Betrieb unseres Hotspots zu beeintr\u00e4chtigen, insbesondere unsere Systeme unverh\u00e4ltnism\u00e4\u00dfig hoch zu belasten.<\/p>\n<ol start=\"9\">\n<li><strong> Sperrung von Zug\u00e4ngen<\/strong><\/li>\n<\/ol>\n<p>Der Verein kann Ihren Zugang zum Hotspot jederzeit vor\u00fcbergehend oder dauerhaft sperren, wenn konkrete Anhaltspunkte vorliegen, dass Sie gegen diese Nutzungsbedingungen und\/oder geltendes Recht versto\u00dfen, versto\u00dfen haben oder wenn wir ein sonstiges berechtigtes Interesse an der Sperrung haben.<\/p>\n<ol start=\"10\">\n<li><strong> Haftungsfreistellung<\/strong><\/li>\n<\/ol>\n<p>(1) Sie sind als Nutzer f\u00fcr alle Handlungen, die Sie im Zusammenhang mit der Nutzung des Internets \u00fcber den Vereins-Hotspot vornehmen, selbst verantwortlich.<\/p>\n<p>(2) Sie stellen den Verein von s\u00e4mtlichen Forderungen, die Dritte gegen uns wegen eines Versto\u00dfes des Nutzers gegen gesetzliche Vorschriften, gegen Rechte Dritter (insbesondere Pers\u00f6nlichkeits-, Urheber- und Markenrechte) oder gegen vertragliche Pflichten, Zusicherungen oder Garantien geltend machen, einschlie\u00dflich der Kosten der notwendigen Rechtsverteidigung (Rechtsanwalts- und Gerichtskosten in gesetzlicher H\u00f6he) auf erstes Anfordern frei.<\/p>\n<p>(3) Sie sind verpflichtet, im Falle der Geltendmachung von Anspr\u00fcchen im Sinne von Ziff. 10 Absatz 2 unverz\u00fcglich und vollst\u00e4ndig bei der Sachverhaltsaufkl\u00e4rung mitzuwirken und dem Verein die hierzu erforderlichen Angaben in geeigneter Weise zug\u00e4nglich zu machen.<\/p>\n<ol start=\"11\">\n<li><strong> Haftungsbeschr\u00e4nkung<\/strong><\/li>\n<\/ol>\n<p>(1) Der Verein haftet bei Vorsatz oder grober Fahrl\u00e4ssigkeit f\u00fcr alle vom Verein verursachten Sch\u00e4den unbeschr\u00e4nkt.<\/p>\n<p>(2) Im \u00dcbrigen haftet der Verein nur, soweit er eine wesentliche Vertragspflicht verletzt hat. Als wesentliche Vertragspflichten werden dabei abstrakt solche Pflichten bezeichnet, deren Erf\u00fcllung die ordnungsgem\u00e4\u00dfe Durchf\u00fchrung des Vertrages \u00fcberhaupt erst erm\u00f6glicht und auf deren Einhaltung der Nutzer regelm\u00e4\u00dfig vertrauen darf. In diesen F\u00e4llen ist die Haftung auf den Ersatz des vorhersehbaren, typischerweise eintretenden Schadens beschr\u00e4nkt.<\/p>\n<p>(3) Soweit die Haftung des Vereins nach den vorgenannten Vorschriften ausgeschlossen oder beschr\u00e4nkt wird, gilt dies auch f\u00fcr unsere Erf\u00fcllungsgehilfen.<\/p>\n<p>(4) Die Haftung nach dem Produkthaftungsgesetz bleibt unber\u00fchrt.<\/p>\n<ol start=\"12\">\n<li><strong> Datenschutz<\/strong><\/li>\n<\/ol>\n<p>(1) Der Verein tr\u00e4gt Sorge daf\u00fcr, dass Ihre personenbezogenen Daten nur erhoben, gespeichert und verarbeitet werden, soweit dies zur vertragsgem\u00e4\u00dfen Leistungserbringung erforderlich und durch gesetzliche Vorschriften erlaubt, oder vom Gesetzgeber angeordnet ist.<\/p>\n<p>(2) F\u00fcr den Fall, dass im Rahmen der Nutzung unserer Leistungen datenschutzrechtliche Einwilligungserkl\u00e4rungen von Ihnen eingeholt werden, wird darauf hingewiesen, dass Sie diese jederzeit mit Wirkung f\u00fcr die Zukunft widerrufen k\u00f6nnen.<\/p>\n<p>(3) Um die Leistungen des Hotspots f\u00fcr Sie zu erbringen, ist die Verwendung von personenbezogenen Daten Ihres Endger\u00e4tes erforderlich. In dem Zusammenhang werden ggf. auch die MAC-Adressen von Endger\u00e4ten tempor\u00e4r gespeichert. Ferner wird der Verein ggf. Protokolldaten (\u201eLogfiles\u201c) \u00fcber Art und Umfang der Nutzung der Dienstleistungen f\u00fcr 7 Tage speichern. Diese Daten k\u00f6nnen nicht unmittelbar Ihrer Person zugeordnet werden.<\/p>\n<ol start=\"13\">\n<li><strong> Schlussbestimmungen<\/strong><\/li>\n<\/ol>\n<p>(1) Es gilt das Recht der Bundesrepublik Deutschland, wobei die Geltung des UN-Kaufrechts ausgeschlossen wird.<\/p>\n<p>(2) Wenn Sie Kaufmann, juristische Person des \u00f6ffentlichen Rechts oder \u00f6ffentlich-rechtliches Sonderverm\u00f6gen sind, so ist unser Sitz ausschlie\u00dflicher Gerichtsstand f\u00fcr alle Streitigkeiten aus dem Vertragsverh\u00e4ltnis.<\/p>\n<p>(3) Sollten einzelne Bestimmungen dieser Nutzungsbedingungen unwirksam sein oder werden, so ber\u00fchrt dies die Wirksamkeit der \u00fcbrigen Bestimmungen nicht.<\/p>\n<p>&nbsp;<\/p>\n<p>Karlsfeld, den 30.5.2021<\/p>\n<p>&nbsp;<\/p>\n","protected":false},"excerpt":{"rendered":"<p>F\u00fcr den Zugang zum WLAN ist es erforderlich den Nutzungsbedingungen f\u00fcr das G\u00e4ste-WLAN zuzustimmen. Eine Kopie der Nutzungsbedingungen kann unter folgendem Link heruntergeladen werden. [contact-form-7 id=&#8220;10136&#8243; title=&#8220;Akzeptieren der Nutzungsbedingungen f\u00fcr [&hellip;]<\/p>\n","protected":false},"author":3,"featured_media":0,"parent":0,"menu_order":0,"comment_status":"closed","ping_status":"closed","template":"template-full.php","meta":{"site-sidebar-layout":"default","site-content-layout":"","ast-site-content-layout":"default","site-content-style":"default","site-sidebar-style":"default","ast-global-header-display":"","ast-banner-title-visibility":"","ast-main-header-display":"","ast-hfb-above-header-display":"","ast-hfb-below-header-display":"","ast-hfb-mobile-header-display":"","site-post-title":"","ast-breadcrumbs-content":"","ast-featured-img":"","footer-sml-layout":"","ast-disable-related-posts":"","theme-transparent-header-meta":"","adv-header-id-meta":"","stick-header-meta":"","header-above-stick-meta":"","header-main-stick-meta":"","header-below-stick-meta":"","astra-migrate-meta-layouts":"default","ast-page-background-enabled":"default","ast-page-background-meta":{"desktop":{"background-color":"var(--ast-global-color-5)","background-image":"","background-repeat":"repeat","background-position":"center center","background-size":"auto","background-attachment":"scroll","background-type":"","background-media":"","overlay-type":"","overlay-color":"","overlay-opacity":"","overlay-gradient":""},"tablet":{"background-color":"","background-image":"","background-repeat":"repeat","background-position":"center center","background-size":"auto","background-attachment":"scroll","background-type":"","background-media":"","overlay-type":"","overlay-color":"","overlay-opacity":"","overlay-gradient":""},"mobile":{"background-color":"","background-image":"","background-repeat":"repeat","background-position":"center center","background-size":"auto","background-attachment":"scroll","background-type":"","background-media":"","overlay-type":"","overlay-color":"","overlay-opacity":"","overlay-gradient":""}},"ast-content-background-meta":{"desktop":{"background-color":"var(--ast-global-color-4)","background-image":"","background-repeat":"repeat","background-position":"center center","background-size":"auto","background-attachment":"scroll","background-type":"","background-media":"","overlay-type":"","overlay-color":"","overlay-opacity":"","overlay-gradient":""},"tablet":{"background-color":"var(--ast-global-color-4)","background-image":"","background-repeat":"repeat","background-position":"center center","background-size":"auto","background-attachment":"scroll","background-type":"","background-media":"","overlay-type":"","overlay-color":"","overlay-opacity":"","overlay-gradient":""},"mobile":{"background-color":"var(--ast-global-color-4)","background-image":"","background-repeat":"repeat","background-position":"center center","background-size":"auto","background-attachment":"scroll","background-type":"","background-media":"","overlay-type":"","overlay-color":"","overlay-opacity":"","overlay-gradient":""}},"footnotes":""},"class_list":["post-10137","page","type-page","status-publish","hentry"],"_links":{"self":[{"href":"https:\/\/bgc-muenchen.de\/index.php?rest_route=\/wp\/v2\/pages\/10137","targetHints":{"allow":["GET"]}}],"collection":[{"href":"https:\/\/bgc-muenchen.de\/index.php?rest_route=\/wp\/v2\/pages"}],"about":[{"href":"https:\/\/bgc-muenchen.de\/index.php?rest_route=\/wp\/v2\/types\/page"}],"author":[{"embeddable":true,"href":"https:\/\/bgc-muenchen.de\/index.php?rest_route=\/wp\/v2\/users\/3"}],"replies":[{"embeddable":true,"href":"https:\/\/bgc-muenchen.de\/index.php?rest_route=%2Fwp%2Fv2%2Fcomments&post=10137"}],"version-history":[{"count":5,"href":"https:\/\/bgc-muenchen.de\/index.php?rest_route=\/wp\/v2\/pages\/10137\/revisions"}],"predecessor-version":[{"id":11033,"href":"https:\/\/bgc-muenchen.de\/index.php?rest_route=\/wp\/v2\/pages\/10137\/revisions\/11033"}],"wp:attachment":[{"href":"https:\/\/bgc-muenchen.de\/index.php?rest_route=%2Fwp%2Fv2%2Fmedia&parent=10137"}],"curies":[{"name":"wp","href":"https:\/\/api.w.org\/{rel}","templated":true}]}}